{"id":452,"date":"2021-05-09T10:27:19","date_gmt":"2021-05-09T10:27:19","guid":{"rendered":"http:\/\/localhost\/wp-themes\/laborex\/?page_id=452"},"modified":"2025-09-29T11:48:17","modified_gmt":"2025-09-29T09:48:17","slug":"future-member","status":"publish","type":"page","link":"https:\/\/isracrodt.sn\/index.php\/research\/gallery-2\/future-member\/","title":{"rendered":"P\u00eache"},"content":{"rendered":"\t\t<div data-elementor-type=\"wp-page\" data-elementor-id=\"452\" class=\"elementor elementor-452\">\n\t\t\t\t\t\t<section class=\"elementor-section elementor-top-section elementor-element elementor-element-4ae4af75 elementor-section-boxed elementor-section-height-default elementor-section-height-default\" data-id=\"4ae4af75\" data-element_type=\"section\" data-e-type=\"section\">\n\t\t\t\t\t\t<div class=\"elementor-container elementor-column-gap-no\">\n\t\t\t\t\t<div class=\"elementor-column elementor-col-100 elementor-top-column elementor-element elementor-element-5287b18a\" data-id=\"5287b18a\" data-element_type=\"column\" data-e-type=\"column\">\n\t\t\t<div class=\"elementor-widget-wrap\">\n\t\t\t\t\t\t\t<\/div>\n\t\t<\/div>\n\t\t\t\t\t<\/div>\n\t\t<\/section>\n\t\t\t\t<section class=\"elementor-section elementor-top-section elementor-element elementor-element-5dce9426 elementor-section-boxed elementor-section-height-default elementor-section-height-default\" data-id=\"5dce9426\" data-element_type=\"section\" data-e-type=\"section\">\n\t\t\t\t\t\t<div class=\"elementor-container elementor-column-gap-no\">\n\t\t\t\t\t<div class=\"elementor-column elementor-col-100 elementor-top-column elementor-element elementor-element-46432255\" data-id=\"46432255\" data-element_type=\"column\" data-e-type=\"column\">\n\t\t\t<div class=\"elementor-widget-wrap elementor-element-populated\">\n\t\t\t\t\t\t<div class=\"elementor-element elementor-element-2be3bfd3 elementor-widget elementor-widget-laborex_future_member_content1\" data-id=\"2be3bfd3\" data-element_type=\"widget\" data-e-type=\"widget\" data-widget_type=\"laborex_future_member_content1.default\">\n\t\t\t\t<div class=\"elementor-widget-container\">\n\t\t\t\t\t \r\n\t\t<div class=\"content-one\">\r\n\t\t\t<div class=\"text\">\r\n\t\t\t\t<h3><\/h3>\r\n\t\t\t\t<h5 style=\"text-align: justify;\"><img fetchpriority=\"high\" decoding=\"async\" class=\"size-medium wp-image-4412 alignleft\" src=\"https:\/\/isracrodt.sn\/wp-content\/uploads\/2025\/08\/65792122-46874164-300x184.jpg\" alt=\"\" width=\"300\" height=\"184\" srcset=\"https:\/\/isracrodt.sn\/wp-content\/uploads\/2025\/08\/65792122-46874164-300x184.jpg 300w, https:\/\/isracrodt.sn\/wp-content\/uploads\/2025\/08\/65792122-46874164-370x227.jpg 370w, https:\/\/isracrodt.sn\/wp-content\/uploads\/2025\/08\/65792122-46874164.jpg 614w\" sizes=\"(max-width: 300px) 100vw, 300px\" \/><span style=\"font-weight: 400; color: #000000;\">Dans ce domaine le CRODT offre divers services au profit d\u2019une exploitation rationnelle et d\u2019une pr\u00e9servation des ressources marines et c\u00f4ti\u00e8res. Ainsi, il est charg\u00e9 de :\u00a0<\/span><\/h5><ul style=\"text-align: justify;\"><li style=\"font-weight: 400;\" aria-level=\"1\"><h5><span style=\"color: #000000;\"><b>\u00c9valuer l\u2019\u00e9tat des stocks halieutiques :<\/b><span style=\"font-weight: 400;\"> estimation de l\u2019abondance, de la biomasse exploitable et de la dynamique des populations.<\/span><\/span><\/h5><\/li><li aria-level=\"1\">\u00a0<\/li><li style=\"font-weight: 400;\" aria-level=\"1\"><h5><span style=\"color: #000000;\"><b>Suivre les \u00e9cosyst\u00e8mes et la biodiversit\u00e9<\/b><span style=\"font-weight: 400;\"> : analyse des habitats, de la productivit\u00e9 marine, des interactions trophiques et de la r\u00e9silience des \u00e9cosyst\u00e8mes.<\/span><\/span><\/h5><\/li><li aria-level=\"1\">\u00a0<\/li><li style=\"font-weight: 400;\" aria-level=\"1\"><h5><span style=\"color: #000000;\"><b>Identifier les impacts des pressions anthropiques et climatiques <\/b><span style=\"font-weight: 400;\">: surp\u00eache, pollution, changement climatique, am\u00e9nagements c\u00f4tiers.<\/span><\/span><\/h5><\/li><li aria-level=\"1\">\u00a0<\/li><li style=\"font-weight: 400;\" aria-level=\"1\"><h5><span style=\"color: #000000;\"><b>D\u00e9velopper des outils d\u2019aide \u00e0 la d\u00e9cision<\/b><span style=\"font-weight: 400;\"> : mod\u00e8les bio\u00e9conomiques, syst\u00e8mes d\u2019information halieutique, indicateurs de durabilit\u00e9.<\/span><\/span><\/h5><ul><li>\u00a0 \u00a0<\/li><\/ul><\/li><li aria-level=\"1\">\u00a0<\/li><\/ul><h5 style=\"text-align: justify;\"><span style=\"font-weight: 400; color: #000000;\">\u00c0 travers ses r\u00e9sultats et expertises, la recherche halieutique fournit un appui technique et scientifique aux autorit\u00e9s, aux communaut\u00e9s et aux acteurs de la fili\u00e8re pour :<\/span><\/h5><h5 style=\"text-align: justify;\"><span style=\"font-weight: 400; color: #000000;\">- Orienter les politiques publiques et les plans d\u2019am\u00e9nagement (TAC, quotas, tailles minimales de capture, p\u00e9riodes et zones de repos biologique).<\/span><\/h5><h5 style=\"text-align: justify;\">\u00a0<\/h5><h5 style=\"text-align: justify;\"><span style=\"font-weight: 400; color: #000000;\">- Renforcer la gouvernance participative en impliquant les organisations professionnelles et les communaut\u00e9s de p\u00eacheurs.<\/span><\/h5><p style=\"text-align: justify;\"><img decoding=\"async\" class=\"size-medium wp-image-3949 aligncenter\" src=\"https:\/\/isracrodt.sn\/wp-content\/uploads\/2025\/06\/GP03QPM_Medium_res-300x200.jpg\" alt=\"\" width=\"300\" height=\"200\" srcset=\"https:\/\/isracrodt.sn\/wp-content\/uploads\/2025\/06\/GP03QPM_Medium_res-300x200.jpg 300w, https:\/\/isracrodt.sn\/wp-content\/uploads\/2025\/06\/GP03QPM_Medium_res-1024x681.jpg 1024w, https:\/\/isracrodt.sn\/wp-content\/uploads\/2025\/06\/GP03QPM_Medium_res-768x511.jpg 768w, https:\/\/isracrodt.sn\/wp-content\/uploads\/2025\/06\/GP03QPM_Medium_res.jpg 1200w\" sizes=\"(max-width: 300px) 100vw, 300px\" \/><span style=\"color: #000000;\">- Appuyer la mise en \u0153uvre d\u2019approches \u00e9cosyst\u00e9miques pour concilier exploitation \u00e9conomique, conservation de la biodiversit\u00e9 et s\u00e9curit\u00e9 alimentaire.<\/span><\/p><h5 style=\"text-align: justify;\"><span style=\"font-weight: 400; color: #000000;\">- Contribuer \u00e0 la formation et au renforcement des capacit\u00e9s des gestionnaires, d\u00e9cideurs et acteurs locaux.<\/span><\/h5><h5 style=\"text-align: justify;\"><span style=\"font-weight: 400;\"><span style=\"color: #000000;\">- Favoriser l\u2019int\u00e9gration r\u00e9gionale et internationale \u00e0 travers la coop\u00e9ration scientifique, le partage de donn\u00e9es et la participation aux initiatives mondiales pour des oc\u00e9ans durables<\/span>.<\/span><\/h5><ul><li style=\"text-align: justify;\" aria-level=\"1\">\u00a0<\/li><\/ul>\t\t\t<\/div>\r\n\t\t\t<figure class=\"image\">\r\n\t\t\t\t<div class=\"shape rotate-me\" style=\"background-image: url(https:\/\/isracrodt.sn\/wp-content\/uploads\/2021\/05\/shape-58.png);\"><\/div>\r\n\t\t\t\t<img decoding=\"async\" width=\"2224\" height=\"1920\" src=\"https:\/\/isracrodt.sn\/wp-content\/uploads\/2025\/06\/Itaf-DEME-1.png\" class=\"attachment-full size-full\" alt=\"\" srcset=\"https:\/\/isracrodt.sn\/wp-content\/uploads\/2025\/06\/Itaf-DEME-1.png 2224w, https:\/\/isracrodt.sn\/wp-content\/uploads\/2025\/06\/Itaf-DEME-1-300x259.png 300w, https:\/\/isracrodt.sn\/wp-content\/uploads\/2025\/06\/Itaf-DEME-1-1024x884.png 1024w, https:\/\/isracrodt.sn\/wp-content\/uploads\/2025\/06\/Itaf-DEME-1-768x663.png 768w, https:\/\/isracrodt.sn\/wp-content\/uploads\/2025\/06\/Itaf-DEME-1-1536x1326.png 1536w, https:\/\/isracrodt.sn\/wp-content\/uploads\/2025\/06\/Itaf-DEME-1-2048x1768.png 2048w\" sizes=\"(max-width: 2224px) 100vw, 2224px\" \/>\t\t\t<\/figure>\r\n\t\t<\/div> \r\n\t\t\t\t\t\t<\/div>\n\t\t\t\t<\/div>\n\t\t\t\t\t<\/div>\n\t\t<\/div>\n\t\t\t\t\t<\/div>\n\t\t<\/section>\n\t\t\t\t<\/div>\n\t\t","protected":false},"excerpt":{"rendered":"<p>Dans ce domaine le CRODT offre divers services au profit d\u2019une exploitation rationnelle et d\u2019une pr\u00e9servation des ressources marines et c\u00f4ti\u00e8res. Ainsi, il est charg\u00e9 de :\u00a0 \u00c9valuer l\u2019\u00e9tat des [&hellip;]<\/p>\n","protected":false},"author":1,"featured_media":13,"parent":442,"menu_order":0,"comment_status":"closed","ping_status":"closed","template":"","meta":{"om_disable_all_campaigns":false,"_monsterinsights_skip_tracking":false,"_monsterinsights_sitenote_active":false,"_monsterinsights_sitenote_note":"","_monsterinsights_sitenote_category":0,"footnotes":""},"class_list":["post-452","page","type-page","status-publish","has-post-thumbnail","hentry"],"aioseo_notices":[],"_links":{"self":[{"href":"https:\/\/isracrodt.sn\/index.php\/wp-json\/wp\/v2\/pages\/452","targetHints":{"allow":["GET"]}}],"collection":[{"href":"https:\/\/isracrodt.sn\/index.php\/wp-json\/wp\/v2\/pages"}],"about":[{"href":"https:\/\/isracrodt.sn\/index.php\/wp-json\/wp\/v2\/types\/page"}],"author":[{"embeddable":true,"href":"https:\/\/isracrodt.sn\/index.php\/wp-json\/wp\/v2\/users\/1"}],"replies":[{"embeddable":true,"href":"https:\/\/isracrodt.sn\/index.php\/wp-json\/wp\/v2\/comments?post=452"}],"version-history":[{"count":19,"href":"https:\/\/isracrodt.sn\/index.php\/wp-json\/wp\/v2\/pages\/452\/revisions"}],"predecessor-version":[{"id":4571,"href":"https:\/\/isracrodt.sn\/index.php\/wp-json\/wp\/v2\/pages\/452\/revisions\/4571"}],"up":[{"embeddable":true,"href":"https:\/\/isracrodt.sn\/index.php\/wp-json\/wp\/v2\/pages\/442"}],"wp:featuredmedia":[{"embeddable":true,"href":"https:\/\/isracrodt.sn\/index.php\/wp-json\/wp\/v2\/media\/13"}],"wp:attachment":[{"href":"https:\/\/isracrodt.sn\/index.php\/wp-json\/wp\/v2\/media?parent=452"}],"curies":[{"name":"wp","href":"https:\/\/api.w.org\/{rel}","templated":true}]}}