{"id":444,"date":"2021-05-09T10:22:08","date_gmt":"2021-05-09T10:22:08","guid":{"rendered":"http:\/\/localhost\/wp-themes\/laborex\/?page_id=444"},"modified":"2025-05-26T10:37:17","modified_gmt":"2025-05-26T08:37:17","slug":"evenements","status":"publish","type":"page","link":"https:\/\/isracrodt.sn\/index.php\/evenements\/","title":{"rendered":"Les \u00e9v\u00e9nements du CRODT"},"content":{"rendered":"\t\t<div data-elementor-type=\"wp-page\" data-elementor-id=\"444\" class=\"elementor elementor-444\">\n\t\t\t\t\t\t<section class=\"elementor-section elementor-top-section elementor-element elementor-element-47c038ef elementor-section-full_width elementor-section-height-default elementor-section-height-default\" data-id=\"47c038ef\" data-element_type=\"section\" data-e-type=\"section\">\n\t\t\t\t\t\t<div class=\"elementor-container elementor-column-gap-no\">\n\t\t\t\t\t<div class=\"elementor-column elementor-col-100 elementor-top-column elementor-element elementor-element-f3fb1c4\" data-id=\"f3fb1c4\" data-element_type=\"column\" data-e-type=\"column\">\n\t\t\t<div class=\"elementor-widget-wrap elementor-element-populated\">\n\t\t\t\t\t\t<div class=\"elementor-element elementor-element-7312c4e5 elementor-widget elementor-widget-laborex_events\" data-id=\"7312c4e5\" data-element_type=\"widget\" data-e-type=\"widget\" data-widget_type=\"laborex_events.default\">\n\t\t\t\t<div class=\"elementor-widget-container\">\n\t\t\t\t\t\r\n\t\t\t\t\t<!-- events-style-two -->\r\n\t\t\t<section class=\"events-style-two events-page\">\r\n\t\t\t\t<div class=\"pattern-layer\" style=\"background-image: url(https:\/\/isracrodt.sn\/wp-content\/uploads\/2021\/05\/shape-67.png);\"><\/div>\r\n\t\t\t\t<div class=\"auto-container\">\r\n\t\t\t\t\t<div class=\"sec-title centred\">\r\n\t\t\t\t\t\t<h6>OUR EVENTS<\/h6>\r\n\t\t\t\t\t\t<h2>Le CRODT participera aux \u00e9v\u00e9nements<\/h2>\r\n\t\t\t\t\t<\/div>\r\n\t\t\t\t\t<div class=\"row clearfix\">\r\n\r\n\t\t\t\t\t\t<!--Event Block-->\r\n\t\t\t\t\t\t\t\t\t\t\t\t\t\t<div class=\"col-lg-4 col-md-6 col-sm-12 event-block\">\r\n\t\t\t\t\t\t\t\t\t<div class=\"event-block-one\">\r\n\t\t\t\t\t\t\t\t\t\t<div class=\"inner-box\">\r\n\t\t\t\t\t\t\t\t\t\t\t\t\t\t\t\t\t\t\t\t\t\t\t<figure class=\"image-box\">\r\n\t\t\t\t\t\t\t\t\t\t\t\t\t<img fetchpriority=\"high\" decoding=\"async\" width=\"2048\" height=\"1365\" src=\"https:\/\/isracrodt.sn\/wp-content\/uploads\/2021\/05\/fiara-2025.jpg\" class=\"attachment-post-thumbnail size-post-thumbnail wp-post-image\" alt=\"\" srcset=\"https:\/\/isracrodt.sn\/wp-content\/uploads\/2021\/05\/fiara-2025.jpg 2048w, https:\/\/isracrodt.sn\/wp-content\/uploads\/2021\/05\/fiara-2025-300x200.jpg 300w, https:\/\/isracrodt.sn\/wp-content\/uploads\/2021\/05\/fiara-2025-1024x683.jpg 1024w, https:\/\/isracrodt.sn\/wp-content\/uploads\/2021\/05\/fiara-2025-768x512.jpg 768w, https:\/\/isracrodt.sn\/wp-content\/uploads\/2021\/05\/fiara-2025-1536x1024.jpg 1536w\" sizes=\"(max-width: 2048px) 100vw, 2048px\" \/>\t\t\t\t\t\t\t\t\t\t\t\t\t<a href=\"https:\/\/isracrodt.sn\/index.php\/event\/decade-of-action-on-nutrition-and-global-initiatives-2-5\/\"><i class=\"fas fa-link\"><\/i><\/a>\r\n\t\t\t\t\t\t\t\t\t\t\t\t<\/figure>\r\n\t\t\t\t\t\t\t\t\t\t\t\t\t\t\t\t\t\t\t\t\t\t<div class=\"lower-content\">\r\n\t\t\t\t\t\t\t\t\t\t\t\t<div class=\"post-date\">\r\n\t\t\t\t\t\t\t\t\t\t\t\t\t<h3>30<span>juin<\/span><\/h3>\r\n\t\t\t\t\t\t\t\t\t\t\t\t<\/div>\r\n\t\t\t\t\t\t\t\t\t\t\t\t<h4><a href=\"https:\/\/isracrodt.sn\/index.php\/event\/decade-of-action-on-nutrition-and-global-initiatives-2-5\/\">\ud835\udc05\ud835\udc08\ud835\udc00\ud835\udc11\ud835\udc00\ud835\udfd0\ud835\udfce\ud835\udfd0\ud835\udfd3 | \ud835\udc00\ud835\udc2a\ud835\udc2e\ud835\udc1a\ud835\udc29\ud835\udc28\ud835\udc27\ud835\udc22\ud835\udc1e : \ud835\udc2a\ud835\udc2e\ud835\udc1a\ud835\udc27\ud835\udc1d \ud835\udc25\ud835\udc1a \ud835\udc29\ud835\udc22\ud835\udc2c\ud835\udc1c\ud835\udc22\ud835\udc1c\ud835\udc2e\ud835\udc25\ud835\udc2d\ud835\udc2e\ud835\udc2b\ud835\udc1e \ud835\udc1e\ud835\udc2d \ud835\udc25\u2019\ud835\udc1a\ud835\udc20\ud835\udc2b\ud835\udc22\ud835\udc1c\ud835\udc2e\ud835\udc25\ud835\udc2d\ud835\udc2e\ud835\udc2b\ud835\udc1e \ud835\udc27\ud835\udc1e \ud835\udc1f\ud835\udc28\ud835\udc27\ud835\udc2d \ud835\udc29\ud835\udc25\ud835\udc2e\ud835\udc2c \ud835\udc2a\ud835\udc2e\u2019\ud835\udc2e\ud835\udc27 !<\/a><\/h4>\r\n\t\t\t\t\t\t\t\t\t\t\t\t<ul class=\"info clearfix\">\r\n\t\t\t\t\t\t\t\t\t\t\t\t\t<li><i class=\"icon-21\"><\/i><\/li>\r\n\t\t\t\t\t\t\t\t\t\t\t\t\t<li><i class=\"icon-22\"><\/i>08:00am - 05:00pm<\/li>\r\n\t\t\t\t\t\t\t\t\t\t\t\t<\/ul>\r\n\t\t\t\t\t\t\t\t\t\t\t\t<p>Quasi architebeat vitae dicta sunt explic nemo enim ipsam voluptam.<\/p>\n\t\t\t\t\t\t\t\t\t\t\t\t\t\t\t\t\t\t\t\t\t\t\t\t\t<ul class=\"thumb-list clearfix\">\r\n\t\t\t\t\t\t\t\t\t\t\t\t\t\t\t\t\t\t\t\t\t\t\t\t\t\t\t\t\t<li>\r\n\t\t\t\t\t\t\t\t\t\t\t\t\t\t\t\t<figure class=\"image\"><img decoding=\"async\" src=\"https:\/\/isracrodt.sn\/wp-content\/uploads\/2021\/05\/fiara-2025-150x150.jpg\" alt=\"\" loading=\"lazy\"><\/figure>\r\n\t\t\t\t\t\t\t\t\t\t\t\t\t\t\t<\/li>\r\n\t\t\t\t\t\t\t\t\t\t\t\t\t\t\t\t\t\t\t\t\t\t\t\t\t\t\t\t\t<li>\r\n\t\t\t\t\t\t\t\t\t\t\t\t\t\t\t\t<figure class=\"image\"><img decoding=\"async\" src=\"https:\/\/isracrodt.sn\/wp-content\/uploads\/2021\/05\/fiara-2025-1-150x150.jpg\" alt=\"\" loading=\"lazy\"><\/figure>\r\n\t\t\t\t\t\t\t\t\t\t\t\t\t\t\t<\/li>\r\n\t\t\t\t\t\t\t\t\t\t\t\t\t\t\t\t\t\t\t\t\t\t\t\t\t\t\t\t\t<li>\r\n\t\t\t\t\t\t\t\t\t\t\t\t\t\t\t\t<figure class=\"image\"><img decoding=\"async\" src=\"https:\/\/isracrodt.sn\/wp-content\/uploads\/2021\/05\/fiara-bis-150x150.jpg\" alt=\"\" loading=\"lazy\"><\/figure>\r\n\t\t\t\t\t\t\t\t\t\t\t\t\t\t\t<\/li>\r\n\t\t\t\t\t\t\t\t\t\t\t\t\t\t\t\t\t\t\t\t\t\t\t\t\t\t\t<\/ul>\r\n\t\t\t\t\t\t\t\t\t\t\t\t\t\t\t\t\t\t\t\t\t\t\t<\/div>\r\n\t\t\t\t\t\t\t\t\t\t<\/div>\r\n\t\t\t\t\t\t\t\t\t<\/div>\r\n\t\t\t\t\t\t\t\t<\/div>\r\n\t\t\t\t\t\t\t\t\t\t\t\t\t\t<div class=\"col-lg-4 col-md-6 col-sm-12 event-block\">\r\n\t\t\t\t\t\t\t\t\t<div class=\"event-block-one\">\r\n\t\t\t\t\t\t\t\t\t\t<div class=\"inner-box\">\r\n\t\t\t\t\t\t\t\t\t\t\t\t\t\t\t\t\t\t\t\t\t\t\t<figure class=\"image-box\">\r\n\t\t\t\t\t\t\t\t\t\t\t\t\t<img decoding=\"async\" width=\"1080\" height=\"714\" src=\"https:\/\/isracrodt.sn\/wp-content\/uploads\/2021\/05\/crodt-OICP.jpg\" class=\"attachment-post-thumbnail size-post-thumbnail wp-post-image\" alt=\"\" srcset=\"https:\/\/isracrodt.sn\/wp-content\/uploads\/2021\/05\/crodt-OICP.jpg 1080w, https:\/\/isracrodt.sn\/wp-content\/uploads\/2021\/05\/crodt-OICP-300x198.jpg 300w, https:\/\/isracrodt.sn\/wp-content\/uploads\/2021\/05\/crodt-OICP-1024x677.jpg 1024w, https:\/\/isracrodt.sn\/wp-content\/uploads\/2021\/05\/crodt-OICP-768x508.jpg 768w\" sizes=\"(max-width: 1080px) 100vw, 1080px\" \/>\t\t\t\t\t\t\t\t\t\t\t\t\t<a href=\"https:\/\/isracrodt.sn\/index.php\/event\/decade-of-action-on-nutrition-and-global-initiatives-2-4\/\"><i class=\"fas fa-link\"><\/i><\/a>\r\n\t\t\t\t\t\t\t\t\t\t\t\t<\/figure>\r\n\t\t\t\t\t\t\t\t\t\t\t\t\t\t\t\t\t\t\t\t\t\t<div class=\"lower-content\">\r\n\t\t\t\t\t\t\t\t\t\t\t\t<div class=\"post-date\">\r\n\t\t\t\t\t\t\t\t\t\t\t\t\t<h3>05<span>mai<\/span><\/h3>\r\n\t\t\t\t\t\t\t\t\t\t\t\t<\/div>\r\n\t\t\t\t\t\t\t\t\t\t\t\t<h4><a href=\"https:\/\/isracrodt.sn\/index.php\/event\/decade-of-action-on-nutrition-and-global-initiatives-2-4\/\">Conf\u00e9rence sur l\u2019\u00e9conomie bleue coupl\u00e9e \u00e0 la 8\u00e8me Session d\u2019IOC-AFRICA<\/a><\/h4>\r\n\t\t\t\t\t\t\t\t\t\t\t\t<ul class=\"info clearfix\">\r\n\t\t\t\t\t\t\t\t\t\t\t\t\t<li><i class=\"icon-21\"><\/i><\/li>\r\n\t\t\t\t\t\t\t\t\t\t\t\t\t<li><i class=\"icon-22\"><\/i>08:00am - 05:00pm<\/li>\r\n\t\t\t\t\t\t\t\t\t\t\t\t<\/ul>\r\n\t\t\t\t\t\t\t\t\t\t\t\t<p>Quasi architebeat vitae dicta sunt explic nemo enim ipsam voluptam.<\/p>\n\t\t\t\t\t\t\t\t\t\t\t\t\t\t\t\t\t\t\t\t\t\t\t\t\t<ul class=\"thumb-list clearfix\">\r\n\t\t\t\t\t\t\t\t\t\t\t\t\t\t\t\t\t\t\t\t\t\t\t\t\t\t\t\t\t<li>\r\n\t\t\t\t\t\t\t\t\t\t\t\t\t\t\t\t<figure class=\"image\"><img decoding=\"async\" src=\"https:\/\/isracrodt.sn\/wp-content\/uploads\/2021\/05\/crodt-OICP-150x150.jpg\" alt=\"\" loading=\"lazy\"><\/figure>\r\n\t\t\t\t\t\t\t\t\t\t\t\t\t\t\t<\/li>\r\n\t\t\t\t\t\t\t\t\t\t\t\t\t\t\t\t\t\t\t\t\t\t\t\t\t\t\t<\/ul>\r\n\t\t\t\t\t\t\t\t\t\t\t\t\t\t\t\t\t\t\t\t\t\t\t<\/div>\r\n\t\t\t\t\t\t\t\t\t\t<\/div>\r\n\t\t\t\t\t\t\t\t\t<\/div>\r\n\t\t\t\t\t\t\t\t<\/div>\r\n\t\t\t\t\t\t\t\t\t\t\t\t\t\t<div class=\"col-lg-4 col-md-6 col-sm-12 event-block\">\r\n\t\t\t\t\t\t\t\t\t<div class=\"event-block-one\">\r\n\t\t\t\t\t\t\t\t\t\t<div class=\"inner-box\">\r\n\t\t\t\t\t\t\t\t\t\t\t\t\t\t\t\t\t\t\t\t\t\t\t<figure class=\"image-box\">\r\n\t\t\t\t\t\t\t\t\t\t\t\t\t<img decoding=\"async\" width=\"770\" height=\"470\" src=\"https:\/\/isracrodt.sn\/wp-content\/uploads\/2021\/05\/news-21.jpg\" class=\"attachment-post-thumbnail size-post-thumbnail wp-post-image\" alt=\"\" srcset=\"https:\/\/isracrodt.sn\/wp-content\/uploads\/2021\/05\/news-21.jpg 770w, https:\/\/isracrodt.sn\/wp-content\/uploads\/2021\/05\/news-21-300x183.jpg 300w, https:\/\/isracrodt.sn\/wp-content\/uploads\/2021\/05\/news-21-768x469.jpg 768w, https:\/\/isracrodt.sn\/wp-content\/uploads\/2021\/05\/news-21-370x227.jpg 370w\" sizes=\"(max-width: 770px) 100vw, 770px\" \/>\t\t\t\t\t\t\t\t\t\t\t\t\t<a href=\"https:\/\/isracrodt.sn\/index.php\/event\/standards-and-scientific-advice-on-food-and-nutrition-2-5\/\"><i class=\"fas fa-link\"><\/i><\/a>\r\n\t\t\t\t\t\t\t\t\t\t\t\t<\/figure>\r\n\t\t\t\t\t\t\t\t\t\t\t\t\t\t\t\t\t\t\t\t\t\t<div class=\"lower-content\">\r\n\t\t\t\t\t\t\t\t\t\t\t\t<div class=\"post-date\">\r\n\t\t\t\t\t\t\t\t\t\t\t\t\t<h3>27<span>mai<\/span><\/h3>\r\n\t\t\t\t\t\t\t\t\t\t\t\t<\/div>\r\n\t\t\t\t\t\t\t\t\t\t\t\t<h4><a href=\"https:\/\/isracrodt.sn\/index.php\/event\/standards-and-scientific-advice-on-food-and-nutrition-2-5\/\">Standards and Scientific Advice on Food and Nutrition<\/a><\/h4>\r\n\t\t\t\t\t\t\t\t\t\t\t\t<ul class=\"info clearfix\">\r\n\t\t\t\t\t\t\t\t\t\t\t\t\t<li><i class=\"icon-21\"><\/i><\/li>\r\n\t\t\t\t\t\t\t\t\t\t\t\t\t<li><i class=\"icon-22\"><\/i>08:00am - 05:00pm<\/li>\r\n\t\t\t\t\t\t\t\t\t\t\t\t<\/ul>\r\n\t\t\t\t\t\t\t\t\t\t\t\t<p>Quasi architebeat vitae dicta sunt explic nemo enim ipsam voluptam.<\/p>\n\t\t\t\t\t\t\t\t\t\t\t\t\t\t\t\t\t\t\t\t\t\t\t<\/div>\r\n\t\t\t\t\t\t\t\t\t\t<\/div>\r\n\t\t\t\t\t\t\t\t\t<\/div>\r\n\t\t\t\t\t\t\t\t<\/div>\r\n\t\t\t\t\t\t\t\t\t\t\t\t\t\t<div class=\"col-lg-4 col-md-6 col-sm-12 event-block\">\r\n\t\t\t\t\t\t\t\t\t<div class=\"event-block-one\">\r\n\t\t\t\t\t\t\t\t\t\t<div class=\"inner-box\">\r\n\t\t\t\t\t\t\t\t\t\t\t\t\t\t\t\t\t\t\t\t\t\t\t<figure class=\"image-box\">\r\n\t\t\t\t\t\t\t\t\t\t\t\t\t<img decoding=\"async\" width=\"770\" height=\"470\" src=\"https:\/\/isracrodt.sn\/wp-content\/uploads\/2021\/05\/news-21.jpg\" class=\"attachment-post-thumbnail size-post-thumbnail wp-post-image\" alt=\"\" srcset=\"https:\/\/isracrodt.sn\/wp-content\/uploads\/2021\/05\/news-21.jpg 770w, https:\/\/isracrodt.sn\/wp-content\/uploads\/2021\/05\/news-21-300x183.jpg 300w, https:\/\/isracrodt.sn\/wp-content\/uploads\/2021\/05\/news-21-768x469.jpg 768w, https:\/\/isracrodt.sn\/wp-content\/uploads\/2021\/05\/news-21-370x227.jpg 370w\" sizes=\"(max-width: 770px) 100vw, 770px\" \/>\t\t\t\t\t\t\t\t\t\t\t\t\t<a href=\"https:\/\/isracrodt.sn\/index.php\/event\/standards-and-scientific-advice-on-food-and-nutrition-2-4\/\"><i class=\"fas fa-link\"><\/i><\/a>\r\n\t\t\t\t\t\t\t\t\t\t\t\t<\/figure>\r\n\t\t\t\t\t\t\t\t\t\t\t\t\t\t\t\t\t\t\t\t\t\t<div class=\"lower-content\">\r\n\t\t\t\t\t\t\t\t\t\t\t\t<div class=\"post-date\">\r\n\t\t\t\t\t\t\t\t\t\t\t\t\t<h3>27<span>mai<\/span><\/h3>\r\n\t\t\t\t\t\t\t\t\t\t\t\t<\/div>\r\n\t\t\t\t\t\t\t\t\t\t\t\t<h4><a href=\"https:\/\/isracrodt.sn\/index.php\/event\/standards-and-scientific-advice-on-food-and-nutrition-2-4\/\">Standards and Scientific Advice on Food and Nutrition<\/a><\/h4>\r\n\t\t\t\t\t\t\t\t\t\t\t\t<ul class=\"info clearfix\">\r\n\t\t\t\t\t\t\t\t\t\t\t\t\t<li><i class=\"icon-21\"><\/i><\/li>\r\n\t\t\t\t\t\t\t\t\t\t\t\t\t<li><i class=\"icon-22\"><\/i>08:00am - 05:00pm<\/li>\r\n\t\t\t\t\t\t\t\t\t\t\t\t<\/ul>\r\n\t\t\t\t\t\t\t\t\t\t\t\t<p>Quasi architebeat vitae dicta sunt explic nemo enim ipsam voluptam.<\/p>\n\t\t\t\t\t\t\t\t\t\t\t\t\t\t\t\t\t\t\t\t\t\t\t<\/div>\r\n\t\t\t\t\t\t\t\t\t\t<\/div>\r\n\t\t\t\t\t\t\t\t\t<\/div>\r\n\t\t\t\t\t\t\t\t<\/div>\r\n\t\t\t\t\t\t\t\t\t\t\t\t\t\t<div class=\"col-lg-4 col-md-6 col-sm-12 event-block\">\r\n\t\t\t\t\t\t\t\t\t<div class=\"event-block-one\">\r\n\t\t\t\t\t\t\t\t\t\t<div class=\"inner-box\">\r\n\t\t\t\t\t\t\t\t\t\t\t\t\t\t\t\t\t\t\t\t\t\t\t<figure class=\"image-box\">\r\n\t\t\t\t\t\t\t\t\t\t\t\t\t<img decoding=\"async\" width=\"770\" height=\"470\" src=\"https:\/\/isracrodt.sn\/wp-content\/uploads\/2021\/05\/news-21.jpg\" class=\"attachment-post-thumbnail size-post-thumbnail wp-post-image\" alt=\"\" srcset=\"https:\/\/isracrodt.sn\/wp-content\/uploads\/2021\/05\/news-21.jpg 770w, https:\/\/isracrodt.sn\/wp-content\/uploads\/2021\/05\/news-21-300x183.jpg 300w, https:\/\/isracrodt.sn\/wp-content\/uploads\/2021\/05\/news-21-768x469.jpg 768w, https:\/\/isracrodt.sn\/wp-content\/uploads\/2021\/05\/news-21-370x227.jpg 370w\" sizes=\"(max-width: 770px) 100vw, 770px\" \/>\t\t\t\t\t\t\t\t\t\t\t\t\t<a href=\"https:\/\/isracrodt.sn\/index.php\/event\/standards-and-scientific-advice-on-food-and-nutrition-2-3\/\"><i class=\"fas fa-link\"><\/i><\/a>\r\n\t\t\t\t\t\t\t\t\t\t\t\t<\/figure>\r\n\t\t\t\t\t\t\t\t\t\t\t\t\t\t\t\t\t\t\t\t\t\t<div class=\"lower-content\">\r\n\t\t\t\t\t\t\t\t\t\t\t\t<div class=\"post-date\">\r\n\t\t\t\t\t\t\t\t\t\t\t\t\t<h3>27<span>mai<\/span><\/h3>\r\n\t\t\t\t\t\t\t\t\t\t\t\t<\/div>\r\n\t\t\t\t\t\t\t\t\t\t\t\t<h4><a href=\"https:\/\/isracrodt.sn\/index.php\/event\/standards-and-scientific-advice-on-food-and-nutrition-2-3\/\">Standards and Scientific Advice on Food and Nutrition<\/a><\/h4>\r\n\t\t\t\t\t\t\t\t\t\t\t\t<ul class=\"info clearfix\">\r\n\t\t\t\t\t\t\t\t\t\t\t\t\t<li><i class=\"icon-21\"><\/i><\/li>\r\n\t\t\t\t\t\t\t\t\t\t\t\t\t<li><i class=\"icon-22\"><\/i>08:00am - 05:00pm<\/li>\r\n\t\t\t\t\t\t\t\t\t\t\t\t<\/ul>\r\n\t\t\t\t\t\t\t\t\t\t\t\t<p>Quasi architebeat vitae dicta sunt explic nemo enim ipsam voluptam.<\/p>\n\t\t\t\t\t\t\t\t\t\t\t\t\t\t\t\t\t\t\t\t\t\t\t\t\t<ul class=\"thumb-list clearfix\">\r\n\t\t\t\t\t\t\t\t\t\t\t\t\t\t\t\t\t\t\t\t\t\t\t\t\t\t\t\t\t<li>\r\n\t\t\t\t\t\t\t\t\t\t\t\t\t\t\t\t<figure class=\"image\"><img decoding=\"async\" src=\"https:\/\/isracrodt.sn\/wp-content\/uploads\/2021\/05\/thumb-1.png\" alt=\"\" loading=\"lazy\"><\/figure>\r\n\t\t\t\t\t\t\t\t\t\t\t\t\t\t\t<\/li>\r\n\t\t\t\t\t\t\t\t\t\t\t\t\t\t\t\t\t\t\t\t\t\t\t\t\t\t\t\t\t<li>\r\n\t\t\t\t\t\t\t\t\t\t\t\t\t\t\t\t<figure class=\"image\"><img decoding=\"async\" src=\"https:\/\/isracrodt.sn\/wp-content\/uploads\/2021\/05\/thumb-2.png\" alt=\"\" loading=\"lazy\"><\/figure>\r\n\t\t\t\t\t\t\t\t\t\t\t\t\t\t\t<\/li>\r\n\t\t\t\t\t\t\t\t\t\t\t\t\t\t\t\t\t\t\t\t\t\t\t\t\t\t\t\t\t<li>\r\n\t\t\t\t\t\t\t\t\t\t\t\t\t\t\t\t<figure class=\"image\"><img decoding=\"async\" src=\"https:\/\/isracrodt.sn\/wp-content\/uploads\/2021\/05\/thumb-3.png\" alt=\"\" loading=\"lazy\"><\/figure>\r\n\t\t\t\t\t\t\t\t\t\t\t\t\t\t\t<\/li>\r\n\t\t\t\t\t\t\t\t\t\t\t\t\t\t\t\t\t\t\t\t\t\t\t\t\t\t\t<\/ul>\r\n\t\t\t\t\t\t\t\t\t\t\t\t\t\t\t\t\t\t\t\t\t\t\t<\/div>\r\n\t\t\t\t\t\t\t\t\t\t<\/div>\r\n\t\t\t\t\t\t\t\t\t<\/div>\r\n\t\t\t\t\t\t\t\t<\/div>\r\n\t\t\t\t\t\t\t\t\t\t\t\t\t\t<div class=\"col-lg-4 col-md-6 col-sm-12 event-block\">\r\n\t\t\t\t\t\t\t\t\t<div class=\"event-block-one\">\r\n\t\t\t\t\t\t\t\t\t\t<div class=\"inner-box\">\r\n\t\t\t\t\t\t\t\t\t\t\t\t\t\t\t\t\t\t\t\t\t\t\t<figure class=\"image-box\">\r\n\t\t\t\t\t\t\t\t\t\t\t\t\t<img decoding=\"async\" width=\"770\" height=\"470\" src=\"https:\/\/isracrodt.sn\/wp-content\/uploads\/2021\/05\/news-21.jpg\" class=\"attachment-post-thumbnail size-post-thumbnail wp-post-image\" alt=\"\" srcset=\"https:\/\/isracrodt.sn\/wp-content\/uploads\/2021\/05\/news-21.jpg 770w, https:\/\/isracrodt.sn\/wp-content\/uploads\/2021\/05\/news-21-300x183.jpg 300w, https:\/\/isracrodt.sn\/wp-content\/uploads\/2021\/05\/news-21-768x469.jpg 768w, https:\/\/isracrodt.sn\/wp-content\/uploads\/2021\/05\/news-21-370x227.jpg 370w\" sizes=\"(max-width: 770px) 100vw, 770px\" \/>\t\t\t\t\t\t\t\t\t\t\t\t\t<a href=\"https:\/\/isracrodt.sn\/index.php\/event\/standards-and-scientific-advice-on-food-and-nutrition-2-2\/\"><i class=\"fas fa-link\"><\/i><\/a>\r\n\t\t\t\t\t\t\t\t\t\t\t\t<\/figure>\r\n\t\t\t\t\t\t\t\t\t\t\t\t\t\t\t\t\t\t\t\t\t\t<div class=\"lower-content\">\r\n\t\t\t\t\t\t\t\t\t\t\t\t<div class=\"post-date\">\r\n\t\t\t\t\t\t\t\t\t\t\t\t\t<h3>27<span>mai<\/span><\/h3>\r\n\t\t\t\t\t\t\t\t\t\t\t\t<\/div>\r\n\t\t\t\t\t\t\t\t\t\t\t\t<h4><a href=\"https:\/\/isracrodt.sn\/index.php\/event\/standards-and-scientific-advice-on-food-and-nutrition-2-2\/\">Standards and Scientific Advice on Food and Nutrition<\/a><\/h4>\r\n\t\t\t\t\t\t\t\t\t\t\t\t<ul class=\"info clearfix\">\r\n\t\t\t\t\t\t\t\t\t\t\t\t\t<li><i class=\"icon-21\"><\/i><\/li>\r\n\t\t\t\t\t\t\t\t\t\t\t\t\t<li><i class=\"icon-22\"><\/i>08:00am - 05:00pm<\/li>\r\n\t\t\t\t\t\t\t\t\t\t\t\t<\/ul>\r\n\t\t\t\t\t\t\t\t\t\t\t\t<p>Quasi architebeat vitae dicta sunt explic nemo enim ipsam voluptam.<\/p>\n\t\t\t\t\t\t\t\t\t\t\t\t\t\t\t\t\t\t\t\t\t\t\t\t\t<ul class=\"thumb-list clearfix\">\r\n\t\t\t\t\t\t\t\t\t\t\t\t\t\t\t\t\t\t\t\t\t\t\t\t\t\t\t\t\t<li>\r\n\t\t\t\t\t\t\t\t\t\t\t\t\t\t\t\t<figure class=\"image\"><img decoding=\"async\" src=\"https:\/\/isracrodt.sn\/wp-content\/uploads\/2021\/05\/thumb-1.png\" alt=\"\" loading=\"lazy\"><\/figure>\r\n\t\t\t\t\t\t\t\t\t\t\t\t\t\t\t<\/li>\r\n\t\t\t\t\t\t\t\t\t\t\t\t\t\t\t\t\t\t\t\t\t\t\t\t\t\t\t\t\t<li>\r\n\t\t\t\t\t\t\t\t\t\t\t\t\t\t\t\t<figure class=\"image\"><img decoding=\"async\" src=\"https:\/\/isracrodt.sn\/wp-content\/uploads\/2021\/05\/thumb-2.png\" alt=\"\" loading=\"lazy\"><\/figure>\r\n\t\t\t\t\t\t\t\t\t\t\t\t\t\t\t<\/li>\r\n\t\t\t\t\t\t\t\t\t\t\t\t\t\t\t\t\t\t\t\t\t\t\t\t\t\t\t\t\t<li>\r\n\t\t\t\t\t\t\t\t\t\t\t\t\t\t\t\t<figure class=\"image\"><img decoding=\"async\" src=\"https:\/\/isracrodt.sn\/wp-content\/uploads\/2021\/05\/thumb-3.png\" alt=\"\" loading=\"lazy\"><\/figure>\r\n\t\t\t\t\t\t\t\t\t\t\t\t\t\t\t<\/li>\r\n\t\t\t\t\t\t\t\t\t\t\t\t\t\t\t\t\t\t\t\t\t\t\t\t\t\t\t<\/ul>\r\n\t\t\t\t\t\t\t\t\t\t\t\t\t\t\t\t\t\t\t\t\t\t\t<\/div>\r\n\t\t\t\t\t\t\t\t\t\t<\/div>\r\n\t\t\t\t\t\t\t\t\t<\/div>\r\n\t\t\t\t\t\t\t\t<\/div>\r\n\t\t\t\t\t\t\t\t\t\t\t<\/div>\r\n\t\t\t\t<\/div>\r\n\t\t\t<\/section>\r\n\t\t\t<!-- events-style-two end -->\r\n\t\t\t\t\t\t<\/div>\n\t\t\t\t<\/div>\n\t\t\t\t\t<\/div>\n\t\t<\/div>\n\t\t\t\t\t<\/div>\n\t\t<\/section>\n\t\t\t\t<section class=\"elementor-section elementor-top-section elementor-element elementor-element-dc7bbef elementor-section-full_width elementor-section-height-default elementor-section-height-default\" data-id=\"dc7bbef\" data-element_type=\"section\" data-e-type=\"section\">\n\t\t\t\t\t\t<div class=\"elementor-container elementor-column-gap-no\">\n\t\t\t\t\t<div class=\"elementor-column elementor-col-100 elementor-top-column elementor-element elementor-element-8dd710b\" data-id=\"8dd710b\" data-element_type=\"column\" data-e-type=\"column\">\n\t\t\t<div class=\"elementor-widget-wrap elementor-element-populated\">\n\t\t\t\t\t\t<div class=\"elementor-element elementor-element-f9d0095 elementor-widget elementor-widget-laborex_cta\" data-id=\"f9d0095\" data-element_type=\"widget\" data-e-type=\"widget\" data-widget_type=\"laborex_cta.default\">\n\t\t\t\t<div class=\"elementor-widget-container\">\n\t\t\t\t\t\t\t\t\t\t<!-- cta-style-two -->\r\n\t\t\t<section class=\"cta-style-two bg-color-4\">\r\n\t\t\t\t<div class=\"pattern-layer\">\r\n\t\t\t\t\t<div class=\"pattern-1\" style=\"background-image: url(https:\/\/isracrodt.sn\/wp-content\/uploads\/2021\/05\/shape-61.png);\"><\/div>\r\n\t\t\t\t\t<div class=\"pattern-2\" style=\"background-image: url(https:\/\/isracrodt.sn\/wp-content\/uploads\/2021\/05\/shape-62.png);\"><\/div>\r\n\t\t\t\t<\/div>\r\n\t\t\t\t<div class=\"auto-container\">\r\n\t\t\t\t\t<div class=\"inner-box clearfix\">\r\n\t\t\t\t\t\t<div class=\"text pull-left\">\r\n\t\t\t\t\t\t\t<h2>Le CRODT aborde une vari\u00e9t\u00e9 de domaines de recherche, refl\u00e9tant la complexit\u00e9 des \u00e9cosyst\u00e8mes marins.<\/h2>\r\n\t\t\t\t\t\t<\/div>\r\n\t\t\t\t\t\t<div class=\"btn-box pull-right\">\r\n\t\t\t\t\t\t\t<a href=\"https:\/\/isracrodt.sn\/ontact\/\"   class=\"theme-btn-one\">En d\u00e9tail<\/a>\r\n\t\t\t\t\t\t<\/div>\r\n\t\t\t\t\t<\/div>\r\n\t\t\t\t<\/div>\r\n\t\t\t<\/section>\r\n\t\t\t<!-- cta-style-two end -->\r\n\r\n\t\t\t\t\t\t<\/div>\n\t\t\t\t<\/div>\n\t\t\t\t\t<\/div>\n\t\t<\/div>\n\t\t\t\t\t<\/div>\n\t\t<\/section>\n\t\t\t\t<\/div>\n\t\t","protected":false},"excerpt":{"rendered":"<p>OUR EVENTS Le CRODT participera aux \u00e9v\u00e9nements 30juin \ud835\udc05\ud835\udc08\ud835\udc00\ud835\udc11\ud835\udc00\ud835\udfd0\ud835\udfce\ud835\udfd0\ud835\udfd3 | \ud835\udc00\ud835\udc2a\ud835\udc2e\ud835\udc1a\ud835\udc29\ud835\udc28\ud835\udc27\ud835\udc22\ud835\udc1e : \ud835\udc2a\ud835\udc2e\ud835\udc1a\ud835\udc27\ud835\udc1d \ud835\udc25\ud835\udc1a \ud835\udc29\ud835\udc22\ud835\udc2c\ud835\udc1c\ud835\udc22\ud835\udc1c\ud835\udc2e\ud835\udc25\ud835\udc2d\ud835\udc2e\ud835\udc2b\ud835\udc1e \ud835\udc1e\ud835\udc2d \ud835\udc25\u2019\ud835\udc1a\ud835\udc20\ud835\udc2b\ud835\udc22\ud835\udc1c\ud835\udc2e\ud835\udc25\ud835\udc2d\ud835\udc2e\ud835\udc2b\ud835\udc1e \ud835\udc27\ud835\udc1e \ud835\udc1f\ud835\udc28\ud835\udc27\ud835\udc2d \ud835\udc29\ud835\udc25\ud835\udc2e\ud835\udc2c \ud835\udc2a\ud835\udc2e\u2019\ud835\udc2e\ud835\udc27 ! 08:00am &#8211; 05:00pm Quasi architebeat vitae dicta sunt [&hellip;]<\/p>\n","protected":false},"author":1,"featured_media":13,"parent":0,"menu_order":0,"comment_status":"closed","ping_status":"closed","template":"elementor_header_footer","meta":{"om_disable_all_campaigns":false,"_monsterinsights_skip_tracking":false,"_monsterinsights_sitenote_active":false,"_monsterinsights_sitenote_note":"","_monsterinsights_sitenote_category":0,"footnotes":""},"class_list":["post-444","page","type-page","status-publish","has-post-thumbnail","hentry"],"aioseo_notices":[],"_links":{"self":[{"href":"https:\/\/isracrodt.sn\/index.php\/wp-json\/wp\/v2\/pages\/444","targetHints":{"allow":["GET"]}}],"collection":[{"href":"https:\/\/isracrodt.sn\/index.php\/wp-json\/wp\/v2\/pages"}],"about":[{"href":"https:\/\/isracrodt.sn\/index.php\/wp-json\/wp\/v2\/types\/page"}],"author":[{"embeddable":true,"href":"https:\/\/isracrodt.sn\/index.php\/wp-json\/wp\/v2\/users\/1"}],"replies":[{"embeddable":true,"href":"https:\/\/isracrodt.sn\/index.php\/wp-json\/wp\/v2\/comments?post=444"}],"version-history":[{"count":7,"href":"https:\/\/isracrodt.sn\/index.php\/wp-json\/wp\/v2\/pages\/444\/revisions"}],"predecessor-version":[{"id":3643,"href":"https:\/\/isracrodt.sn\/index.php\/wp-json\/wp\/v2\/pages\/444\/revisions\/3643"}],"wp:featuredmedia":[{"embeddable":true,"href":"https:\/\/isracrodt.sn\/index.php\/wp-json\/wp\/v2\/media\/13"}],"wp:attachment":[{"href":"https:\/\/isracrodt.sn\/index.php\/wp-json\/wp\/v2\/media?parent=444"}],"curies":[{"name":"wp","href":"https:\/\/api.w.org\/{rel}","templated":true}]}}