{"id":4236,"date":"2025-07-16T10:46:17","date_gmt":"2025-07-16T08:46:17","guid":{"rendered":"https:\/\/isracrodt.sn\/?page_id=4236"},"modified":"2025-10-29T15:25:58","modified_gmt":"2025-10-29T14:25:58","slug":"projets","status":"publish","type":"page","link":"https:\/\/isracrodt.sn\/index.php\/projets\/","title":{"rendered":"Partanariats"},"content":{"rendered":"\t\t<div data-elementor-type=\"wp-page\" data-elementor-id=\"4236\" class=\"elementor elementor-4236\">\n\t\t\t\t<div class=\"elementor-element elementor-element-e381849 e-flex e-con-boxed e-con e-parent\" data-id=\"e381849\" data-element_type=\"container\" data-e-type=\"container\">\n\t\t\t\t\t<div class=\"e-con-inner\">\n\t\t\t\t<div class=\"elementor-element elementor-element-0482bc5 elementor-widget elementor-widget-laborex_feature\" data-id=\"0482bc5\" data-element_type=\"widget\" data-e-type=\"widget\" data-widget_type=\"laborex_feature.default\">\n\t\t\t\t<div class=\"elementor-widget-container\">\n\t\t\t\t\t                    <section class=\"feature-section sec-pad\">\r\n                <div class=\"pattern\">\r\n                    <div class=\"pattern-1 wow zoomIn animated\" style=\"background-image: url(https:\/\/isracrodt.sn\/wp-content\/uploads\/2025\/10\/20240408_105336.jpg);\"><\/div>\r\n                    <div class=\"pattern-2 wow zoomIn animated\" style=\"background-image: url(https:\/\/isracrodt.sn\/wp-content\/uploads\/2025\/10\/20240408_105336.jpg);\"><\/div>\r\n                <\/div>\r\n                <div class=\"auto-container\">\r\n                    <div class=\"sec-title centred\">\r\n                        <h6>PARTANARIATS<\/h6>\r\n                        <h2>Le CRODT collabore \u00e9troitement avec les diff\u00e9rents services du Minist\u00e8re des P\u00eaches et de l\u2019\u00c9conomie maritime<\/h2>\r\n                    <\/div>\r\n                    <div class=\"inner-content\">\r\n                        <div class=\"row clearfix\">\r\n                                                            <div class=\"col-lg-4 col-md-6 col-sm-12 feature-block\">\r\n                                    <div class=\"feature-block-one\">\r\n                                        <div class=\"inner-box\">\r\n                                            <div class=\"icon-box\"><svg aria-hidden=\"true\" class=\"e-font-icon-svg e-fas-angle-double-right\" viewBox=\"0 0 448 512\" xmlns=\"http:\/\/www.w3.org\/2000\/svg\"><path d=\"M224.3 273l-136 136c-9.4 9.4-24.6 9.4-33.9 0l-22.6-22.6c-9.4-9.4-9.4-24.6 0-33.9l96.4-96.4-96.4-96.4c-9.4-9.4-9.4-24.6 0-33.9L54.3 103c9.4-9.4 24.6-9.4 33.9 0l136 136c9.5 9.4 9.5 24.6.1 34zm192-34l-136-136c-9.4-9.4-24.6-9.4-33.9 0l-22.6 22.6c-9.4 9.4-9.4 24.6 0 33.9l96.4 96.4-96.4 96.4c-9.4 9.4-9.4 24.6 0 33.9l22.6 22.6c9.4 9.4 24.6 9.4 33.9 0l136-136c9.4-9.2 9.4-24.4 0-33.8z\"><\/path><\/svg><\/div>\r\n                                            <h4><a href=\"\"  ><\/a><\/h4>\r\n                                            <p>Le Centre de Recherches Oc\u00e9anographiques de Dakar-Thiaroye (CRODT) fonde son action sur une dynamique de partenariat solide et diversifi\u00e9e, \u00e0 la fois nationale, sous-r\u00e9gionale, r\u00e9gionale, continentale et internationale. \n\nCette ouverture lui permet de renforcer ses capacit\u00e9s scientifiques, d\u2019assurer la pertinence de ses recherches et de contribuer efficacement \u00e0 la gestion durable des ressources halieutiques. \nAu plan national, le CRODT collabore \u00e9troitement avec les structures de formation de l\u2019enseignement sup\u00e9rieur \u2013 notamment l\u2019UCAD (IUPA, LPAO-SF, IFAN), l\u2019UASZ (LOSEC), l\u2019UGB, l\u2019USSEIN, l\u2019UAM, l\u2019UT et l\u2019ENSA \u2013 ainsi qu\u2019avec les minist\u00e8res sectoriels, dont celui des P\u00eaches (DPM, DPSP, DITP, CEP, DPC, ANA, ANAM et DGEFM), de l\u2019Environnement (DEEC, DAMCP), de l\u2019Hydraulique et du P\u00e9trole (Petrosen). \nLe Centre entretient \u00e9galement des liens avec les acteurs professionnels (GAIPES, CONIPAS), les autorit\u00e9s maritimes (HASSMAR) et les compagnies p\u00e9troli\u00e8res (BP     ). \nAu niveau sous-r\u00e9gional, le CRODT travaille en synergie avec la CSRP, l\u2019IMROP (Mauritanie), l\u2019INRH (Maroc), l\u2019INIPO (Guin\u00e9e-Bissau), le CNSHB (Guin\u00e9e) et l\u2019IMar (Cap-Vert). Ces partenariats favorisent une approche concert\u00e9e de la recherche et de la gestion des ressources partag\u00e9es. <\/p>\r\n                                            <div class=\"btn-box\"><a href=\"\"   class=\"theme-btn-one\">D\u00e9but<\/a><\/div>\r\n                                        <\/div>\r\n                                    <\/div>\r\n                                <\/div>\r\n                                                            <div class=\"col-lg-4 col-md-6 col-sm-12 feature-block\">\r\n                                    <div class=\"feature-block-one\">\r\n                                        <div class=\"inner-box\">\r\n                                            <div class=\"icon-box\"><svg aria-hidden=\"true\" class=\"e-font-icon-svg e-fas-angle-double-right\" viewBox=\"0 0 448 512\" xmlns=\"http:\/\/www.w3.org\/2000\/svg\"><path d=\"M224.3 273l-136 136c-9.4 9.4-24.6 9.4-33.9 0l-22.6-22.6c-9.4-9.4-9.4-24.6 0-33.9l96.4-96.4-96.4-96.4c-9.4-9.4-9.4-24.6 0-33.9L54.3 103c9.4-9.4 24.6-9.4 33.9 0l136 136c9.5 9.4 9.5 24.6.1 34zm192-34l-136-136c-9.4-9.4-24.6-9.4-33.9 0l-22.6 22.6c-9.4 9.4-9.4 24.6 0 33.9l96.4 96.4-96.4 96.4c-9.4 9.4-9.4 24.6 0 33.9l22.6 22.6c9.4 9.4 24.6 9.4 33.9 0l136-136c9.4-9.2 9.4-24.4 0-33.8z\"><\/path><\/svg><\/div>\r\n                                            <h4><a href=\"\"  ><\/a><\/h4>\r\n                                            <p>\u00c0 l\u2019\u00e9chelle r\u00e9gionale, des collaborations actives sont men\u00e9es avec l\u2019Universit\u00e9 du Ghana, le CRO (C\u00f4te d\u2019Ivoire) et l\u2019IRHOB (B\u00e9nin). \nSur le plan continental, le Centre interagit avec plusieurs institutions en Afrique australe, notamment en Afrique du Sud et en Namibie, renfor\u00e7ant ainsi la coop\u00e9ration scientifique africaine dans le domaine des sciences marines et halieutiques. \nAu niveau international, le CRODT b\u00e9n\u00e9ficie de partenariats strat\u00e9giques avec des organismes de recherche et des universit\u00e9s de renomm\u00e9e mondiale : l\u2019IRD, Ifremer, CNRS, Agrocampus (France), l\u2019Universit\u00e9 Laval (Canada), l\u2019IEO (Espagne), l\u2019IPMA (Portugal), NOAA et plusieurs universit\u00e9s am\u00e9ricaines (Mississippi, Texas), GEOMAR et TI (Allemagne), UiB et IMR (Norv\u00e8ge), Lancaster (Royaume Unis). Il collabore \u00e9galement avec de grandes organisations internationales comme l\u2019UNESCO, l\u2019IUCN, la FAO, l\u2019Union Europ\u00e9enne et l\u2019ICCAT.\n\u00c0 travers ce vaste r\u00e9seau de partenaires, le CRODT se positionne comme un acteur cl\u00e9 de la recherche halieutique et oc\u00e9anographique, capable d\u2019apporter des r\u00e9ponses scientifiques pertinentes aux enjeux locaux, r\u00e9gionaux et globaux li\u00e9s \u00e0 la durabilit\u00e9 des p\u00eaches et \u00e0 la pr\u00e9servation des \u00e9cosyst\u00e8mes marins. \n.<\/p>\r\n                                            <div class=\"btn-box\"><a href=\"\"   class=\"theme-btn-one\">Suite<\/a><\/div>\r\n                                        <\/div>\r\n                                    <\/div>\r\n                                <\/div>\r\n                                                            <div class=\"col-lg-4 col-md-6 col-sm-12 feature-block\">\r\n                                    <div class=\"feature-block-one\">\r\n                                        <div class=\"inner-box\">\r\n                                            <div class=\"icon-box\"><svg aria-hidden=\"true\" class=\"e-font-icon-svg e-fas-angle-double-right\" viewBox=\"0 0 448 512\" xmlns=\"http:\/\/www.w3.org\/2000\/svg\"><path d=\"M224.3 273l-136 136c-9.4 9.4-24.6 9.4-33.9 0l-22.6-22.6c-9.4-9.4-9.4-24.6 0-33.9l96.4-96.4-96.4-96.4c-9.4-9.4-9.4-24.6 0-33.9L54.3 103c9.4-9.4 24.6-9.4 33.9 0l136 136c9.5 9.4 9.5 24.6.1 34zm192-34l-136-136c-9.4-9.4-24.6-9.4-33.9 0l-22.6 22.6c-9.4 9.4-9.4 24.6 0 33.9l96.4 96.4-96.4 96.4c-9.4 9.4-9.4 24.6 0 33.9l22.6 22.6c9.4 9.4 24.6 9.4 33.9 0l136-136c9.4-9.2 9.4-24.4 0-33.8z\"><\/path><\/svg><\/div>\r\n                                            <h4><a href=\"\"  ><\/a><\/h4>\r\n                                            <p>\u00c0 l\u2019\u00e9chelle r\u00e9gionale, des collaborations actives sont men\u00e9es avec l\u2019Universit\u00e9 du Ghana, le CRO (C\u00f4te d\u2019Ivoire) et l\u2019IRHOB (B\u00e9nin). \nSur le plan continental, le Centre interagit avec plusieurs institutions en Afrique australe, notamment en Afrique du Sud et en Namibie, renfor\u00e7ant ainsi la coop\u00e9ration scientifique africaine dans le domaine des sciences marines et halieutiques. \nAu niveau international, le CRODT b\u00e9n\u00e9ficie de partenariats strat\u00e9giques avec des organismes de recherche et des universit\u00e9s de renomm\u00e9e mondiale : l\u2019IRD, Ifremer, CNRS, Agrocampus (France), l\u2019Universit\u00e9 Laval (Canada), l\u2019IEO (Espagne), l\u2019IPMA (Portugal), NOAA et plusieurs universit\u00e9s am\u00e9ricaines (Mississippi, Texas), GEOMAR et TI (Allemagne), UiB et IMR (Norv\u00e8ge), Lancaster (Royaume Unis). Il collabore \u00e9galement avec de grandes organisations internationales comme l\u2019UNESCO, l\u2019IUCN, la FAO, l\u2019Union Europ\u00e9enne et l\u2019ICCAT.\n\u00c0 travers ce vaste r\u00e9seau de partenaires, le CRODT se positionne comme un acteur cl\u00e9 de la recherche halieutique et oc\u00e9anographique, capable d\u2019apporter des r\u00e9ponses scientifiques pertinentes aux enjeux locaux, r\u00e9gionaux et globaux li\u00e9s \u00e0 la durabilit\u00e9 des p\u00eaches et \u00e0 la pr\u00e9servation des \u00e9cosyst\u00e8mes marins. .<\/p>\r\n                                            <div class=\"btn-box\"><a href=\"\"   class=\"theme-btn-one\">Fin<\/a><\/div>\r\n                                        <\/div>\r\n                                    <\/div>\r\n                                <\/div>\r\n                                                    <\/div>\r\n                    <\/div>\r\n                <\/div>\r\n            <\/section>\r\n            <!-- feature-section end -->\r\n        \t\t\t\t<\/div>\n\t\t\t\t<\/div>\n\t\t\t\t\t<\/div>\n\t\t\t\t<\/div>\n\t\t\t\t<\/div>\n\t\t","protected":false},"excerpt":{"rendered":"<p>PARTANARIATS Le CRODT collabore \u00e9troitement avec les diff\u00e9rents services du Minist\u00e8re des P\u00eaches et de l\u2019\u00c9conomie maritime Le Centre de Recherches Oc\u00e9anographiques de Dakar-Thiaroye (CRODT) fonde son action sur une [&hellip;]<\/p>\n","protected":false},"author":1,"featured_media":0,"parent":0,"menu_order":0,"comment_status":"closed","ping_status":"closed","template":"","meta":{"om_disable_all_campaigns":false,"_monsterinsights_skip_tracking":false,"_monsterinsights_sitenote_active":false,"_monsterinsights_sitenote_note":"","_monsterinsights_sitenote_category":0,"footnotes":""},"class_list":["post-4236","page","type-page","status-publish","hentry"],"aioseo_notices":[],"_links":{"self":[{"href":"https:\/\/isracrodt.sn\/index.php\/wp-json\/wp\/v2\/pages\/4236","targetHints":{"allow":["GET"]}}],"collection":[{"href":"https:\/\/isracrodt.sn\/index.php\/wp-json\/wp\/v2\/pages"}],"about":[{"href":"https:\/\/isracrodt.sn\/index.php\/wp-json\/wp\/v2\/types\/page"}],"author":[{"embeddable":true,"href":"https:\/\/isracrodt.sn\/index.php\/wp-json\/wp\/v2\/users\/1"}],"replies":[{"embeddable":true,"href":"https:\/\/isracrodt.sn\/index.php\/wp-json\/wp\/v2\/comments?post=4236"}],"version-history":[{"count":48,"href":"https:\/\/isracrodt.sn\/index.php\/wp-json\/wp\/v2\/pages\/4236\/revisions"}],"predecessor-version":[{"id":5146,"href":"https:\/\/isracrodt.sn\/index.php\/wp-json\/wp\/v2\/pages\/4236\/revisions\/5146"}],"wp:attachment":[{"href":"https:\/\/isracrodt.sn\/index.php\/wp-json\/wp\/v2\/media?parent=4236"}],"curies":[{"name":"wp","href":"https:\/\/api.w.org\/{rel}","templated":true}]}}