{"id":3991,"date":"2025-07-02T11:06:40","date_gmt":"2025-07-02T09:06:40","guid":{"rendered":"https:\/\/isracrodt.sn\/?page_id=3991"},"modified":"2025-10-29T11:16:20","modified_gmt":"2025-10-29T10:16:20","slug":"formation","status":"publish","type":"page","link":"https:\/\/isracrodt.sn\/index.php\/formation\/","title":{"rendered":"Formation"},"content":{"rendered":"\t\t<div data-elementor-type=\"wp-page\" data-elementor-id=\"3991\" class=\"elementor elementor-3991\">\n\t\t\t\t<div class=\"elementor-element elementor-element-24f8218 e-flex e-con-boxed e-con e-parent\" data-id=\"24f8218\" data-element_type=\"container\" data-e-type=\"container\">\n\t\t\t\t\t<div class=\"e-con-inner\">\n\t\t\t\t<div class=\"elementor-element elementor-element-61bb289 elementor-widget elementor-widget-laborex_journal_tab\" data-id=\"61bb289\" data-element_type=\"widget\" data-e-type=\"widget\" data-widget_type=\"laborex_journal_tab.default\">\n\t\t\t\t<div class=\"elementor-widget-container\">\n\t\t\t\t\t\t\t<!-- journal-section -->\r\n\t\t<section class=\"journal-section\">\r\n\t\t\t<div class=\"pattern-layer\" style=\"background-image: url(https:\/\/isracrodt.sn\/wp-content\/uploads\/2025\/08\/equipe-plancton-du-crodt.jpg);\"><\/div>\r\n\t\t\t<div class=\"auto-container\">\r\n\t\t\t\t<div class=\"sec-title\">\r\n\t\t\t\t\t<h6><\/h6>\r\n\t\t\t\t\t<h2>LES FORMATIONS<\/h2>\r\n\t\t\t\t<\/div>\r\n\t\t\t\t<div class=\"tabs-box\">\r\n\t\t\t\t\t<div class=\"tab-btn-box\">\r\n\t\t\t\t\t\t<ul class=\"tab-btns tab-buttons clearfix\">\r\n\t\t\t\t\t\t\t\t\t\t\t\t\t\t\t<li class=\"tab-btn active-btn\" data-tab=\"#journaltab-1\">CRODT<\/li>\r\n\t\t\t\t\t\t\t\t\t\t\t\t\t<\/ul>\r\n\t\t\t\t\t<\/div>\r\n\t\t\t\t\t\t\t\t\t\t\t<div class=\"tabs-content\">\r\n\t\t\t\t\t\t\t<div class=\"tab active-tab\" id=\"journaltab-1\">\r\n\t\t\t\t\t\t\t\t\t\t\t\t\t\t\t<\/div>\r\n\t\t\t\t\t\t<\/div>\r\n\t\t\t\t\t\t\t\t\t<\/div>\r\n\t\t\t<\/div>\r\n\t\t<\/section>\r\n\t\t<!-- journal-section end --> \r\n\t\t\t\t\t\t<\/div>\n\t\t\t\t<\/div>\n\t\t\t\t\t<\/div>\n\t\t\t\t<\/div>\n\t\t<div class=\"elementor-element elementor-element-f04b1eb e-con-full e-flex e-con e-parent\" data-id=\"f04b1eb\" data-element_type=\"container\" data-e-type=\"container\">\n\t\t\t\t<div class=\"elementor-element elementor-element-825bb3f elementor-widget elementor-widget-text-editor\" data-id=\"825bb3f\" data-element_type=\"widget\" data-e-type=\"widget\" data-widget_type=\"text-editor.default\">\n\t\t\t\t<div class=\"elementor-widget-container\">\n\t\t\t\t\t\t\t\t\t<p>\u00a0<\/p><p style=\"text-align: justify;\"><span style=\"font-size: 12pt;\"><strong><span style=\"color: #000000;\">\u00a0 \u00a0\u00a0<\/span><\/strong><\/span><\/p><p style=\"text-align: justify;\"><span style=\"text-decoration: underline; font-size: 12pt;\"><em><strong><span style=\"color: #000000; text-decoration: underline;\">THESE DE DOCTORAT<\/span><\/strong><\/em><\/span><\/p><p style=\"text-align: justify;\"><span style=\"color: #000000; font-size: 12pt;\">Le CRODT encadre actuellement des \u00e9tudiants en th\u00e8ses de doctorat sur les th\u00e9matiques suivantes:<\/span><\/p><p style=\"text-align: justify;\"><span style=\"color: #000000; font-size: 12pt;\">* Structure et dynamique spatio-temporelle des communaut\u00e9s m\u00e9so et macro-zooplanctoniques le long du plateau continental s\u00e9n\u00e9gambien dans un contexte de changement climatique et de surexploitation des p\u00eacheries (Ibrahima Ndiaye)<\/span><\/p><p style=\"text-align: justify;\"><span style=\"color: #000000; font-size: 12pt;\">*\u00c9tude de la valorisation artisanale et industrielles des macro-algues au S\u00e9n\u00e9gal. ( Nd\u00e9ye Coumba BOUSSO)<\/span><\/p><p style=\"text-align: justify;\"><span style=\"color: #000000; font-size: 12pt;\">*Analyse des impacts bio\u00e9cologiques et socio\u00e9conomiques potentiels d\u2019une p\u00eacherie \u00e0 l\u2019app\u00e2t vivant dans la baie de Hann\u00a0 (Maryam KEITA)<\/span><\/p><p style=\"text-align: justify;\"><span style=\"color: #000000; font-size: 12pt;\">*Analyse des dynamiques socio-\u00e9cologiques, culturelles et institutionnelles et leurs effets sur la conservation de la biodiversit\u00e9 dans les\u00a0 Aires Marines\u00a0 prot\u00e9g\u00e9es de Niamone-Kalounayes et de Kassa-Balantacounda (S\u00e9n\u00e9gal) (Mr Eug\u00e8ne Mouta DIAS)<\/span><\/p><p style=\"text-align: justify;\"><span style=\"color: #000000; font-size: 12pt;\">*\u00c9tude de la valorisation artisanale et industrielles des macro-algues au S\u00e9n\u00e9gal.\u00a0 (Nd\u00e9ye Coumba BOUSSO)<\/span><\/p><p style=\"text-align: justify;\"><span style=\"color: #000000; font-size: 12pt;\">*Les habitants essentiels des esp\u00e8ces d\u00e9mersales c\u00f4ti\u00e8res dans la zone mauritano-senegalaise: <em>Epinephelus aeneus<\/em> et <em>Penaeus notialis<\/em>\u00a0 comme\u00a0esp\u00e8ces\u00a0 \u00a0cibles\u00a0 \u00a0(Mr Yeslem EL VALLY)<\/span><\/p><p style=\"text-align: justify;\"><span style=\"color: #000000; font-size: 12pt;\">*\u00c9tude de la diversit\u00e9 taxonomique de macro-algues dans le littoral S\u00e9n\u00e9gal : approche g\u00e9n\u00e9tiqueMamie Souadou DIOP<\/span><\/p><p style=\"text-align: justify;\"><span style=\"color: #000000; font-size: 12pt;\">*Optimisation des proc\u00e9d\u00e9s de production de mouches saprophages locales comme aliments alternatifs \u00e9coresponsables en aquaculture au S\u00e9n\u00e9gal \u00a0 (Maurice Correa)<\/span><\/p><p style=\"text-align: justify;\"><span style=\"color: #000000; font-size: 12pt;\">*\u00c9tude de la macro-zooplancton associ\u00e9 au habitats des macroalgues au S\u00e9n\u00e9gal \u00a0( Ibrahima Ndiaye)<\/span><\/p><p style=\"text-align: justify;\"><span style=\"color: #000000; font-size: 12pt;\">*Dynamique des Populations de Poissons D\u00e9mersaux profonds exploit\u00e9s au S\u00e9n\u00e9gal : cas des Merlus noirsMr Djibril TRAORE<\/span><\/p><p style=\"text-align: justify;\"><span style=\"color: #000000; font-size: 12pt;\">*Gouvernance locale et impacts sur la gestion des ressources dans le d\u00e9partement de Foundiougne (Gouby S\u00e8ne, UCAD\/ETHOS)<\/span><\/p><p style=\"text-align: justify;\"><span style=\"color: #000000; font-size: 12pt;\">*Dynamique et vuln\u00e9rabilit\u00e9 de la biodiversit\u00e9 marine et c\u00f4ti\u00e8re au S\u00e9n\u00e9gal (mande ndiaye)<\/span><\/p><p style=\"text-align: justify;\"><span style=\"color: #000000; font-size: 12pt;\">*Analyse des impacts bio\u00e9cologiques et socio\u00e9conomiques potentiels d\u2019une p\u00eacherie \u00e0 l\u2019app\u00e2t vivant dans la baie de Hann. (mariame keita)<\/span><\/p><p style=\"text-align: justify;\"><span style=\"color: #000000; font-size: 12pt;\">*Optimisation de la s\u00e9lectivit\u00e9 dans les p\u00eacheries crevetti\u00e8res profondes s\u00e9n\u00e9galaises (fallou thiam)<\/span><\/p><p><span style=\"color: #000000; font-size: 12pt;\">Impact de l\u2019hormone 17 alpha-methyl-testosterone dans la chaire du tilapia <em>oreochromis niloticus<\/em>\u00a0 sur les consommateurs et sur l\u2019environnement au S\u00e9n\u00e9gal .\u00a0 (Marie Louise SENGHOR)<\/span><\/p><p>\u00a0<\/p><p style=\"text-align: justify;\"><span style=\"text-decoration: underline; font-size: 12pt;\"><em><strong><span style=\"color: #000000; text-decoration: underline;\">MASTER<\/span><\/strong><\/em><\/span><\/p><p style=\"text-align: justify;\"><span style=\"font-size: 12pt; color: #000000;\">Le CRODT encadre actuellement des \u00e9tudiants en masters sur les th\u00e9matiques suivantes:<\/span><\/p><p style=\"text-align: justify;\"><span style=\"font-size: 12pt; color: #000000;\">*Caract\u00e9risation de la biodiversit\u00e9 et de la variabilit\u00e9 saisonni\u00e8re de la communaut\u00e9 Zooplanctonique en relation avec l&#8217;upwelling s\u00e9n\u00e9galais. (Nogaye Dia).<\/span><\/p><p style=\"text-align: justify;\"><span style=\"font-size: 12pt; color: #000000;\">*Contribution \u00e0 l&#8217;etude de l&#8217;effet des param\u00e8tres environnementaux sur la biologie et la distribution des sardinelles (Aurita et maderensis) dans les eaux S\u00e9n\u00e9galais ( Aby S\u00e8ne)\u00a0\u00a0IUPA\/UCAD<\/span><\/p><p style=\"text-align: justify;\"><span style=\"font-size: 12pt; color: #000000;\">*Cartographie participative de la distribution spatiale et saisonni\u00e8re des principales esp\u00e8ces cibles de la p\u00eache artisanale s\u00e9n\u00e9galaise\u00a0 \u00a0( Mand\u00e9 NDIAYE)<\/span><\/p><p style=\"text-align: justify;\"><span style=\"font-size: 12pt; color: #000000;\">*La gouvernance locale des ressources halieutiques au niveau du d\u00e9partement de Mbour : prise en compte de la diversit\u00e9 fonctionnelle\u00a0 \u00a0 (Mouhamed Modou Niang)<\/span><\/p><p style=\"text-align: justify;\"><span style=\"font-size: 12pt; color: #000000;\">*Les politiques de d\u00e9veloppement de la p\u00eache artisanale au S\u00e9n\u00e9gal de1948 aux ann\u00e9es 2000\u00a0 \u00a0(Mari\u00e8me PouYE)<\/span><\/p><p style=\"text-align: justify;\"><span style=\"color: #000000; font-size: 12pt;\">*Etude de la bioconversion en laboratoire des larves de la mouche \u00ab soldat noire \u00bb (<em>Hermetia illucens<\/em>) souche locale sur trois diff\u00e9rents substrats : fiente de volaille, fruits et l\u00e9gumes, restes \u00a0alimentaires domestiques au S\u00e9n\u00e9gal&#8221; ( Arkeita Gomis)<\/span><\/p><p style=\"text-align: justify;\"><span style=\"font-size: 12pt; color: #000000;\">*Evaluation de l\u2019\u00e9tat d\u2019exploitation des ressources halieutiques de la ZEE s\u00e9n\u00e9galaise \u00e0 partir d\u2019indicateurs \u00e9cologiques (Mamour Ndiaye)<\/span><\/p><p style=\"text-align: justify;\"><span style=\"font-size: 12pt; color: #000000;\">*Evaluation des effets de la p\u00eache et de l\u2019environnement sur la dynamique des stocks de sardinelles exploit\u00e9es dans la r\u00e9gion nord-ouest africaine\u00a0 \u00a0 (\u00a0 Seydina Ababacar Sadikhe THIAW)<\/span><\/p><p style=\"text-align: justify;\"><span style=\"font-size: 12pt; color: #000000;\">*Etude du repos biologique et la s\u00e9lectivit\u00e9 des engins de p\u00eache ciblant la crevette c\u00f4ti\u00e8re au Saloum (S\u00e9n\u00e9gal)\u00a0<\/span><\/p><p style=\"text-align: justify;\"><span style=\"font-size: 12pt; color: #000000;\"> (\u00a0 Bocar SOW)<\/span><\/p><p style=\"text-align: justify;\"><span style=\"font-size: 12pt; color: #000000;\">*Exploitation des rapports de mar\u00e9es des observateurs embarquant a bord des navires crevettiers profonds op\u00e9rant ZEE s\u00e9n\u00e9galaise\u00a0 \u00a0 \u00a0(<em>Khadime THIOUNE<\/em>)<\/span><\/p><p><span style=\"color: #000000; font-size: 12pt;\">*Impact de l\u2019utilisation directe de l\u2019eau de robinet dans l\u2019\u00e9levage larvaire de \u2019<em>Oreochomis niloticus<\/em>\u2019 souche du fleuve S\u00e9n\u00e9gal au stade de post inversion avec la 17 <strong>\u03b1<\/strong> m\u00e9thyle testost\u00e9rone.\u00a0 (Diatou Racine SOW)<\/span><\/p><p><span style=\"color: #000000; font-size: 12pt;\">*Awa Diallo, 2025. L\u2019int\u00e9r\u00eat de la farine de <em>Moringa oleifera<\/em> dans la composition des aliments aquacoles : effet sur la croissance des juv\u00e9niles de Clarias gariepinus. M\u00e9moire de fin d\u2019\u00e9tudes pour l\u2019obtention du dipl\u00f4me d\u2019ing\u00e9nieur agronome (ENSA Thies)<\/span><\/p><p><span style=\"font-size: 12pt; color: #000000;\">*Awa Ciss, 2025 Analyse de la fili\u00e8re des aliments aquacoles au S\u00e9n\u00e9gal : situation actuelle et perspectives de d\u00e9veloppement (2025), M\u00e9moire de fin d\u2019\u00e9tudes pour l\u2019obtention du dipl\u00f4me d\u2019ing\u00e9nieur agronome (ENSA Thies)<\/span><\/p><p><span style=\"font-size: 12pt; color: #000000;\">*Ibrahima Samb, 2025.\u00a0 Diagnostic de la gestion de la ZPP de Ngaparou: Evaluation des m\u00e9canismes de SCS et du suivi bio\u00e9cologique. M\u00e9moire pour l\u2019obtention du Dipl\u00f4me d\u2019Etat : de Technicien sup\u00e9rieur des p\u00eaches et de l\u2019Aquaculture (CNFTPA)<\/span><\/p><p><span style=\"font-size: 12pt; color: #000000;\">* Pape Dembo Sadio, 2025. Exploitation et gestion des ressources halieutiques \u00e0 Kafountine, S\u00e9n\u00e9gal: Cas de la seiche <em>Sepia officinalis<\/em> et de la volute <em>Cymbium spp<\/em>. M\u00e9moire pour l\u2019obtention du Dipl\u00f4me d\u2019Etat : de Technicien sup\u00e9rieur des p\u00eaches et de l\u2019Aquaculture (CNFTPA)<\/span><\/p><p><span style=\"font-size: 12pt; color: #000000;\">*Mamadou Gning, 2025. Les p\u00eacheries du merlu noir <em>Merluccius spp<\/em> au S\u00e9n\u00e9gal : Evolution des indicateurs biologiques et \u00e9tat d\u2019exploitation. M\u00e9moire pour l\u2019obtention du Dipl\u00f4me d\u2019Etat : de Technicien sup\u00e9rieur des p\u00eaches et de l\u2019Aquaculture (CNFTPA<\/span><\/p><p><span style=\"font-size: 12pt; color: #000000;\">*Bity Faye, 2025. Etude comparative de la structure en taille du (thon ob\u00e8se) <em>Thunnus obesus<\/em> captur\u00e9 par les senneurs et les canneurs du S\u00e9n\u00e9gal. M\u00e9moire pour l\u2019obtention du Dipl\u00f4me d\u2019Etat : de Technicien sup\u00e9rieur des p\u00eaches et de l\u2019Aquaculture (CNFTPA)<\/span><\/p><p><span style=\"font-size: 12pt; color: #000000;\">*Oumou Kalsoum Diop, 2025. Contribution \u00e0 la biologie du thon jaune <em>Thunnus albacares<\/em> :\u00a0 Analyse de la croissance par la relation taille \u2013 poids et le coefficient de condition. M\u00e9moire pour l\u2019obtention du Dipl\u00f4me d\u2019Etat : de Technicien sup\u00e9rieur des p\u00eaches et de l\u2019Aquaculture (CNFTPA)<\/span><\/p><p>\u00a0<\/p><p style=\"text-align: justify;\"><span style=\"text-decoration: underline; font-size: 12pt;\"><em><strong><span style=\"color: #000000; text-decoration: underline;\">LICENCE<\/span><\/strong><\/em><\/span><\/p><p style=\"text-align: justify;\"><span style=\"color: #000000; font-size: 12pt;\">Le CRODT encadre actuellement un \u00e9tudiant en licence sur les th\u00e9matiques suivantes:<\/span><\/p><p style=\"text-align: justify;\"><span style=\"color: #000000; font-size: 12pt;\">*Diff\u00e9renciation des stocks d\u2019ethmalose (<em>Ethmalosa fimbriata<\/em>) bas\u00e9e sur l\u2019analyse de la forme des otolithes<\/span><\/p><p style=\"text-align: justify;\"><span style=\"color: #000000; font-size: 12pt;\"> ( <em>Sokhna Mbery NDAO<\/em>)<\/span><\/p><p><span style=\"font-size: 12pt; color: #000000;\">Zootechnie en \u00e9closerie de poissons. (Ouleymata Gaye, Maurice CORREA ,Chiekh Ibra MBACKE , Astou DIOP)<\/span><\/p><p><span style=\"color: #000000; font-size: 12pt;\">Etude de la croissance des alevins de souches diff\u00e9rentes de Tilapia <em>O. niloticus<\/em>\u00a0 du fleuve S\u00e9n\u00e9gal en aquarium. ( Chiekh Ibra MBACKE)<\/span><\/p><p><span style=\"color: #000000; font-size: 12pt;\">Etude \u00a0de la f\u00e9condit\u00e9 en fonction du poids des g\u00e9niteurs de Tilapia <em>Oreochromis niloticus<\/em>, souche de la vall\u00e9e du\u00a0 fleuve S\u00e9n\u00e9gal.\u00a0 \u00a0( Maurice CORREA)<\/span><\/p><p><span style=\"font-size: 12pt; color: #000000;\">Effets de la densit\u00e9 sur la croissance des alevins du tilapia <em>Or\u00e9ochromis niloticus<\/em> post-inversion avec la 17alpha m\u00e9thyl testost\u00e9rone : souche fleuve du S\u00e9n\u00e9gal.\u00a0 (N\u2019deye Diougui N\u2019DIAYE)<\/span><\/p><p>\u00a0<\/p><p style=\"text-align: justify;\"><span style=\"text-decoration: underline; font-size: 12pt;\"><strong><span style=\"color: #000000; text-decoration: underline;\"><em>ENSEIGNEMENT<\/em><\/span><\/strong><\/span><\/p><p style=\"text-align: justify;\"><span style=\"font-size: 12pt;\"><strong><span style=\"color: #000000;\"><em><img fetchpriority=\"high\" decoding=\"async\" class=\"size-medium wp-image-3968 alignleft\" src=\"https:\/\/isracrodt.sn\/wp-content\/uploads\/2025\/06\/expot-waly-en-plage-300x225.jpg\" alt=\"\" width=\"300\" height=\"225\" srcset=\"https:\/\/isracrodt.sn\/wp-content\/uploads\/2025\/06\/expot-waly-en-plage-300x225.jpg 300w, https:\/\/isracrodt.sn\/wp-content\/uploads\/2025\/06\/expot-waly-en-plage-1024x768.jpg 1024w, https:\/\/isracrodt.sn\/wp-content\/uploads\/2025\/06\/expot-waly-en-plage-768x576.jpg 768w, https:\/\/isracrodt.sn\/wp-content\/uploads\/2025\/06\/expot-waly-en-plage-1536x1152.jpg 1536w, https:\/\/isracrodt.sn\/wp-content\/uploads\/2025\/06\/expot-waly-en-plage-2048x1536.jpg 2048w\" sizes=\"(max-width: 300px) 100vw, 300px\" \/><\/em><\/span><\/strong><\/span><\/p><p style=\"text-align: justify;\"><span style=\"color: #000000; font-size: 12pt;\">Les chercheurs du centre dispensent un certain nombre de modules d\u2019enseignements au niveau des universit\u00e9s <strong>(UCAD, UGB, IUPA)<\/strong> et centres de formation <strong>(CNFTPA, EMAN)<\/strong>. Ces modules concernent notamment l\u2019oc\u00e9anographie physique, la bio-\u00e9cologie marine, la dynamique des populations marines exploit\u00e9es, l\u2019\u00e9cologie halieutique, l\u2019approche \u00e9cosyst\u00e9mique des P\u00eaches, l\u2019\u00e9valuation des ressources halieutiques, l\u2019am\u00e9nagement et la gestion des p\u00eaches et la socio-\u00e9conomie des p\u00eaches.<\/span><\/p><p style=\"text-align: justify;\">\u00a0<\/p>\t\t\t\t\t\t\t\t<\/div>\n\t\t\t\t<\/div>\n\t\t\t\t<\/div>\n\t\t<div class=\"elementor-element elementor-element-a53c337 e-flex e-con-boxed e-con e-parent\" data-id=\"a53c337\" data-element_type=\"container\" data-e-type=\"container\">\n\t\t\t\t\t<div class=\"e-con-inner\">\n\t\t\t\t\t<\/div>\n\t\t\t\t<\/div>\n\t\t<div class=\"elementor-element elementor-element-0ba6ebf e-flex e-con-boxed e-con e-parent\" data-id=\"0ba6ebf\" data-element_type=\"container\" data-e-type=\"container\">\n\t\t\t\t\t<div class=\"e-con-inner\">\n\t\t\t\t\t<\/div>\n\t\t\t\t<\/div>\n\t\t\t\t<\/div>\n\t\t","protected":false},"excerpt":{"rendered":"<p>LES FORMATIONS CRODT \u00a0 \u00a0 \u00a0\u00a0 THESE DE DOCTORAT Le CRODT encadre actuellement des \u00e9tudiants en th\u00e8ses de doctorat sur les th\u00e9matiques suivantes: * Structure et dynamique spatio-temporelle des communaut\u00e9s [&hellip;]<\/p>\n","protected":false},"author":1,"featured_media":3968,"parent":0,"menu_order":0,"comment_status":"closed","ping_status":"closed","template":"","meta":{"om_disable_all_campaigns":false,"_monsterinsights_skip_tracking":false,"_monsterinsights_sitenote_active":false,"_monsterinsights_sitenote_note":"","_monsterinsights_sitenote_category":0,"footnotes":""},"class_list":["post-3991","page","type-page","status-publish","has-post-thumbnail","hentry"],"aioseo_notices":[],"_links":{"self":[{"href":"https:\/\/isracrodt.sn\/index.php\/wp-json\/wp\/v2\/pages\/3991","targetHints":{"allow":["GET"]}}],"collection":[{"href":"https:\/\/isracrodt.sn\/index.php\/wp-json\/wp\/v2\/pages"}],"about":[{"href":"https:\/\/isracrodt.sn\/index.php\/wp-json\/wp\/v2\/types\/page"}],"author":[{"embeddable":true,"href":"https:\/\/isracrodt.sn\/index.php\/wp-json\/wp\/v2\/users\/1"}],"replies":[{"embeddable":true,"href":"https:\/\/isracrodt.sn\/index.php\/wp-json\/wp\/v2\/comments?post=3991"}],"version-history":[{"count":83,"href":"https:\/\/isracrodt.sn\/index.php\/wp-json\/wp\/v2\/pages\/3991\/revisions"}],"predecessor-version":[{"id":5081,"href":"https:\/\/isracrodt.sn\/index.php\/wp-json\/wp\/v2\/pages\/3991\/revisions\/5081"}],"wp:featuredmedia":[{"embeddable":true,"href":"https:\/\/isracrodt.sn\/index.php\/wp-json\/wp\/v2\/media\/3968"}],"wp:attachment":[{"href":"https:\/\/isracrodt.sn\/index.php\/wp-json\/wp\/v2\/media?parent=3991"}],"curies":[{"name":"wp","href":"https:\/\/api.w.org\/{rel}","templated":true}]}}