{"id":3700,"date":"2025-06-02T11:32:01","date_gmt":"2025-06-02T09:32:01","guid":{"rendered":"https:\/\/isracrodt.sn\/?page_id=3700"},"modified":"2025-10-29T12:46:01","modified_gmt":"2025-10-29T11:46:01","slug":"serre-experimentale-aquacole","status":"publish","type":"page","link":"https:\/\/isracrodt.sn\/index.php\/gallery-1\/serre-experimentale-aquacole\/","title":{"rendered":"Unit\u00e9 technique et de recherche  en aquaculture  \u00abArt Sunu Gueej\u00bb"},"content":{"rendered":"\t\t<div data-elementor-type=\"wp-page\" data-elementor-id=\"3700\" class=\"elementor elementor-3700\">\n\t\t\t\t<div class=\"elementor-element elementor-element-03aa914 e-flex e-con-boxed e-con e-parent\" data-id=\"03aa914\" data-element_type=\"container\" data-e-type=\"container\">\n\t\t\t\t\t<div class=\"e-con-inner\">\n\t\t\t\t<div class=\"elementor-element elementor-element-bf84b2c elementor-widget elementor-widget-laborex_about\" data-id=\"bf84b2c\" data-element_type=\"widget\" data-e-type=\"widget\" data-widget_type=\"laborex_about.default\">\n\t\t\t\t<div class=\"elementor-widget-container\">\n\t\t\t\t\t                    <section class=\"about-style-three bg-color-1\">\r\n                <div class=\"pattern-layer\">\r\n                    <div class=\"pattern-1\" style=\"background-image: url(https:\/\/isracrodt.sn\/wp-content\/uploads\/2025\/10\/serre-crodt-ird4.jpeg);\"><\/div>\r\n                    <div class=\"pattern-2\" style=\"background-image: url();\"><\/div>\r\n                <\/div>\r\n                <div class=\"auto-container\">\r\n                    <div class=\"row clearfix\">\r\n                        <div class=\"col-lg-6 col-md-12 col-sm-12 image-column\">\r\n                            <div class=\"image_block_4\">\r\n                                <div class=\"image-box\">\r\n                                    <div class=\"shape\">\r\n                                        <div class=\"shape-1\"><\/div>\r\n                                        <div class=\"shape-2\"><\/div>\r\n                                    <\/div>\r\n                                    <figure class=\"image\">\r\n                                        <img fetchpriority=\"high\" decoding=\"async\" width=\"640\" height=\"480\" src=\"https:\/\/isracrodt.sn\/wp-content\/uploads\/2025\/10\/serre-crodt-ird6.jpeg\" class=\"attachment-full size-full\" alt=\"\" srcset=\"https:\/\/isracrodt.sn\/wp-content\/uploads\/2025\/10\/serre-crodt-ird6.jpeg 640w, https:\/\/isracrodt.sn\/wp-content\/uploads\/2025\/10\/serre-crodt-ird6-300x225.jpeg 300w\" sizes=\"(max-width: 640px) 100vw, 640px\" \/>                                    <\/figure>\r\n                                    <div class=\"text\">\r\n                                        <h2>2021<\/h2>\r\n                                        <h5><\/h5>\r\n                                    <\/div>\r\n                                <\/div>\r\n                            <\/div>\r\n                        <\/div>\r\n                        <div class=\"col-lg-6 col-md-12 col-sm-12 content-column\">\r\n                            <div class=\"content_block_1\">\r\n                                <div class=\"content-box ml-70\">\r\n                                    <div class=\"sec-title\">\r\n                                        <h6><\/h6>\r\n                                        <h2>ART SUNU GUEEJ\u00a0: Plateforme de recherche, et outil de m\u00e9diation scientifique au service de la protection et durabilit\u00e9 de l\u2019environnement marin, futur incubateur d\u2019entreprise<\/h2>\r\n                                    <\/div>\r\n                                    <div class=\"bold-text\">\r\n                                        <p>L\u2019infrastructure se trouve dans le campus ISRA-IRD de Bel-Air (Dakar), proche d\u2019une zone urbaine r\u00e9sidentielle et de la baie de Hann. l\u2019unit\u00e9 exp\u00e9rimentale en aquaculture est constitu\u00e9e d\u2019une serre aquacole de 160m2 , d\u2019un insectarium, d\u2019un \u00e9tang de 50m2 et d\u2019une ombri\u00e8re qui abrite les syst\u00e8mes aquaponique ainsi que deux laboratoires (humide et sec) . <\/p>\r\n                                    <\/div>\r\n                                    <div class=\"text\">\r\n                                        <p>La serre aquacole regorge en son sein 4 syst\u00e8mes \u00e0 eau recycl\u00e9e,qui servent \u00e0 l\u2019\u00e9levage et de support exp\u00e9rimentale. Cette unit\u00e9 exp\u00e9rimentale est devenue depuis 2021, une  plateforme  technique et de recherche d\u00e9nomm\u00e9e \u00abArt Sunu Gueej\u00bb vient du wolof \u00ab Arr Sunu Gueej \u00bb en fran\u00e7ais \u00ab prot\u00e9geons notre mer \u00bb . L\u2019objectif de Art Sunu Gueej est de promouvoir l'\u00e9conomie bleue \u00e0 travers l'aquaculture et  la protection des \u00e9cosyst\u00e8mes marins au S\u00e9n\u00e9gal et au-del\u00e0, dans toute la sous-r\u00e9gion afin d\u2019en assurer leur durabilit\u00e9. \n\n<\/p>\r\n                                    <\/div>\r\n                                    <div class=\"singl-block\">\r\n                                                                                    <div class=\"single-item\">\r\n                                                <div class=\"icon-box\"><\/div>\r\n                                                <h4><\/h4>\r\n                                                <p>L'atteinte de cet objectif se fera par le biais de ces trois axes : \n\nI- de recherche aquacole et l'encadrement des acteurs aquacoles   au S\u00e9n\u00e9gal et dans la sous-r\u00e9gion, \n\nII- M\u00e9diation scientifique centr\u00e9e sur l\u2019int\u00e9r\u00eat \u00e9conomique et la protection de l\u2019environnement marin, \n\n III-Promotion de l\u2019\u00e9conomie bleue par le soutien \u00e0 des activit\u00e9s alternatives \u00e0 la p\u00eache.\n<\/p>\r\n                                            <\/div>\r\n                                                                            <\/div>\r\n                                <\/div>\r\n                            <\/div>\r\n                        <\/div>\r\n                    <\/div>\r\n                <\/div>\r\n            <\/section>\r\n        \t\t\t\t<\/div>\n\t\t\t\t<\/div>\n\t\t\t\t\t<\/div>\n\t\t\t\t<\/div>\n\t\t\t\t<\/div>\n\t\t","protected":false},"excerpt":{"rendered":"<p>2021 ART SUNU GUEEJ\u00a0: Plateforme de recherche, et outil de m\u00e9diation scientifique au service de la protection et durabilit\u00e9 de l\u2019environnement marin, futur incubateur d\u2019entreprise L\u2019infrastructure se trouve dans le [&hellip;]<\/p>\n","protected":false},"author":1,"featured_media":0,"parent":440,"menu_order":0,"comment_status":"closed","ping_status":"closed","template":"","meta":{"om_disable_all_campaigns":false,"_monsterinsights_skip_tracking":false,"_monsterinsights_sitenote_active":false,"_monsterinsights_sitenote_note":"","_monsterinsights_sitenote_category":0,"footnotes":""},"class_list":["post-3700","page","type-page","status-publish","hentry"],"aioseo_notices":[],"_links":{"self":[{"href":"https:\/\/isracrodt.sn\/index.php\/wp-json\/wp\/v2\/pages\/3700","targetHints":{"allow":["GET"]}}],"collection":[{"href":"https:\/\/isracrodt.sn\/index.php\/wp-json\/wp\/v2\/pages"}],"about":[{"href":"https:\/\/isracrodt.sn\/index.php\/wp-json\/wp\/v2\/types\/page"}],"author":[{"embeddable":true,"href":"https:\/\/isracrodt.sn\/index.php\/wp-json\/wp\/v2\/users\/1"}],"replies":[{"embeddable":true,"href":"https:\/\/isracrodt.sn\/index.php\/wp-json\/wp\/v2\/comments?post=3700"}],"version-history":[{"count":12,"href":"https:\/\/isracrodt.sn\/index.php\/wp-json\/wp\/v2\/pages\/3700\/revisions"}],"predecessor-version":[{"id":5126,"href":"https:\/\/isracrodt.sn\/index.php\/wp-json\/wp\/v2\/pages\/3700\/revisions\/5126"}],"up":[{"embeddable":true,"href":"https:\/\/isracrodt.sn\/index.php\/wp-json\/wp\/v2\/pages\/440"}],"wp:attachment":[{"href":"https:\/\/isracrodt.sn\/index.php\/wp-json\/wp\/v2\/media?parent=3700"}],"curies":[{"name":"wp","href":"https:\/\/api.w.org\/{rel}","templated":true}]}}