{"id":3698,"date":"2025-06-02T11:30:54","date_gmt":"2025-06-02T09:30:54","guid":{"rendered":"https:\/\/isracrodt.sn\/?page_id=3698"},"modified":"2025-10-27T10:10:41","modified_gmt":"2025-10-27T09:10:41","slug":"laboratoires","status":"publish","type":"page","link":"https:\/\/isracrodt.sn\/index.php\/gallery-1\/laboratoires\/","title":{"rendered":"Laboratoires"},"content":{"rendered":"\t\t<div data-elementor-type=\"wp-page\" data-elementor-id=\"3698\" class=\"elementor elementor-3698\">\n\t\t\t\t<div class=\"elementor-element elementor-element-69d9a101 e-flex e-con-boxed e-con e-parent\" data-id=\"69d9a101\" data-element_type=\"container\" data-e-type=\"container\">\n\t\t\t\t\t<div class=\"e-con-inner\">\n\t\t\t\t<div class=\"elementor-element elementor-element-9b1c343 elementor-widget elementor-widget-laborex_service1\" data-id=\"9b1c343\" data-element_type=\"widget\" data-e-type=\"widget\" data-widget_type=\"laborex_service1.default\">\n\t\t\t\t<div class=\"elementor-widget-container\">\n\t\t\t\t\t\r\n\t\t\t\t\t<!-- service-section -->\r\n\t\t\t<section class=\"service-section\">\r\n\t\t\t\t<div class=\"pattern-layer\">\r\n\t\t\t\t\t<div class=\"pattern-1\" style=\"background-image: url(https:\/\/isracrodt.sn\/wp-content\/uploads\/2025\/06\/salle-avec-microscope-LOV.jpg);\"><\/div>\r\n\t\t\t\t\t<div class=\"pattern-2\" style=\"background-image: url(https:\/\/isracrodt.sn\/wp-content\/uploads\/2025\/06\/Plantoscope-2.jpg);\"><\/div>\r\n\t\t\t\t<\/div>\r\n\t\t\t\t<div class=\"auto-container\">\r\n\t\t\t\t\t<div class=\"sec-title centred\">\r\n\t\t\t\t\t\t<h6>Nos  Laboratoires<\/h6>\r\n\t\t\t\t\t\t<h2><\/h2>\r\n\t\t\t\t\t<\/div>\r\n\t\t\t\t\t<div class=\"row clearfix\">\r\n\t\t\t\t\t\t\t\t\t\t\t\t\t<div class=\"col-lg-6 col-md-6 col-sm-12 service-block\">\r\n\t\t\t\t\t\t\t\t<div class=\"service-block-three\">\r\n\t\t\t\t\t\t\t\t\t<div class=\"inner-box\">\r\n\t\t\t\t\t\t\t\t\t\t\t\t\t\t\t\t\t\t\t\t<div class=\"icon-box\"><\/div>\r\n\t\t\t\t\t\t\t\t\t\t\t\t\t\t\t\t\t\t\t\t<h4><a href=\"\"  >LABORATOIRE D\u2019OCEANOGRAPHIE PHYSIQUE<\/a><\/h4>\r\n\t\t\t\t\t\t\t\t\t\t\t\t\t\t\t\t\t\t\t<\/div>\r\n\t\t\t\t\t\t\t\t<\/div>\r\n\t\t\t\t\t\t\t<\/div>\r\n\r\n\t\t\t\t\t\t\t\t\t\t\t\t\t<div class=\"col-lg-6 col-md-6 col-sm-12 service-block\">\r\n\t\t\t\t\t\t\t\t<div class=\"service-block-three\">\r\n\t\t\t\t\t\t\t\t\t<div class=\"inner-box\">\r\n\t\t\t\t\t\t\t\t\t\t\t\t\t\t\t\t\t\t\t\t<div class=\"icon-box\"><\/div>\r\n\t\t\t\t\t\t\t\t\t\t\t\t\t\t\t\t\t\t\t\t<h4><a href=\"\"  >LABORATOIRE BIOLOGIE DES ORGANISMES AQUATIQUES           <\/a><\/h4>\r\n\t\t\t\t\t\t\t\t\t\t\t\t\t\t\t\t\t\t\t<\/div>\r\n\t\t\t\t\t\t\t\t<\/div>\r\n\t\t\t\t\t\t\t<\/div>\r\n\r\n\t\t\t\t\t\t\t\t\t\t\t<\/div>\r\n\t\t\t\t<\/div>\r\n\t\t\t<\/section>\r\n\t\t\t<!-- service-section end -->\r\n\t\t\t\t\t\t<\/div>\n\t\t\t\t<\/div>\n\t\t\t\t<div class=\"elementor-element elementor-element-274a10c3 elementor-widget elementor-widget-text-editor\" data-id=\"274a10c3\" data-element_type=\"widget\" data-e-type=\"widget\" data-widget_type=\"text-editor.default\">\n\t\t\t\t<div class=\"elementor-widget-container\">\n\t\t\t\t\t\t\t\t\t<p><span style=\"color: #000000;\"><strong><strong style=\"color: #000000;\"><img fetchpriority=\"high\" decoding=\"async\" class=\"wp-image-4970 size-medium alignright\" src=\"https:\/\/isracrodt.sn\/wp-content\/uploads\/2025\/10\/Labo-plankton2-1-300x200.jpg\" alt=\"\" width=\"300\" height=\"200\" srcset=\"https:\/\/isracrodt.sn\/wp-content\/uploads\/2025\/10\/Labo-plankton2-1-300x200.jpg 300w, https:\/\/isracrodt.sn\/wp-content\/uploads\/2025\/10\/Labo-plankton2-1-1024x683.jpg 1024w, https:\/\/isracrodt.sn\/wp-content\/uploads\/2025\/10\/Labo-plankton2-1-768x512.jpg 768w, https:\/\/isracrodt.sn\/wp-content\/uploads\/2025\/10\/Labo-plankton2-1-1536x1024.jpg 1536w, https:\/\/isracrodt.sn\/wp-content\/uploads\/2025\/10\/Labo-plankton2-1-2048x1365.jpg 2048w\" sizes=\"(max-width: 300px) 100vw, 300px\" \/><\/strong><\/strong><\/span><\/p><p>\u00a0<\/p><p style=\"text-align: justify;\"><span style=\"color: #000000;\"><strong>LABORATOIRE D\u2019OCEANOGRAPHIE PHYSIQUE<img decoding=\"async\" class=\"size-medium wp-image-4969 alignright\" src=\"https:\/\/isracrodt.sn\/wp-content\/uploads\/2025\/10\/Labo-plankton1-1-300x200.jpg\" alt=\"\" width=\"300\" height=\"200\" srcset=\"https:\/\/isracrodt.sn\/wp-content\/uploads\/2025\/10\/Labo-plankton1-1-300x200.jpg 300w, https:\/\/isracrodt.sn\/wp-content\/uploads\/2025\/10\/Labo-plankton1-1-1024x683.jpg 1024w, https:\/\/isracrodt.sn\/wp-content\/uploads\/2025\/10\/Labo-plankton1-1-768x512.jpg 768w, https:\/\/isracrodt.sn\/wp-content\/uploads\/2025\/10\/Labo-plankton1-1-1536x1024.jpg 1536w, https:\/\/isracrodt.sn\/wp-content\/uploads\/2025\/10\/Labo-plankton1-1-2048x1365.jpg 2048w\" sizes=\"(max-width: 300px) 100vw, 300px\" \/><\/strong><\/span><\/p><p style=\"text-align: justify;\"><span style=\"color: #000000;\">Le laboratoire d\u2019Oc\u00e9anographie physique contribue \u00e0 la compr\u00e9hension du Climat \u00e0 travers l\u2019analyse de la variabilit\u00e9 intra saisonni\u00e8re, interannuelle et d\u00e9cennale, le diagnostique des \u00e9v\u00e9nements climatiques extr\u00eames et dynamiques associ\u00e9es et l\u2019interactions oc\u00e9an \u2013 <\/span><span style=\"color: #000000;\">atmosph\u00e8re. C\u2019est \u00e9galement le lieu ou se fait la mod\u00e9lisation du climat: changement climatique et pr\u00e9vision, circulation oc\u00e9anique et la production et analyse de sc\u00e9narios de changement climatique pour des \u00e9tudes d\u2019impacts. Il traite \u00e9galement la dynamique des syst\u00e8mes d\u2019upwelling c\u00f4tiers et les impacts sur l\u2019\u00e9cosyst\u00e8me marin, la relation SST \u2013 couche limite atmosph\u00e9rique marine \u00e0 la c\u00f4te et l\u2019impact des changements climatiques sur la variabilit\u00e9 des upwellings c\u00f4tiers<\/span><\/p><p style=\"text-align: justify;\"><span style=\"color: #000000;\">\u00a0<\/span><\/p><p>\u00a0<\/p><p>\u00a0<\/p><p>\u00a0<\/p><p style=\"text-align: justify;\"><span style=\"color: #000000;\"><strong><img decoding=\"async\" class=\"size-medium wp-image-4972 alignright\" src=\"https:\/\/isracrodt.sn\/wp-content\/uploads\/2025\/10\/Labo-Poisson1-1-300x200.jpg\" alt=\"\" width=\"300\" height=\"200\" srcset=\"https:\/\/isracrodt.sn\/wp-content\/uploads\/2025\/10\/Labo-Poisson1-1-300x200.jpg 300w, https:\/\/isracrodt.sn\/wp-content\/uploads\/2025\/10\/Labo-Poisson1-1-1024x683.jpg 1024w, https:\/\/isracrodt.sn\/wp-content\/uploads\/2025\/10\/Labo-Poisson1-1-768x512.jpg 768w, https:\/\/isracrodt.sn\/wp-content\/uploads\/2025\/10\/Labo-Poisson1-1-1536x1024.jpg 1536w, https:\/\/isracrodt.sn\/wp-content\/uploads\/2025\/10\/Labo-Poisson1-1-2048x1365.jpg 2048w\" sizes=\"(max-width: 300px) 100vw, 300px\" \/>LABORATOIRE BIOLOGIE DES ORGANISMES AQUATIQUES <img loading=\"lazy\" decoding=\"async\" class=\"size-medium wp-image-4974 alignright\" src=\"https:\/\/isracrodt.sn\/wp-content\/uploads\/2025\/10\/Labo-Poisson3-1-300x200.jpg\" alt=\"\" width=\"300\" height=\"200\" srcset=\"https:\/\/isracrodt.sn\/wp-content\/uploads\/2025\/10\/Labo-Poisson3-1-300x200.jpg 300w, https:\/\/isracrodt.sn\/wp-content\/uploads\/2025\/10\/Labo-Poisson3-1-1024x683.jpg 1024w, https:\/\/isracrodt.sn\/wp-content\/uploads\/2025\/10\/Labo-Poisson3-1-768x512.jpg 768w, https:\/\/isracrodt.sn\/wp-content\/uploads\/2025\/10\/Labo-Poisson3-1-1536x1024.jpg 1536w, https:\/\/isracrodt.sn\/wp-content\/uploads\/2025\/10\/Labo-Poisson3-1-2048x1365.jpg 2048w\" sizes=\"(max-width: 300px) 100vw, 300px\" \/><\/strong><\/span><\/p><p style=\"text-align: justify;\"><span style=\"color: #000000;\">Le laboratoire de biologie des organismes aquatiques couvre les th\u00e9matiques li\u00e9es \u00e0 l\u2019ichtyologie,<\/span><span style=\"color: #000000;\">\u00e0 l\u2019\u00e9cologie aquatique, \u00e0 la biodiversit\u00e9 aquatique, \u00e0 la conservation des ressources\u00a0<\/span><span style=\"color: #000000;\">biologiques et g\u00e9n\u00e9tiques, \u00e0 l\u2019\u00e9volution, \u00e0 la physiologie et \u00e0 la biochimie.\u00a0<\/span><span style=\"color: #000000;\">Les questions relatives \u00e0 la biodiversit\u00e9, distribution g\u00e9ographique, taxonomie et morphologie des organismes et micro-organismes marins, ainsi que la reproduction, l\u2019alimentation, le d\u00e9veloppement des esp\u00e8ces aquatiques et \u00e0 l\u2019\u00e9tude de communaut\u00e9s et des habitats aquatiques sont trait\u00e9es dans ce laboratoire.<\/span><\/p><p>\u00a0<\/p><p>\u00a0<\/p>\t\t\t\t\t\t\t\t<\/div>\n\t\t\t\t<\/div>\n\t\t\t\t\t<\/div>\n\t\t\t\t<\/div>\n\t\t<div class=\"elementor-element elementor-element-9cec4f6 e-flex e-con-boxed e-con e-parent\" data-id=\"9cec4f6\" data-element_type=\"container\" data-e-type=\"container\">\n\t\t\t\t\t<div class=\"e-con-inner\">\n\t\t\t\t\t<\/div>\n\t\t\t\t<\/div>\n\t\t\t\t<\/div>\n\t\t","protected":false},"excerpt":{"rendered":"<p>Nos Laboratoires LABORATOIRE D\u2019OCEANOGRAPHIE PHYSIQUE LABORATOIRE BIOLOGIE DES ORGANISMES AQUATIQUES \u00a0 LABORATOIRE D\u2019OCEANOGRAPHIE PHYSIQUE Le laboratoire d\u2019Oc\u00e9anographie physique contribue \u00e0 la compr\u00e9hension du Climat \u00e0 travers l\u2019analyse de la variabilit\u00e9 [&hellip;]<\/p>\n","protected":false},"author":1,"featured_media":0,"parent":440,"menu_order":0,"comment_status":"closed","ping_status":"closed","template":"","meta":{"om_disable_all_campaigns":false,"_monsterinsights_skip_tracking":false,"_monsterinsights_sitenote_active":false,"_monsterinsights_sitenote_note":"","_monsterinsights_sitenote_category":0,"footnotes":""},"class_list":["post-3698","page","type-page","status-publish","hentry"],"aioseo_notices":[],"_links":{"self":[{"href":"https:\/\/isracrodt.sn\/index.php\/wp-json\/wp\/v2\/pages\/3698","targetHints":{"allow":["GET"]}}],"collection":[{"href":"https:\/\/isracrodt.sn\/index.php\/wp-json\/wp\/v2\/pages"}],"about":[{"href":"https:\/\/isracrodt.sn\/index.php\/wp-json\/wp\/v2\/types\/page"}],"author":[{"embeddable":true,"href":"https:\/\/isracrodt.sn\/index.php\/wp-json\/wp\/v2\/users\/1"}],"replies":[{"embeddable":true,"href":"https:\/\/isracrodt.sn\/index.php\/wp-json\/wp\/v2\/comments?post=3698"}],"version-history":[{"count":29,"href":"https:\/\/isracrodt.sn\/index.php\/wp-json\/wp\/v2\/pages\/3698\/revisions"}],"predecessor-version":[{"id":4990,"href":"https:\/\/isracrodt.sn\/index.php\/wp-json\/wp\/v2\/pages\/3698\/revisions\/4990"}],"up":[{"embeddable":true,"href":"https:\/\/isracrodt.sn\/index.php\/wp-json\/wp\/v2\/pages\/440"}],"wp:attachment":[{"href":"https:\/\/isracrodt.sn\/index.php\/wp-json\/wp\/v2\/media?parent=3698"}],"curies":[{"name":"wp","href":"https:\/\/api.w.org\/{rel}","templated":true}]}}