{"id":3696,"date":"2025-06-02T11:30:25","date_gmt":"2025-06-02T09:30:25","guid":{"rendered":"https:\/\/isracrodt.sn\/?page_id=3696"},"modified":"2025-09-18T11:33:47","modified_gmt":"2025-09-18T09:33:47","slug":"plateforme-dimagerie","status":"publish","type":"page","link":"https:\/\/isracrodt.sn\/index.php\/gallery-1\/plateforme-dimagerie\/","title":{"rendered":"Plateforme d&#8217;imagerie"},"content":{"rendered":"<p style=\"text-align: justify;\"><span style=\"color: #000000;\">La plateforme d\u2019imagerie aquatique permet le suivi des communaut\u00e9s planctoniques, maillon cl\u00e9 des \u00e9cosyst\u00e8mes aquatiques qui alimentent l&#8217;ensemble de la cha\u00eene alimentaire et contr\u00f4lent notamment la disponibilit\u00e9 des ressources\u00a0 halieutiques et aquacoles.<\/span><\/p>\n<p style=\"text-align: justify;\"><span style=\"color: #000000;\">Elle comprend trois principaux instruments :<\/span><\/p>\n<ul style=\"text-align: justify;\">\n<li><span style=\"color: #000000;\"><strong>Underwater Vision Profiler (UVP-6)<\/strong>, qui est une cam\u00e9ra sous marine r\u00e9sistante \u00e0 la pression\u00a0 qui peut prendre des images de Plancton et des particules jusqu&#8217;\u00e0 6000 m de profondeur.<\/span><\/li>\n<\/ul>\n<p style=\"text-align: justify;\"><span style=\"color: #000000;\"><img fetchpriority=\"high\" decoding=\"async\" class=\" wp-image-3871 alignnone\" src=\"https:\/\/isracrodt.sn\/wp-content\/uploads\/2025\/06\/UVP6-300x162.jpg\" alt=\"\" width=\"328\" height=\"177\" srcset=\"https:\/\/isracrodt.sn\/wp-content\/uploads\/2025\/06\/UVP6-300x162.jpg 300w, https:\/\/isracrodt.sn\/wp-content\/uploads\/2025\/06\/UVP6.jpg 304w\" sizes=\"(max-width: 328px) 100vw, 328px\" \/><img decoding=\"async\" class=\" wp-image-3870 alignright\" src=\"https:\/\/isracrodt.sn\/wp-content\/uploads\/2025\/06\/Capture14.jpg\" alt=\"\" width=\"83\" height=\"146\" \/><\/span><\/p>\n<ul style=\"text-align: justify;\">\n<li><span style=\"color: #000000;\"><strong>ZooScan<\/strong>: qui est un syst\u00e8me d\u2019imagerie pour la mesure et la classification d&#8217;organismes et de particules (de 150 \u00b5m \u00e0 5 cm) pr\u00e9sents dans un milieu liquide. Il est adapt\u00e9 pour les organismes de type meso- et macro-plancton qui doivent \u00eatre immobiles (fix\u00e9s ou anesth\u00e9si\u00e9s).<\/span><\/li>\n<\/ul>\n<p style=\"text-align: justify;\"><span style=\"color: #000000;\"><img decoding=\"async\" class=\"alignnone size-medium wp-image-3872\" src=\"https:\/\/isracrodt.sn\/wp-content\/uploads\/2025\/06\/zooscan-300x193.jpg\" alt=\"\" width=\"300\" height=\"193\" srcset=\"https:\/\/isracrodt.sn\/wp-content\/uploads\/2025\/06\/zooscan-300x193.jpg 300w, https:\/\/isracrodt.sn\/wp-content\/uploads\/2025\/06\/zooscan-1024x660.jpg 1024w, https:\/\/isracrodt.sn\/wp-content\/uploads\/2025\/06\/zooscan-768x495.jpg 768w, https:\/\/isracrodt.sn\/wp-content\/uploads\/2025\/06\/zooscan.jpg 1080w\" sizes=\"(max-width: 300px) 100vw, 300px\" \/> <img loading=\"lazy\" decoding=\"async\" class=\"wp-image-3873 alignright\" src=\"https:\/\/isracrodt.sn\/wp-content\/uploads\/2025\/06\/zooscan1.jpg\" alt=\"\" width=\"189\" height=\"198\" srcset=\"https:\/\/isracrodt.sn\/wp-content\/uploads\/2025\/06\/zooscan1.jpg 86w, https:\/\/isracrodt.sn\/wp-content\/uploads\/2025\/06\/zooscan1-73x75.jpg 73w\" sizes=\"(max-width: 189px) 100vw, 189px\" \/><\/span><\/p>\n<ul>\n<li style=\"text-align: justify;\"><span style=\"color: #000000;\"><strong>Planktoscope:<\/strong> qui est une machine qui a pour but de photographier du plancton de fa\u00e7on quantitative pour analyser et comptabiliser la population de plancton \u00e0 diff\u00e9rents endroits. Ces photos sont ensuite envoy\u00e9es sur le site EcoTaxa qui gr\u00e2ce \u00e0 une intelligence artificielle identifie les planctons.<\/span><\/li>\n<\/ul>\n<p><img loading=\"lazy\" decoding=\"async\" class=\"alignnone size-medium wp-image-3874\" src=\"https:\/\/isracrodt.sn\/wp-content\/uploads\/2025\/06\/Plantoscope-300x142.jpg\" alt=\"\" width=\"300\" height=\"142\" srcset=\"https:\/\/isracrodt.sn\/wp-content\/uploads\/2025\/06\/Plantoscope-300x142.jpg 300w, https:\/\/isracrodt.sn\/wp-content\/uploads\/2025\/06\/Plantoscope-768x363.jpg 768w, https:\/\/isracrodt.sn\/wp-content\/uploads\/2025\/06\/Plantoscope.jpg 1008w\" sizes=\"(max-width: 300px) 100vw, 300px\" \/><img loading=\"lazy\" decoding=\"async\" class=\"wp-image-3957 alignright\" src=\"https:\/\/isracrodt.sn\/wp-content\/uploads\/2025\/06\/photo-plancton-218x300.jpg\" alt=\"\" width=\"120\" height=\"165\" srcset=\"https:\/\/isracrodt.sn\/wp-content\/uploads\/2025\/06\/photo-plancton-218x300.jpg 218w, https:\/\/isracrodt.sn\/wp-content\/uploads\/2025\/06\/photo-plancton-746x1024.jpg 746w, https:\/\/isracrodt.sn\/wp-content\/uploads\/2025\/06\/photo-plancton-768x1055.jpg 768w, https:\/\/isracrodt.sn\/wp-content\/uploads\/2025\/06\/photo-plancton-1118x1536.jpg 1118w, https:\/\/isracrodt.sn\/wp-content\/uploads\/2025\/06\/photo-plancton.jpg 1170w\" sizes=\"(max-width: 120px) 100vw, 120px\" \/><\/p>\n","protected":false},"excerpt":{"rendered":"<p>La plateforme d\u2019imagerie aquatique permet le suivi des communaut\u00e9s planctoniques, maillon cl\u00e9 des \u00e9cosyst\u00e8mes aquatiques qui alimentent l&#8217;ensemble de la cha\u00eene alimentaire et contr\u00f4lent notamment la disponibilit\u00e9 des ressources\u00a0 halieutiques [&hellip;]<\/p>\n","protected":false},"author":1,"featured_media":0,"parent":440,"menu_order":0,"comment_status":"closed","ping_status":"closed","template":"","meta":{"om_disable_all_campaigns":false,"_monsterinsights_skip_tracking":false,"_monsterinsights_sitenote_active":false,"_monsterinsights_sitenote_note":"","_monsterinsights_sitenote_category":0,"footnotes":""},"class_list":["post-3696","page","type-page","status-publish","hentry"],"aioseo_notices":[],"_links":{"self":[{"href":"https:\/\/isracrodt.sn\/index.php\/wp-json\/wp\/v2\/pages\/3696","targetHints":{"allow":["GET"]}}],"collection":[{"href":"https:\/\/isracrodt.sn\/index.php\/wp-json\/wp\/v2\/pages"}],"about":[{"href":"https:\/\/isracrodt.sn\/index.php\/wp-json\/wp\/v2\/types\/page"}],"author":[{"embeddable":true,"href":"https:\/\/isracrodt.sn\/index.php\/wp-json\/wp\/v2\/users\/1"}],"replies":[{"embeddable":true,"href":"https:\/\/isracrodt.sn\/index.php\/wp-json\/wp\/v2\/comments?post=3696"}],"version-history":[{"count":6,"href":"https:\/\/isracrodt.sn\/index.php\/wp-json\/wp\/v2\/pages\/3696\/revisions"}],"predecessor-version":[{"id":4565,"href":"https:\/\/isracrodt.sn\/index.php\/wp-json\/wp\/v2\/pages\/3696\/revisions\/4565"}],"up":[{"embeddable":true,"href":"https:\/\/isracrodt.sn\/index.php\/wp-json\/wp\/v2\/pages\/440"}],"wp:attachment":[{"href":"https:\/\/isracrodt.sn\/index.php\/wp-json\/wp\/v2\/media?parent=3696"}],"curies":[{"name":"wp","href":"https:\/\/api.w.org\/{rel}","templated":true}]}}