{"id":3694,"date":"2025-06-02T11:29:21","date_gmt":"2025-06-02T09:29:21","guid":{"rendered":"https:\/\/isracrodt.sn\/?page_id=3694"},"modified":"2025-09-29T11:54:29","modified_gmt":"2025-09-29T09:54:29","slug":"antenne-satellitaire","status":"publish","type":"page","link":"https:\/\/isracrodt.sn\/index.php\/gallery-1\/antenne-satellitaire\/","title":{"rendered":"Antenne satellitaire"},"content":{"rendered":"<p><span style=\"font-weight: 400; color: #000000; font-size: 12pt;\"><span style=\"font-size: 14pt;\">Ce dispositif permet l\u2019observation et le suivi oc\u00e9anographique \u00e0 travers :<\/span>\u00a0<\/span><\/p>\n<p>&nbsp;<\/p>\n<ul>\n<li style=\"font-weight: 400;\" aria-level=\"1\"><span style=\"font-weight: 400; color: #000000; font-size: 12pt;\"><img fetchpriority=\"high\" decoding=\"async\" class=\"wp-image-4464 alignleft\" src=\"https:\/\/isracrodt.sn\/wp-content\/uploads\/2025\/09\/Antenne-Satellite-300x300.jpg\" alt=\"\" width=\"376\" height=\"376\" srcset=\"https:\/\/isracrodt.sn\/wp-content\/uploads\/2025\/09\/Antenne-Satellite-300x300.jpg 300w, https:\/\/isracrodt.sn\/wp-content\/uploads\/2025\/09\/Antenne-Satellite-150x150.jpg 150w, https:\/\/isracrodt.sn\/wp-content\/uploads\/2025\/09\/Antenne-Satellite.jpg 321w\" sizes=\"(max-width: 376px) 100vw, 376px\" \/>&#8211; <span style=\"font-size: 14pt;\">la collecte d\u2019images satellitaires (haute et moyenne r\u00e9solution) pour la surveillance de la surface marine.<\/span><\/span><\/li>\n<li aria-level=\"1\"><\/li>\n<li style=\"font-weight: 400;\" aria-level=\"1\"><span style=\"font-weight: 400; color: #000000; font-size: 14pt;\">&#8211; le suivi de la temp\u00e9rature de surface de la mer, de la chlorophylle-a et de la productivit\u00e9 primaire.<\/span><\/li>\n<li aria-level=\"1\"><\/li>\n<li style=\"font-weight: 400;\" aria-level=\"1\"><span style=\"font-weight: 400; color: #000000; font-size: 14pt;\">&#8211; la d\u00e9tection et suivi des courants marins, tourbillons, fronts thermiques et zones d\u2019upwelling.<\/span><\/li>\n<li aria-level=\"1\"><\/li>\n<li style=\"font-weight: 400;\" aria-level=\"1\"><span style=\"font-weight: 400; color: #000000; font-size: 14pt;\">&#8211; l\u2019observation de la dynamique c\u00f4ti\u00e8re (\u00e9rosion, s\u00e9dimentation, turbidit\u00e9 des eaux).<\/span><\/li>\n<li aria-level=\"1\"><\/li>\n<li aria-level=\"1\"><\/li>\n<\/ul>\n<p><strong><span style=\"color: #000000; font-size: 14pt;\">Cet outil appui la recherche et les gestionnaires dans :<\/span><\/strong><\/p>\n<p>&nbsp;<\/p>\n<ul>\n<li style=\"font-weight: 400;\" aria-level=\"1\"><span style=\"font-size: 14pt; color: #000000;\"><span style=\"font-weight: 400;\">&#8211; La d\u00e9tection d\u2019anomalies environnementales influen\u00e7ant la distribution des stocks<\/span><span style=\"font-weight: 400;\">&#8211;<\/span><\/span><\/li>\n<\/ul>\n<ul>\n<li style=\"font-weight: 400;\" aria-level=\"1\"><span style=\"font-weight: 400; color: #000000; font-size: 14pt;\">&#8211; L\u2019alerte pr\u00e9coce en cas d\u2019\u00e9v\u00e9nements extr\u00eames (cyclones, temp\u00eates, inondations c\u00f4ti\u00e8res).<\/span><\/li>\n<\/ul>\n<ul style=\"text-align: justify;\">\n<li style=\"font-weight: 400;\" aria-level=\"1\"><span style=\"font-weight: 400; color: #000000; font-size: 14pt;\">&#8211; L\u2019appui \u00e0 la planification spatiale marine<\/span><\/li>\n<li aria-level=\"1\"><\/li>\n<li style=\"font-weight: 400; text-align: justify;\" aria-level=\"1\"><span style=\"font-weight: 400; color: #000000; font-size: 14pt;\">&#8211; Le suivi de l\u2019effort de p\u00eache (via donn\u00e9es AIS\/VMS coupl\u00e9es aux images satellites).<\/span><\/li>\n<\/ul>\n<ul>\n<li style=\"font-weight: 400; text-align: justify;\" aria-level=\"1\"><span style=\"font-weight: 400; color: #000000; font-size: 14pt;\">&#8211; La mise en place de plateformes d\u2019information oc\u00e9anographique accessibles<\/span><\/li>\n<li style=\"text-align: justify;\" aria-level=\"1\"><\/li>\n<li style=\"font-weight: 400; text-align: justify;\" aria-level=\"1\"><span style=\"color: #000000; font-size: 14pt;\"><span style=\"font-weight: 400;\">&#8211; La disposition de donn\u00e9es en temps r\u00e9e<\/span><b>l\u00a0<\/b><\/span><\/li>\n<\/ul>\n","protected":false},"excerpt":{"rendered":"<p>Ce dispositif permet l\u2019observation et le suivi oc\u00e9anographique \u00e0 travers :\u00a0 &nbsp; &#8211; la collecte d\u2019images satellitaires (haute et moyenne r\u00e9solution) pour la surveillance de la surface marine. &#8211; le [&hellip;]<\/p>\n","protected":false},"author":1,"featured_media":0,"parent":440,"menu_order":0,"comment_status":"closed","ping_status":"closed","template":"","meta":{"om_disable_all_campaigns":false,"_monsterinsights_skip_tracking":false,"_monsterinsights_sitenote_active":false,"_monsterinsights_sitenote_note":"","_monsterinsights_sitenote_category":0,"footnotes":""},"class_list":["post-3694","page","type-page","status-publish","hentry"],"aioseo_notices":[],"_links":{"self":[{"href":"https:\/\/isracrodt.sn\/index.php\/wp-json\/wp\/v2\/pages\/3694","targetHints":{"allow":["GET"]}}],"collection":[{"href":"https:\/\/isracrodt.sn\/index.php\/wp-json\/wp\/v2\/pages"}],"about":[{"href":"https:\/\/isracrodt.sn\/index.php\/wp-json\/wp\/v2\/types\/page"}],"author":[{"embeddable":true,"href":"https:\/\/isracrodt.sn\/index.php\/wp-json\/wp\/v2\/users\/1"}],"replies":[{"embeddable":true,"href":"https:\/\/isracrodt.sn\/index.php\/wp-json\/wp\/v2\/comments?post=3694"}],"version-history":[{"count":12,"href":"https:\/\/isracrodt.sn\/index.php\/wp-json\/wp\/v2\/pages\/3694\/revisions"}],"predecessor-version":[{"id":4576,"href":"https:\/\/isracrodt.sn\/index.php\/wp-json\/wp\/v2\/pages\/3694\/revisions\/4576"}],"up":[{"embeddable":true,"href":"https:\/\/isracrodt.sn\/index.php\/wp-json\/wp\/v2\/pages\/440"}],"wp:attachment":[{"href":"https:\/\/isracrodt.sn\/index.php\/wp-json\/wp\/v2\/media?parent=3694"}],"curies":[{"name":"wp","href":"https:\/\/api.w.org\/{rel}","templated":true}]}}