{"id":3692,"date":"2025-06-02T11:28:09","date_gmt":"2025-06-02T09:28:09","guid":{"rendered":"https:\/\/isracrodt.sn\/?page_id=3692"},"modified":"2025-10-30T13:25:19","modified_gmt":"2025-10-30T12:25:19","slug":"bureau-de-calcul","status":"publish","type":"page","link":"https:\/\/isracrodt.sn\/index.php\/gallery-1\/bureau-de-calcul\/","title":{"rendered":"Bureau de calcul"},"content":{"rendered":"<p><span style=\"font-weight: 400; color: #000000;\">Gr\u00e2ce \u00e0 ce service le Centre peut :\u00a0<\/span><\/p>\n<ul>\n<li style=\"font-weight: 400; text-align: justify;\" aria-level=\"1\"><span style=\"font-weight: 400; color: #000000;\"><img fetchpriority=\"high\" decoding=\"async\" class=\"wp-image-4466 alignright\" src=\"https:\/\/isracrodt.sn\/wp-content\/uploads\/2025\/09\/bureau-calcul-300x225.jpg\" alt=\"\" width=\"291\" height=\"218\" srcset=\"https:\/\/isracrodt.sn\/wp-content\/uploads\/2025\/09\/bureau-calcul-300x225.jpg 300w, https:\/\/isracrodt.sn\/wp-content\/uploads\/2025\/09\/bureau-calcul-768x576.jpg 768w, https:\/\/isracrodt.sn\/wp-content\/uploads\/2025\/09\/bureau-calcul.jpg 1000w\" sizes=\"(max-width: 291px) 100vw, 291px\" \/>Assurer la gestion, le traitement et l\u2019exploitation des donn\u00e9es issues des activit\u00e9s de recherche et de suivi halieutiques.<\/span><\/li>\n<li style=\"font-weight: 400; text-align: justify;\" aria-level=\"1\"><span style=\"font-weight: 400; color: #000000;\">Garantir la fiabilit\u00e9, la coh\u00e9rence et la tra\u00e7abilit\u00e9 des donn\u00e9es scientifiques.<\/span><\/li>\n<li style=\"font-weight: 400; text-align: justify;\" aria-level=\"1\"><span style=\"font-weight: 400; color: #000000;\"><span style=\"font-weight: 400; color: #000000;\">Mettre \u00e0 disposition des chercheurs, d\u00e9cideurs et partenaires des bases de donn\u00e9es fiables pour l\u2019\u00e9valuation et la gestion durable des p\u00eacheries.<\/span><\/span>\n<ul style=\"text-align: justify;\">\n<li style=\"font-weight: 400;\" aria-level=\"1\"><\/li>\n<\/ul>\n<\/li>\n<\/ul>\n<p style=\"text-align: justify;\"><span style=\"font-weight: 400; color: #000000;\">En effet, le bureau calcul est charg\u00e9 :<\/span><\/p>\n<ul style=\"text-align: justify;\">\n<li style=\"font-weight: 400;\" aria-level=\"1\"><span style=\"color: #000000;\"><b>De la saisie et gestion des donn\u00e9es<\/b><span style=\"font-weight: 400;\"> : centralisation et archivage num\u00e9rique des donn\u00e9es issues des enqu\u00eates de p\u00eache, campagnes en mer, observations biologiques et socio-\u00e9conomiques.<\/span><\/span><\/li>\n<li style=\"font-weight: 400;\" aria-level=\"1\"><span style=\"color: #000000;\"><b>De l\u2019analyse et traitement<\/b><span style=\"font-weight: 400;\"> : application de m\u00e9thodes statistiques, calcul d\u2019indicateurs biologiques, \u00e9cologiques et \u00e9conomiques.<\/span><\/span><\/li>\n<\/ul>\n<p style=\"text-align: justify;\"><span style=\"color: #000000;\"><b>De la s\u00e9curisation<\/b><span style=\"font-weight: 400;\"> : mise en place de protocoles de sauvegarde et d\u2019acc\u00e8s contr\u00f4l\u00e9 aux bases de donn\u00e9es.<span style=\"font-weight: 400; color: #000000;\"><img decoding=\"async\" class=\"wp-image-4580 alignright\" style=\"color: #000000;\" src=\"https:\/\/isracrodt.sn\/wp-content\/uploads\/2025\/10\/20220206_081154_mfnr-225x300.jpg\" alt=\"\" width=\"121\" height=\"162\" srcset=\"https:\/\/isracrodt.sn\/wp-content\/uploads\/2025\/10\/20220206_081154_mfnr-225x300.jpg 225w, https:\/\/isracrodt.sn\/wp-content\/uploads\/2025\/10\/20220206_081154_mfnr.jpg 715w\" sizes=\"(max-width: 121px) 100vw, 121px\" \/><\/span><\/span><\/span><\/p>\n","protected":false},"excerpt":{"rendered":"<p>Gr\u00e2ce \u00e0 ce service le Centre peut :\u00a0 Assurer la gestion, le traitement et l\u2019exploitation des donn\u00e9es issues des activit\u00e9s de recherche et de suivi halieutiques. Garantir la fiabilit\u00e9, la [&hellip;]<\/p>\n","protected":false},"author":1,"featured_media":0,"parent":440,"menu_order":0,"comment_status":"closed","ping_status":"closed","template":"","meta":{"om_disable_all_campaigns":false,"_monsterinsights_skip_tracking":false,"_monsterinsights_sitenote_active":false,"_monsterinsights_sitenote_note":"","_monsterinsights_sitenote_category":0,"footnotes":""},"class_list":["post-3692","page","type-page","status-publish","hentry"],"aioseo_notices":[],"_links":{"self":[{"href":"https:\/\/isracrodt.sn\/index.php\/wp-json\/wp\/v2\/pages\/3692","targetHints":{"allow":["GET"]}}],"collection":[{"href":"https:\/\/isracrodt.sn\/index.php\/wp-json\/wp\/v2\/pages"}],"about":[{"href":"https:\/\/isracrodt.sn\/index.php\/wp-json\/wp\/v2\/types\/page"}],"author":[{"embeddable":true,"href":"https:\/\/isracrodt.sn\/index.php\/wp-json\/wp\/v2\/users\/1"}],"replies":[{"embeddable":true,"href":"https:\/\/isracrodt.sn\/index.php\/wp-json\/wp\/v2\/comments?post=3692"}],"version-history":[{"count":6,"href":"https:\/\/isracrodt.sn\/index.php\/wp-json\/wp\/v2\/pages\/3692\/revisions"}],"predecessor-version":[{"id":5147,"href":"https:\/\/isracrodt.sn\/index.php\/wp-json\/wp\/v2\/pages\/3692\/revisions\/5147"}],"up":[{"embeddable":true,"href":"https:\/\/isracrodt.sn\/index.php\/wp-json\/wp\/v2\/pages\/440"}],"wp:attachment":[{"href":"https:\/\/isracrodt.sn\/index.php\/wp-json\/wp\/v2\/media?parent=3692"}],"curies":[{"name":"wp","href":"https:\/\/api.w.org\/{rel}","templated":true}]}}