{"id":3690,"date":"2025-06-02T11:27:00","date_gmt":"2025-06-02T09:27:00","guid":{"rendered":"https:\/\/isracrodt.sn\/?page_id=3690"},"modified":"2025-10-22T10:58:36","modified_gmt":"2025-10-22T08:58:36","slug":"navire-de-recherches","status":"publish","type":"page","link":"https:\/\/isracrodt.sn\/index.php\/gallery-1\/navire-de-recherches\/","title":{"rendered":"Navire de recherches"},"content":{"rendered":"\t\t<div data-elementor-type=\"wp-page\" data-elementor-id=\"3690\" class=\"elementor elementor-3690\">\n\t\t\t\t<div class=\"elementor-element elementor-element-78daf391 e-con-full e-flex e-con e-parent\" data-id=\"78daf391\" data-element_type=\"container\" data-e-type=\"container\">\n\t\t<div class=\"elementor-element elementor-element-cc5df1a e-con-full e-flex e-con e-child\" data-id=\"cc5df1a\" data-element_type=\"container\" data-e-type=\"container\">\n\t\t\t\t<div class=\"elementor-element elementor-element-c9868c7 elementor-widget elementor-widget-laborex_about\" data-id=\"c9868c7\" data-element_type=\"widget\" data-e-type=\"widget\" data-widget_type=\"laborex_about.default\">\n\t\t\t\t<div class=\"elementor-widget-container\">\n\t\t\t\t\t                    <section class=\"about-section sec-pad-2\">\r\n                <div class=\"auto-container\">\r\n                    <div class=\"row align-items-center clearfix\">\r\n                        <div class=\"col-lg-6 col-md-12 col-sm-12 content-column\">\r\n                            <div class=\"content_block_1\">\r\n                                <div class=\"content-box\">\r\n                                    <div class=\"sec-title\">\r\n                                        <h6> ITAF DEME<\/h6>\r\n                                        <h2>LE NAVIRE OCEANOGRAPHIQUE ITAF\u00a0 DEME (Pr\u00e9sentation sommaire du bateau N\/O ITAF DEME )<\/h2>\r\n                                    <\/div>\r\n                                    <div class=\"bold-text\">\r\n                                        <p>Lieu de construction\u00a0: NIGATA \u2013JAPON\n\n\u00a0<\/p>\r\n                                    <\/div>\r\n                                    <div class=\"text\">\r\n                                        <p>Chalutier de p\u00eache arri\u00e8re construit au Japon en 2000 dans le cadre de la coop\u00e9ration Japonaise. Il\n\nest \u00e9quip\u00e9 de mat\u00e9riel scientifique qui permet d\u2019aborder toutes recherches du littoral s\u00e9n\u00e9galais et\n\nde la sous-r\u00e9gion.<\/p>\r\n                                        <ul class=\"list-style-one clearfix\">\r\n                                                                                    <\/ul>\r\n                                    <\/div>\r\n                                    <div class=\"btn-box\">\r\n                                        <a href=\"\"  target=\"_blank\" rel=\"nofollow\"class=\"theme-btn-one\"><\/a>\r\n                                    <\/div>\r\n                                <\/div>\r\n                            <\/div>\r\n                        <\/div>\r\n                        <div class=\"col-lg-6 col-md-12 col-sm-12 image-column\">\r\n                            <div class=\"image_block_1\">\r\n                                <div class=\"image-box\">\r\n                                    <div class=\"shape\">\r\n                                        <div class=\"shape-1\" style=\"background-image: url();\"><\/div>\r\n                                        <div class=\"shape-2\" style=\"background-image: url(https:\/\/isracrodt.sn\/wp-content\/plugins\/elementor\/assets\/images\/placeholder.png);\"><\/div>\r\n                                    <\/div>\r\n                                    <figure class=\"image\">\r\n                                        <img fetchpriority=\"high\" decoding=\"async\" width=\"2224\" height=\"1920\" src=\"https:\/\/isracrodt.sn\/wp-content\/uploads\/2025\/06\/Itaf-DEME-1.png\" class=\"attachment-full size-full\" alt=\"\" srcset=\"https:\/\/isracrodt.sn\/wp-content\/uploads\/2025\/06\/Itaf-DEME-1.png 2224w, https:\/\/isracrodt.sn\/wp-content\/uploads\/2025\/06\/Itaf-DEME-1-300x259.png 300w, https:\/\/isracrodt.sn\/wp-content\/uploads\/2025\/06\/Itaf-DEME-1-1024x884.png 1024w, https:\/\/isracrodt.sn\/wp-content\/uploads\/2025\/06\/Itaf-DEME-1-768x663.png 768w, https:\/\/isracrodt.sn\/wp-content\/uploads\/2025\/06\/Itaf-DEME-1-1536x1326.png 1536w, https:\/\/isracrodt.sn\/wp-content\/uploads\/2025\/06\/Itaf-DEME-1-2048x1768.png 2048w\" sizes=\"(max-width: 2224px) 100vw, 2224px\" \/>                                    <\/figure>\r\n                                    <div class=\"text\">\r\n                                        <h2><\/h2>\r\n                                        <h5>Date de premier lancement :  26\u00a0 mai\u00a0 2000<\/h5>\r\n                                    <\/div>\r\n                                <\/div>\r\n                            <\/div>\r\n                        <\/div>\r\n                    <\/div>\r\n                <\/div>\r\n            <\/section>\r\n        \t\t\t\t<\/div>\n\t\t\t\t<\/div>\n\t\t\t\t<\/div>\n\t\t\t\t<div class=\"elementor-element elementor-element-465e8be7 elementor-widget elementor-widget-text-editor\" data-id=\"465e8be7\" data-element_type=\"widget\" data-e-type=\"widget\" data-widget_type=\"text-editor.default\">\n\t\t\t\t<div class=\"elementor-widget-container\">\n\t\t\t\t\t\t\t\t\t<p style=\"text-align: justify;\"><span style=\"color: #000000;\">Le C.R.O.D.T\u00a0 dispose de moyens lourds communs \u00e0 savoir\u00a0:<\/span><\/p><p style=\"text-align: justify;\"><span style=\"color: #000000;\">Un d\u00e9partement informatique qui fournit et rend op\u00e9rationnels tous les moyens de calcul n\u00e9cessaire aux recherches et \u00e0 l\u2019administration du centre. Une station de T\u00e9l\u00e9d\u00e9tection (UTIS) Unit\u00e9 de traitement d\u2019Images Satellitaires objet d\u2019une coop\u00e9ration \u00e9troite entre l&#8217;ISRA, l\u2019IRD et l\u2019Universit\u00e9 de Dakar. Cette unit\u00e9 assure entre autres un suivi en temps r\u00e9el des temp\u00e9ratures de surface de la zone oc\u00e9anique de la r\u00e9gion.\u00a0<\/span><\/p><p style=\"text-align: justify;\"><span style=\"color: #000000;\">Un navire de recherches oc\u00e9anographique, Le ITAF DEME, chalutier de p\u00eache arri\u00e8re\u00a0 de 38 m\u00e8tres, construit en 2000 au Japon et dot\u00e9 des \u00e9quipements scientifiques les plus modernes, en particulier pour les \u00e9tudes oc\u00e9anographiques et d\u2019\u00e9cho int\u00e9gration, technique con\u00e7ue pour l\u2019estimation des biomasses de poissons par sondage acoustique.<\/span><\/p><p style=\"text-align: justify;\"><strong><span style=\"color: #000000;\">CARACTERISTIQUES<u>\u00a0<\/u><\/span><\/strong><\/p><p style=\"text-align: justify;\"><span style=\"color: #000000;\">Longueur\u00a0: 32.70 m\u00e8tres<\/span><\/p><p style=\"text-align: justify;\"><span style=\"color: #000000;\">Largeur\u00a0\u00a0\u00a0\u00a0 : 8.10 m\u00e8tres<\/span><\/p><p style=\"text-align: justify;\"><span style=\"color: #000000;\">Tonnage\u00a0 brut\u00a0: 318\u00a0 tonnes<\/span><\/p><p style=\"text-align: justify;\"><span style=\"color: #000000;\">Tonnage net\u00a0: 96 tonnes<\/span><\/p><p style=\"text-align: justify;\"><span style=\"color: #000000;\">Vitesse\u00a0 maximale \u00e0 l\u2019essai\u00a0: 12.62 n\u0153uds<\/span><\/p><p style=\"text-align: justify;\"><span style=\"color: #000000;\">Effectif maximal\u00a0: 26 personnes<\/span><\/p><ul style=\"text-align: justify;\"><li><span style=\"color: #000000;\">8 Scientifiques<\/span><\/li><li>\u00a0<\/li><li><span style=\"color: #000000;\">4 officiers de la marine<\/span><\/li><li>\u00a0<\/li><li><span style=\"color: #000000;\">14 membres d\u2019\u00e9quipage<\/span><\/li><li>\u00a0<\/li><\/ul><p style=\"text-align: justify;\"><strong><span style=\"color: #000000;\"> Types de chaluts<\/span><\/strong><\/p><p style=\"text-align: justify;\"><span style=\"color: #000000;\">Type de chalut p\u00e9lagique :\u00a0 <strong>NICHIWO NST 625<\/strong><\/span><\/p><p style=\"text-align: justify;\"><span style=\"color: #000000;\">Type de chalut p\u00e9lagique: <strong>NICHIWO MAZERAN 103<\/strong><\/span><\/p><p style=\"text-align: justify;\"><span style=\"color: #000000;\"><strong><u>L\u2019UTILISATION DE L\u2019ACOUSTIQUE DANS LA RECHERCHE HALIEUTIQUE<\/u><\/strong><\/span><\/p><p style=\"text-align: justify;\"><span style=\"color: #000000;\">Les techniques acoustiques<\/span><\/p><p style=\"text-align: justify;\"><span style=\"color: #000000;\">L\u2019acoustique est une technique d\u2019investigation sous-marine utilis\u00e9e depuis les ann\u00e9es 30 dans les domaines de la navigation, de l\u2019oc\u00e9anographie et de la p\u00eache. L\u2019utilisation de l\u2019acoustique en halieutique a pris son essor dans les ann\u00e9es soixante (Forbes et Nakken, 1972). Depuis les m\u00e9thodes acoustiques pour la d\u00e9tection de poissons et l\u2019\u00e9valuation des stocks sont largement utilis\u00e9es dans le monde (MacLennan et Simmonds ,1992).<\/span><\/p><p style=\"text-align: justify;\"><span style=\"color: #000000;\">La non agressivit\u00e9 de cette technique pour le milieu, la rapidit\u00e9 de mise en \u0153uvre, la fiabilit\u00e9 et la rapidit\u00e9 d\u2019obtention de r\u00e9sultats en font partout dans le monde un outil de choix pour le suivi et l\u2019\u00e9valuation des biomasses et peuplements de poissons p\u00e9lagiques. Cette technique est id\u00e9ale pour le S\u00e9n\u00e9gal dont la partie la plus importante de la ressource en poissons est constitu\u00e9e de petits p\u00e9lagiques c\u00f4tiers (sardinelles essentiellement).<\/span><\/p><p style=\"text-align: justify;\"><span style=\"color: #000000;\">Le principe de base<\/span><\/p><p style=\"text-align: justify;\"><span style=\"color: #000000;\">Le principe de l\u2019hydroacoustique est bas\u00e9 sur la propagation des ondes sonores dans l\u2019eau et leur r\u00e9flexion sur tout corps rencontr\u00e9 entre la source et le fond, en ce qui nous concerne, sur les poissons. Dans l\u2019eau, les particules du milieu se d\u00e9placent dans la direction de propagation de l\u2019\u00e9nergie.<\/span><\/p><p style=\"text-align: justify;\"><span style=\"color: #000000;\">La propagation du son dans l\u2019eau est rectiligne tant que l\u2019onde acoustique ne rencontre pas de couches \u00e0 caract\u00e9ristiques diff\u00e9rentes qui peuvent entra\u00eener une d\u00e9viation des rayons sonores (r\u00e9fraction). La vitesse de propagation ou c\u00e9l\u00e9rit\u00e9 dans l\u2019eau d\u00e9pend essentiellement de la temp\u00e9rature, de la salinit\u00e9 et de la pression.<\/span><\/p><p style=\"text-align: justify;\"><span style=\"color: #000000;\">Cette vitesse est de 1470 m\u00e8tres par seconde pour de l\u2019eau douce \u00e0 15\u00b0C \u00e0 la pression atmosph\u00e9rique. Elle augmente d\u2019environ 3,5 m\u00e8tres par seconde par degr\u00e9s.<\/span><\/p><p style=\"text-align: justify;\">\u00a0<\/p>\t\t\t\t\t\t\t\t<\/div>\n\t\t\t\t<\/div>\n\t\t\t\t<\/div>\n\t\t\t\t<\/div>\n\t\t","protected":false},"excerpt":{"rendered":"<p>ITAF DEME LE NAVIRE OCEANOGRAPHIQUE ITAF\u00a0 DEME (Pr\u00e9sentation sommaire du bateau N\/O ITAF DEME ) Lieu de construction\u00a0: NIGATA \u2013JAPON \u00a0 Chalutier de p\u00eache arri\u00e8re construit au Japon en 2000 [&hellip;]<\/p>\n","protected":false},"author":1,"featured_media":0,"parent":440,"menu_order":0,"comment_status":"closed","ping_status":"closed","template":"","meta":{"om_disable_all_campaigns":false,"_monsterinsights_skip_tracking":false,"_monsterinsights_sitenote_active":false,"_monsterinsights_sitenote_note":"","_monsterinsights_sitenote_category":0,"footnotes":""},"class_list":["post-3690","page","type-page","status-publish","hentry"],"aioseo_notices":[],"_links":{"self":[{"href":"https:\/\/isracrodt.sn\/index.php\/wp-json\/wp\/v2\/pages\/3690","targetHints":{"allow":["GET"]}}],"collection":[{"href":"https:\/\/isracrodt.sn\/index.php\/wp-json\/wp\/v2\/pages"}],"about":[{"href":"https:\/\/isracrodt.sn\/index.php\/wp-json\/wp\/v2\/types\/page"}],"author":[{"embeddable":true,"href":"https:\/\/isracrodt.sn\/index.php\/wp-json\/wp\/v2\/users\/1"}],"replies":[{"embeddable":true,"href":"https:\/\/isracrodt.sn\/index.php\/wp-json\/wp\/v2\/comments?post=3690"}],"version-history":[{"count":39,"href":"https:\/\/isracrodt.sn\/index.php\/wp-json\/wp\/v2\/pages\/3690\/revisions"}],"predecessor-version":[{"id":4893,"href":"https:\/\/isracrodt.sn\/index.php\/wp-json\/wp\/v2\/pages\/3690\/revisions\/4893"}],"up":[{"embeddable":true,"href":"https:\/\/isracrodt.sn\/index.php\/wp-json\/wp\/v2\/pages\/440"}],"wp:attachment":[{"href":"https:\/\/isracrodt.sn\/index.php\/wp-json\/wp\/v2\/media?parent=3690"}],"curies":[{"name":"wp","href":"https:\/\/api.w.org\/{rel}","templated":true}]}}