{"id":3688,"date":"2025-06-02T11:25:38","date_gmt":"2025-06-02T09:25:38","guid":{"rendered":"https:\/\/isracrodt.sn\/?page_id=3688"},"modified":"2025-10-15T14:14:24","modified_gmt":"2025-10-15T12:14:24","slug":"aquaculture","status":"publish","type":"page","link":"https:\/\/isracrodt.sn\/index.php\/research\/gallery-2\/aquaculture\/","title":{"rendered":"Aquaculture"},"content":{"rendered":"<p>&nbsp;<\/p>\n<p><span style=\"font-weight: 400; color: #000000;\"><img fetchpriority=\"high\" decoding=\"async\" class=\"wp-image-3969 alignright\" src=\"https:\/\/isracrodt.sn\/wp-content\/uploads\/2025\/06\/interieur-serre-300x225.jpg\" alt=\"\" width=\"316\" height=\"237\" srcset=\"https:\/\/isracrodt.sn\/wp-content\/uploads\/2025\/06\/interieur-serre-300x225.jpg 300w, https:\/\/isracrodt.sn\/wp-content\/uploads\/2025\/06\/interieur-serre-1024x768.jpg 1024w, https:\/\/isracrodt.sn\/wp-content\/uploads\/2025\/06\/interieur-serre-768x576.jpg 768w, https:\/\/isracrodt.sn\/wp-content\/uploads\/2025\/06\/interieur-serre-1536x1152.jpg 1536w, https:\/\/isracrodt.sn\/wp-content\/uploads\/2025\/06\/interieur-serre-2048x1536.jpg 2048w\" sizes=\"(max-width: 316px) 100vw, 316px\" \/><strong>Le CRODT dispose d\u2019une expertise solide et reconnue en recherche aquacole, d\u00e9velopp\u00e9e \u00e0 travers des programmes de recherche, d&#8217;exp\u00e9rimentation et de transfert de technologies. Ses comp\u00e9tences couvrent l\u2019ensemble de la fili\u00e8re aquaculture :<\/strong><\/span><\/p>\n<ul style=\"text-align: justify;\">\n<li><span style=\"color: #000000;\">&#8211; La ma\u00eetrise des syst\u00e8mes de production (poissons, mollusques, crustac\u00e9s, algues) en milieux dul\u00e7aquicole, saum\u00e2tre et marin ;<\/span><\/li>\n<li style=\"font-weight: 400;\" aria-level=\"1\"><span style=\"color: #000000;\">&#8211; L\u2019am\u00e9lioration g\u00e9n\u00e9tique et nutritionnelle des esp\u00e8ces pour optimiser la croissance, la r\u00e9sistance aux maladies et la qualit\u00e9 des produits ;<\/span><\/li>\n<li style=\"font-weight: 400;\" aria-level=\"1\"><span style=\"color: #000000;\">&#8211; Le d\u00e9veloppement de techniques durables, int\u00e9grant une gestion rationnelle des ressources et la r\u00e9duction de l\u2019impact environnemental ;<\/span><\/li>\n<li style=\"font-weight: 400;\" aria-level=\"1\"><span style=\"color: #000000;\">&#8211; L\u2019innovation technologique, avec le d\u00e9ploiement de syst\u00e8mes en recirculation, d\u2019aquaponie et de valorisation des coproduits.<\/span><\/li>\n<li aria-level=\"1\"><\/li>\n<\/ul>\n<p>&nbsp;<\/p>\n<p><strong><span style=\"color: #000000;\">Le Centre met cette expertise au service des acteurs du secteur \u00e0 travers :<\/span><\/strong><\/p>\n<ul style=\"text-align: justify;\">\n<li style=\"font-weight: 400;\" aria-level=\"1\"><span style=\"font-weight: 400; color: #000000;\">&#8211; Le transfert de technologies et le renforcement des capacit\u00e9s des aquaculteurs, coop\u00e9ratives et entreprises ;<\/span><\/li>\n<li style=\"font-weight: 400;\" aria-level=\"1\"><span style=\"font-weight: 400; color: #000000;\">&#8211; Le suivi et l\u2019\u00e9valuation environnementale des fermes, accompagn\u00e9s de recommandations pour une int\u00e9gration \u00e9cosyst\u00e9mique ;<\/span><\/li>\n<li style=\"font-weight: 400;\" aria-level=\"1\"><span style=\"font-weight: 400; color: #000000;\">&#8211; La production et la diffusion de donn\u00e9es scientifiques pour appuyer la planification et l\u2019am\u00e9nagement aquacoles.<\/span><\/li>\n<\/ul>\n<p style=\"text-align: justify;\"><img decoding=\"async\" class=\"wp-image-3901 alignright\" style=\"color: #000000;\" src=\"https:\/\/isracrodt.sn\/wp-content\/uploads\/2025\/06\/Capture-fulgence-254x300.jpg\" alt=\"\" width=\"260\" height=\"307\" srcset=\"https:\/\/isracrodt.sn\/wp-content\/uploads\/2025\/06\/Capture-fulgence-254x300.jpg 254w, https:\/\/isracrodt.sn\/wp-content\/uploads\/2025\/06\/Capture-fulgence.jpg 344w\" sizes=\"(max-width: 260px) 100vw, 260px\" \/><\/p>\n<p><strong><span style=\"color: #000000;\">Le CRODT s\u2019appuie sur des infrastructures performantes :<\/span><\/strong><\/p>\n<ul>\n<li style=\"font-weight: 400;\" aria-level=\"1\"><span style=\"font-weight: 400; color: #000000;\">&#8211; Une unit\u00e9 exp\u00e9rimentale \u00e9quip\u00e9e de circuits en eau douce, convertibles en eau de mer, coupl\u00e9e \u00e0 une unit\u00e9 de production de prot\u00e9ines d\u2019insectes pour l\u2019alimentation piscicole ;<\/span><\/li>\n<li style=\"font-weight: 400;\" aria-level=\"1\"><span style=\"font-weight: 400; color: #000000;\">&#8211; Un site \u00e0 Sangalkam en milieu ouvert, comprenant des \u00e9tangs de reproduction, permettant de valider les technologies dans des conditions r\u00e9elles d\u2019exploitation.<\/span><\/li>\n<\/ul>\n<p><span style=\"font-weight: 400; color: #000000;\">Gr\u00e2ce \u00e0 ces atouts, le CRODT constitue un partenaire scientifique et technique de r\u00e9f\u00e9rence pour le d\u00e9veloppement d\u2019une aquaculture durable au S\u00e9n\u00e9gal.<\/span><\/p>\n","protected":false},"excerpt":{"rendered":"<p>&nbsp; Le CRODT dispose d\u2019une expertise solide et reconnue en recherche aquacole, d\u00e9velopp\u00e9e \u00e0 travers des programmes de recherche, d&#8217;exp\u00e9rimentation et de transfert de technologies. Ses comp\u00e9tences couvrent l\u2019ensemble de [&hellip;]<\/p>\n","protected":false},"author":1,"featured_media":0,"parent":442,"menu_order":0,"comment_status":"closed","ping_status":"closed","template":"","meta":{"om_disable_all_campaigns":false,"_monsterinsights_skip_tracking":false,"_monsterinsights_sitenote_active":false,"_monsterinsights_sitenote_note":"","_monsterinsights_sitenote_category":0,"footnotes":""},"class_list":["post-3688","page","type-page","status-publish","hentry"],"aioseo_notices":[],"_links":{"self":[{"href":"https:\/\/isracrodt.sn\/index.php\/wp-json\/wp\/v2\/pages\/3688","targetHints":{"allow":["GET"]}}],"collection":[{"href":"https:\/\/isracrodt.sn\/index.php\/wp-json\/wp\/v2\/pages"}],"about":[{"href":"https:\/\/isracrodt.sn\/index.php\/wp-json\/wp\/v2\/types\/page"}],"author":[{"embeddable":true,"href":"https:\/\/isracrodt.sn\/index.php\/wp-json\/wp\/v2\/users\/1"}],"replies":[{"embeddable":true,"href":"https:\/\/isracrodt.sn\/index.php\/wp-json\/wp\/v2\/comments?post=3688"}],"version-history":[{"count":24,"href":"https:\/\/isracrodt.sn\/index.php\/wp-json\/wp\/v2\/pages\/3688\/revisions"}],"predecessor-version":[{"id":4663,"href":"https:\/\/isracrodt.sn\/index.php\/wp-json\/wp\/v2\/pages\/3688\/revisions\/4663"}],"up":[{"embeddable":true,"href":"https:\/\/isracrodt.sn\/index.php\/wp-json\/wp\/v2\/pages\/442"}],"wp:attachment":[{"href":"https:\/\/isracrodt.sn\/index.php\/wp-json\/wp\/v2\/media?parent=3688"}],"curies":[{"name":"wp","href":"https:\/\/api.w.org\/{rel}","templated":true}]}}