{"id":3684,"date":"2025-06-02T11:18:21","date_gmt":"2025-06-02T09:18:21","guid":{"rendered":"https:\/\/isracrodt.sn\/?page_id=3684"},"modified":"2025-09-12T11:41:56","modified_gmt":"2025-09-12T09:41:56","slug":"environnement","status":"publish","type":"page","link":"https:\/\/isracrodt.sn\/index.php\/research\/gallery-2\/environnement\/","title":{"rendered":"Oc\u00e9anographie et Environnement"},"content":{"rendered":"<p><img fetchpriority=\"high\" decoding=\"async\" class=\"size-medium wp-image-3661 alignleft\" src=\"https:\/\/isracrodt.sn\/wp-content\/uploads\/2025\/05\/infrastruture-antenne-satelitaire-300x300.png\" alt=\"\" width=\"300\" height=\"300\" srcset=\"https:\/\/isracrodt.sn\/wp-content\/uploads\/2025\/05\/infrastruture-antenne-satelitaire-300x300.png 300w, https:\/\/isracrodt.sn\/wp-content\/uploads\/2025\/05\/infrastruture-antenne-satelitaire-150x150.png 150w, https:\/\/isracrodt.sn\/wp-content\/uploads\/2025\/05\/infrastruture-antenne-satelitaire.png 455w\" sizes=\"(max-width: 300px) 100vw, 300px\" \/><\/p>\n<p style=\"text-align: justify;\"><span style=\"color: #000000;\">Le CRODT intervient sur plusieurs domaines oc\u00e9anographiques et environnementaux pour accompagner le d\u00e9veloppement durable du secteur de la p\u00eache et de l\u2019aquaculture. Il accompagne \u00e9galement tous les op\u00e9rateurs priv\u00e9s et publics sollicitant une offre de service technique et scientifique dans les domaines de l\u2019oc\u00e9anographie et de l\u2019environnement marin.<\/span><\/p>\n<p style=\"text-align: justify;\"><span style=\"color: #000000;\">Le CRODT dispose d\u2019une flotte d\u2019intervention en mer utilis\u00e9e par les scientifiques pour r\u00e9aliser des mesures de diff\u00e9rents param\u00e8tres oc\u00e9anographiques in situ. La flotte est constitu\u00e9e de 03 barques et d\u2019un navire de recherche oc\u00e9anogr<img decoding=\"async\" class=\"size-medium wp-image-3958 alignright\" src=\"https:\/\/isracrodt.sn\/wp-content\/uploads\/2025\/06\/pirogue-du-crodt-300x225.jpg\" alt=\"\" width=\"300\" height=\"225\" srcset=\"https:\/\/isracrodt.sn\/wp-content\/uploads\/2025\/06\/pirogue-du-crodt-300x225.jpg 300w, https:\/\/isracrodt.sn\/wp-content\/uploads\/2025\/06\/pirogue-du-crodt-768x576.jpg 768w, https:\/\/isracrodt.sn\/wp-content\/uploads\/2025\/06\/pirogue-du-crodt.jpg 1020w\" sizes=\"(max-width: 300px) 100vw, 300px\" \/>aphique. Pour la mesure des profils des param\u00e8tres oc\u00e9anographiques tels que la temp\u00e9rature, la salinit\u00e9, la concentration de l\u2019oxyg\u00e8ne dissous, la fluorescence et la turbidit\u00e9, le CRODT utilise une \u00ab <strong>CTD (Conductivity Temperature Depth)<\/strong> \u00bb mont\u00e9e \u00e0 bord du Navire de Recherche. Parall\u00e8lement, un syst\u00e8me d\u2019observations hydrologiques des stations c\u00f4ti\u00e8res est mis en place pour le suivi r\u00e9gulier de l\u2019environnement marin dans la frange c\u00f4ti\u00e8re marine.<\/span><\/p>\n<p style=\"text-align: justify;\"><span style=\"color: #000000;\">Le CRODT dispose d\u2019un \u00ab <strong>ADCP (Acoustic Doppler Current Profiler)<\/strong> \u00bb pour la mesure de la courantologie en continu en des points fixes pour l\u2019\u00e9tude de la circulation et le renouvellement des masses d\u2019eau.<\/span><\/p>\n<p style=\"text-align: justify;\"><span style=\"color: #000000;\">L\u2019\u00e9tude de l\u2019analyse des s\u00e9diments se fait \u00e0 partir d\u2019un pr\u00e9l\u00e8vement d\u2019\u00e9chantillons de s\u00e9diment qui s\u2019effectue \u00e0 l\u2019aide d\u2019une benne type <\/span><\/p>\n<p style=\"text-align: justify;\"><span style=\"color: #000000;\"><strong>\u00ab Van Veen \u00bb<\/strong>, au niveau des fonds des milieux marins (Lagune, baie, mer ouverte\u2026). L\u2019analyse de la qualit\u00e9 de l\u2019eau de mer est r\u00e9alis\u00e9e \u00e0 partir de pr\u00e9l\u00e8vement des \u00e9chantillons d\u2019eau. Cela permet au CRODT de faire le diagnostic chimique et \u00e9cotoxicologique de l\u2019\u00e9cosyst\u00e8me marin et c\u00f4tier.<img decoding=\"async\" class=\"size-medium wp-image-4379 alignleft\" src=\"https:\/\/isracrodt.sn\/wp-content\/uploads\/2025\/08\/Capture0-113x300.jpg\" alt=\"\" width=\"113\" height=\"300\" srcset=\"https:\/\/isracrodt.sn\/wp-content\/uploads\/2025\/08\/Capture0-113x300.jpg 113w, https:\/\/isracrodt.sn\/wp-content\/uploads\/2025\/08\/Capture0.jpg 205w\" sizes=\"(max-width: 113px) 100vw, 113px\" \/><\/span><\/p>\n<p style=\"text-align: justify;\"><span style=\"color: #000000;\">La mise en place r\u00e9cente de la Plateforme d\u2019Imagerie Quantitative Aquatique de l\u2019Afrique de l\u2019Ouest (<strong><em>PIQAAO<\/em><\/strong>), dot\u00e9e de filets \u00e0 plancton, <strong>d\u2019un Zooscan, de 04 Planktoscopes, et d\u2019un UPV6 (Underwater Vision Profilers)<\/strong> a permis au CRODT de renforcer son dispositif de suivi du plancton et d\u2019autres d\u2019esp\u00e8ces microscopiques aquatiques.<\/span><\/p>\n<p style=\"text-align: justify;\"><span style=\"color: #000000;\">Le CRODT, avec ses partenaires, r\u00e9alise des recherches sur la mod\u00e9lisation hydrodynamique et leur couplage avec les mod\u00e8les biog\u00e9ochimiques. Cette mod\u00e9lisation permet de comprendre l\u2019\u00e9tat physique du milieu, le transport des masses d\u2019eau et des \u00e9l\u00e9ments physico-chimiques et biologiques et d\u2019analyser le mode de fonctionnement des \u00e9cosyst\u00e8mes aquatiques.<\/span><\/p>\n<p style=\"text-align: justify;\"><span style=\"color: #000000;\">Gr\u00e2ce \u00e0 son \u00e9quipe interdisciplinaire, le CRODT r\u00e9alise aussi des \u00e9tudes d\u2019impact en milieu marin. Elle repose sur l\u2019identification et le cadrage des impacts potentiels des projets et infrastructures en mer ; l\u2019analyse des impacts environnementaux sur les esp\u00e8ces et les habitats marins ; et la d\u00e9finition des mesures d\u2019att\u00e9nuation et des plans de surveillance des impacts.<\/span><\/p>\n","protected":false},"excerpt":{"rendered":"<p>Le CRODT intervient sur plusieurs domaines oc\u00e9anographiques et environnementaux pour accompagner le d\u00e9veloppement durable du secteur de la p\u00eache et de l\u2019aquaculture. Il accompagne \u00e9galement tous les op\u00e9rateurs priv\u00e9s et [&hellip;]<\/p>\n","protected":false},"author":1,"featured_media":0,"parent":442,"menu_order":0,"comment_status":"closed","ping_status":"closed","template":"","meta":{"om_disable_all_campaigns":false,"_monsterinsights_skip_tracking":false,"_monsterinsights_sitenote_active":false,"_monsterinsights_sitenote_note":"","_monsterinsights_sitenote_category":0,"footnotes":""},"class_list":["post-3684","page","type-page","status-publish","hentry"],"aioseo_notices":[],"_links":{"self":[{"href":"https:\/\/isracrodt.sn\/index.php\/wp-json\/wp\/v2\/pages\/3684","targetHints":{"allow":["GET"]}}],"collection":[{"href":"https:\/\/isracrodt.sn\/index.php\/wp-json\/wp\/v2\/pages"}],"about":[{"href":"https:\/\/isracrodt.sn\/index.php\/wp-json\/wp\/v2\/types\/page"}],"author":[{"embeddable":true,"href":"https:\/\/isracrodt.sn\/index.php\/wp-json\/wp\/v2\/users\/1"}],"replies":[{"embeddable":true,"href":"https:\/\/isracrodt.sn\/index.php\/wp-json\/wp\/v2\/comments?post=3684"}],"version-history":[{"count":11,"href":"https:\/\/isracrodt.sn\/index.php\/wp-json\/wp\/v2\/pages\/3684\/revisions"}],"predecessor-version":[{"id":4428,"href":"https:\/\/isracrodt.sn\/index.php\/wp-json\/wp\/v2\/pages\/3684\/revisions\/4428"}],"up":[{"embeddable":true,"href":"https:\/\/isracrodt.sn\/index.php\/wp-json\/wp\/v2\/pages\/442"}],"wp:attachment":[{"href":"https:\/\/isracrodt.sn\/index.php\/wp-json\/wp\/v2\/media?parent=3684"}],"curies":[{"name":"wp","href":"https:\/\/api.w.org\/{rel}","templated":true}]}}