{"id":3682,"date":"2025-06-02T11:17:56","date_gmt":"2025-06-02T09:17:56","guid":{"rendered":"https:\/\/isracrodt.sn\/?page_id=3682"},"modified":"2025-09-29T11:49:38","modified_gmt":"2025-09-29T09:49:38","slug":"biodiversite","status":"publish","type":"page","link":"https:\/\/isracrodt.sn\/index.php\/research\/gallery-2\/biodiversite\/","title":{"rendered":"Biodiversit\u00e9"},"content":{"rendered":"<p><span style=\"font-weight: 400; color: #000000; font-size: 12pt;\">Parmi les services offerts par le Centre figure la biodiversit\u00e9 qui constitue une composante strat\u00e9gique dans la production des connaissances en appui \u00e0 la gestion des ressources et des \u00e9cosyst\u00e8mes. Ces services sont relatives \u00e0 :\u00a0<\/span><\/p>\n<p><img fetchpriority=\"high\" decoding=\"async\" class=\"wp-image-3943 alignleft\" style=\"color: #000000;\" src=\"https:\/\/isracrodt.sn\/wp-content\/uploads\/2025\/06\/Capture3-1.jpg\" alt=\"\" width=\"348\" height=\"235\" \/><\/p>\n<ul>\n<li style=\"font-weight: 400; text-align: justify;\" aria-level=\"1\"><span style=\"color: #000000; font-size: 12pt;\"><b>l\u2019inventaire et au suivi de la biodiversit\u00e9<\/b><span style=\"font-weight: 400;\"> \u00e0 travers le recensement et caract\u00e9risation des esp\u00e8ces marines et c\u00f4ti\u00e8res (poissons, invert\u00e9br\u00e9s, plancton, mammif\u00e8res marins, v\u00e9g\u00e9tation c\u00f4ti\u00e8re, etc.), ainsi que de leurs habitats.<\/span><span style=\"font-weight: 400;\"><br \/>\n<\/span><\/span><\/li>\n<\/ul>\n<p style=\"text-align: justify;\">\n<ul style=\"text-align: justify;\">\n<li style=\"font-weight: 400;\" aria-level=\"1\"><span style=\"color: #000000; font-size: 12pt;\"><b>l\u2019\u00e9valuation des \u00e9cosyst\u00e8mes<\/b><span style=\"font-weight: 400;\"> par l\u2019analyse des interactions biologiques et des services \u00e9cosyst\u00e9miques li\u00e9s aux zones c\u00f4ti\u00e8res et marines (mangroves, herbiers, r\u00e9cifs, fonds sableux, zones d\u2019upwelling, etc.).<\/span><\/span><\/li>\n<\/ul>\n<p style=\"text-align: justify;\">\n<ul style=\"text-align: justify;\">\n<li style=\"font-weight: 400;\" aria-level=\"1\"><span style=\"color: #000000; font-size: 12pt;\"><span style=\"color: #000000; font-size: 12pt;\"><b>au d\u00e9veloppement d\u2019outils et d\u2019approches scientifiques<\/b><span style=\"font-weight: 400;\"> (indicateurs \u00e9cologiques, mod\u00e8les dynamiques) pour mieux comprendre l\u2019\u00e9volution de la biodiversit\u00e9 face aux pressions anthropiques et climatiques.<\/span><\/span><\/span><\/li>\n<\/ul>\n<p style=\"text-align: justify;\">\n<ul>\n<li style=\"font-weight: 400; text-align: justify;\" aria-level=\"1\"><span style=\"color: #000000; font-size: 12pt;\"><b>la promotion de la culture scientifique et valorisation de la biodiversit\u00e9 <\/b><span style=\"font-weight: 400;\">\u00e0 travers des collaborations avec les institutions acad\u00e9miques, les communaut\u00e9s locales, les ONG, ainsi que les organisations r\u00e9gionales et internationales.<\/span><\/span><\/li>\n<\/ul>\n<p style=\"text-align: justify;\">\n<p style=\"text-align: justify;\"><span style=\"font-weight: 400; color: #000000; font-size: 12pt;\">Gr\u00e2ce \u00e0 ces services, le CRODT se positionne comme un acteur scientifique et technique de r\u00e9f\u00e9rence, garantissant la pr\u00e9servation du patrimoine naturel marin et aquatique tout en accompagnant une exploitation raisonn\u00e9e des ressources halieutiques.<\/span><\/p>\n","protected":false},"excerpt":{"rendered":"<p>Parmi les services offerts par le Centre figure la biodiversit\u00e9 qui constitue une composante strat\u00e9gique dans la production des connaissances en appui \u00e0 la gestion des ressources et des \u00e9cosyst\u00e8mes. [&hellip;]<\/p>\n","protected":false},"author":1,"featured_media":0,"parent":442,"menu_order":0,"comment_status":"closed","ping_status":"closed","template":"","meta":{"om_disable_all_campaigns":false,"_monsterinsights_skip_tracking":false,"_monsterinsights_sitenote_active":false,"_monsterinsights_sitenote_note":"","_monsterinsights_sitenote_category":0,"footnotes":""},"class_list":["post-3682","page","type-page","status-publish","hentry"],"aioseo_notices":[],"_links":{"self":[{"href":"https:\/\/isracrodt.sn\/index.php\/wp-json\/wp\/v2\/pages\/3682","targetHints":{"allow":["GET"]}}],"collection":[{"href":"https:\/\/isracrodt.sn\/index.php\/wp-json\/wp\/v2\/pages"}],"about":[{"href":"https:\/\/isracrodt.sn\/index.php\/wp-json\/wp\/v2\/types\/page"}],"author":[{"embeddable":true,"href":"https:\/\/isracrodt.sn\/index.php\/wp-json\/wp\/v2\/users\/1"}],"replies":[{"embeddable":true,"href":"https:\/\/isracrodt.sn\/index.php\/wp-json\/wp\/v2\/comments?post=3682"}],"version-history":[{"count":6,"href":"https:\/\/isracrodt.sn\/index.php\/wp-json\/wp\/v2\/pages\/3682\/revisions"}],"predecessor-version":[{"id":4572,"href":"https:\/\/isracrodt.sn\/index.php\/wp-json\/wp\/v2\/pages\/3682\/revisions\/4572"}],"up":[{"embeddable":true,"href":"https:\/\/isracrodt.sn\/index.php\/wp-json\/wp\/v2\/pages\/442"}],"wp:attachment":[{"href":"https:\/\/isracrodt.sn\/index.php\/wp-json\/wp\/v2\/media?parent=3682"}],"curies":[{"name":"wp","href":"https:\/\/api.w.org\/{rel}","templated":true}]}}