{"id":3511,"date":"2021-05-31T07:08:51","date_gmt":"2021-05-31T07:08:51","guid":{"rendered":"https:\/\/isracrodt.sn?page_id=1901"},"modified":"2025-08-12T12:38:39","modified_gmt":"2025-08-12T10:38:39","slug":"blog-5","status":"publish","type":"page","link":"https:\/\/isracrodt.sn\/index.php\/blog-5\/","title":{"rendered":"Mot du Directeur"},"content":{"rendered":"<p style=\"text-align: justify;\"><span style=\"font-weight: 400;\"><img fetchpriority=\"high\" decoding=\"async\" class=\"size-full wp-image-4140 alignleft\" src=\"https:\/\/isracrodt.sn\/wp-content\/uploads\/2025\/07\/Directeur-du-CRODT-NDOUR.png\" alt=\"\" width=\"300\" height=\"300\" srcset=\"https:\/\/isracrodt.sn\/wp-content\/uploads\/2025\/07\/Directeur-du-CRODT-NDOUR.png 300w, https:\/\/isracrodt.sn\/wp-content\/uploads\/2025\/07\/Directeur-du-CRODT-NDOUR-150x150.png 150w\" sizes=\"(max-width: 300px) 100vw, 300px\" \/><span style=\"color: #000000;\">Dans un contexte marqu\u00e9 par des enjeux multiples &#8211; changement climatique, pression sur les ressources, d\u00e9veloppement du secteur bleu -, notre mission devient plus que jamais essentielle : fournir des donn\u00e9es fiables, des analyses rigoureuses et des recommandations pertinentes pour orienter les politiques publiques et soutenir une gestion durable des ressources. Cela exige une rigueur scientifique, de l\u2019innovation et une approche multidisciplinaire.<\/span><\/span><\/p>\n<p style=\"text-align: justify;\"><span style=\"color: #000000;\"><span style=\"font-weight: 400;\">Le <\/span><b>C<\/b><b>entre de Recherches Oc\u00e9anographiques de Dakar-Thiaroye (CRODT)<\/b> s\u2019inscrit pleinement dans cette dynamique, en pla\u00e7ant la recherche au c\u0153ur de l\u2019action pour \u00e9clairer les politiques publiques, soutenir le d\u00e9veloppement durable et anticiper les transformations futures.<\/span><\/p>\n<p style=\"text-align: justify;\"><span style=\"color: #000000;\"><span style=\"font-weight: 400;\">Le CRODT entend consolider son <\/span><b>leadership r\u00e9gional <\/b><span style=\"font-weight: 400;\">dans la production de connaissances strat\u00e9giques sur les \u00e9cosyst\u00e8mes marins et les ressources halieutiques.<\/span><\/span><\/p>\n<p style=\"text-align: justify;\"><span style=\"color: #000000;\"><span style=\"font-weight: 400;\">Nous pla\u00e7ons la <\/span><b>visibilit\u00e9 <\/b><span style=\"font-weight: 400;\">scientifique et institutionnelle au c\u0153ur de notre action. Pour ce faire, nous renfor\u00e7ons notre communication, valorisons nos r\u00e9sultats de recherche, et multiplions les initiatives pour mieux faire conna\u00eetre nos travaux, tant au niveau national, r\u00e9gional et international.<\/span><\/span><\/p>\n<p style=\"text-align: justify;\"><span style=\"color: #000000;\"><span style=\"font-weight: 400;\">Le renforcement des <\/span><b>partenariats<\/b><span style=\"font-weight: 400;\">, \u00e0 la fois scientifiques, techniques et institutionnels, constitue un autre pilier de notre strat\u00e9gie. Nous sommes convaincus que les d\u00e9fis actuels ne peuvent \u00eatre relev\u00e9s qu\u2019\u00e0 travers une collaboration \u00e9troite et durable entre les institutions de recherche, les d\u00e9cideurs, les communaut\u00e9s et le secteur priv\u00e9.<\/span><\/span><\/p>\n<p style=\"text-align: justify;\"><span style=\"color: #000000;\"><span style=\"font-weight: 400;\">Dans cette dynamique, nous \u0153uvrons \u00e0 l\u2019<\/span><b>optimisation de nos interventions<\/b><span style=\"font-weight: 400;\"> et \u00e0 l\u2019am\u00e9lioration continue de notre <\/span><b>impact<\/b><span style=\"font-weight: 400;\">, en mettant l\u2019accent sur l\u2019innovation, l\u2019interdisciplinarit\u00e9 et l\u2019alignement de nos actions avec les priorit\u00e9s nationales et r\u00e9gionales, afin que notre travail serve les besoins des populations, contribue \u00e0 la pr\u00e9servation de nos ressources naturelles et favorise une croissance inclusive.<\/span><\/span><\/p>\n<p style=\"text-align: justify;\"><span style=\"color: #000000;\"><span style=\"font-weight: 400;\">Enfin, l\u2019<\/span><b>appui \u00e0 la prise de d\u00e9cision<\/b><span style=\"font-weight: 400;\"> reste au centre de notre mandat. Nos travaux visent \u00e0 \u00e9clairer les choix des d\u00e9cideurs par une expertise solide, fond\u00e9e sur des r\u00e9sultats scientifiques cr\u00e9dibles, afin de contribuer activement \u00e0 la gestion durable des ressources marines et c\u00f4ti\u00e8res.<\/span><\/span><\/p>\n<p style=\"text-align: justify;\"><span style=\"color: #000000;\"><b>Ensemble, poursuivons notre ambition d\u2019un Centre de recherche fort, visible, utile et r\u00e9solument tourn\u00e9 vers l\u2019avenir.\u00a0<\/b><\/span><\/p>\n","protected":false},"excerpt":{"rendered":"<p>Dans un contexte marqu\u00e9 par des enjeux multiples &#8211; changement climatique, pression sur les ressources, d\u00e9veloppement du secteur bleu -, notre mission devient plus que jamais essentielle : fournir des [&hellip;]<\/p>\n","protected":false},"author":1,"featured_media":0,"parent":0,"menu_order":0,"comment_status":"closed","ping_status":"closed","template":"","meta":{"om_disable_all_campaigns":false,"_monsterinsights_skip_tracking":false,"_monsterinsights_sitenote_active":false,"_monsterinsights_sitenote_note":"","_monsterinsights_sitenote_category":0,"footnotes":""},"class_list":["post-3511","page","type-page","status-publish","hentry"],"aioseo_notices":[],"_links":{"self":[{"href":"https:\/\/isracrodt.sn\/index.php\/wp-json\/wp\/v2\/pages\/3511","targetHints":{"allow":["GET"]}}],"collection":[{"href":"https:\/\/isracrodt.sn\/index.php\/wp-json\/wp\/v2\/pages"}],"about":[{"href":"https:\/\/isracrodt.sn\/index.php\/wp-json\/wp\/v2\/types\/page"}],"author":[{"embeddable":true,"href":"https:\/\/isracrodt.sn\/index.php\/wp-json\/wp\/v2\/users\/1"}],"replies":[{"embeddable":true,"href":"https:\/\/isracrodt.sn\/index.php\/wp-json\/wp\/v2\/comments?post=3511"}],"version-history":[{"count":4,"href":"https:\/\/isracrodt.sn\/index.php\/wp-json\/wp\/v2\/pages\/3511\/revisions"}],"predecessor-version":[{"id":4411,"href":"https:\/\/isracrodt.sn\/index.php\/wp-json\/wp\/v2\/pages\/3511\/revisions\/4411"}],"wp:attachment":[{"href":"https:\/\/isracrodt.sn\/index.php\/wp-json\/wp\/v2\/media?parent=3511"}],"curies":[{"name":"wp","href":"https:\/\/api.w.org\/{rel}","templated":true}]}}