{"id":3402,"date":"2021-05-31T07:08:51","date_gmt":"2021-05-31T07:08:51","guid":{"rendered":"https:\/\/isracrodt.sn?page_id=1901"},"modified":"2025-10-30T14:39:35","modified_gmt":"2025-10-30T13:39:35","slug":"historique","status":"publish","type":"page","link":"https:\/\/isracrodt.sn\/index.php\/historique\/","title":{"rendered":"Historique"},"content":{"rendered":"<figure id=\"attachment_3820\" aria-describedby=\"caption-attachment-3820\" style=\"width: 316px\" class=\"wp-caption alignright\"><img fetchpriority=\"high\" decoding=\"async\" class=\" wp-image-3820\" src=\"https:\/\/isracrodt.sn\/wp-content\/uploads\/2025\/06\/20240725_194143-300x190.jpg\" alt=\"\" width=\"316\" height=\"200\" srcset=\"https:\/\/isracrodt.sn\/wp-content\/uploads\/2025\/06\/20240725_194143-300x190.jpg 300w, https:\/\/isracrodt.sn\/wp-content\/uploads\/2025\/06\/20240725_194143-1024x649.jpg 1024w, https:\/\/isracrodt.sn\/wp-content\/uploads\/2025\/06\/20240725_194143-768x487.jpg 768w, https:\/\/isracrodt.sn\/wp-content\/uploads\/2025\/06\/20240725_194143.jpg 1504w\" sizes=\"(max-width: 316px) 100vw, 316px\" \/><figcaption id=\"caption-attachment-3820\" class=\"wp-caption-text\"><strong><span style=\"color: #000000;\">LAURENT AMARO<\/span><\/strong><\/figcaption><\/figure>\n<h3><span style=\"text-decoration: underline;\"><span style=\"color: #000000;\"><strong>HISTORIQUE DU CENTRE<\/strong><\/span><\/span><\/h3>\n<p>&nbsp;<\/p>\n<p style=\"text-align: justify;\"><span style=\"color: #000000;\"><span style=\"font-size: 14pt; font-family: georgia, palatino, serif;\">Le Centre de Recherches Oc\u00e9anographiques de Dakar-Thiaroye a \u00e9t\u00e9 cr\u00e9\u00e9 en 1961 et <\/span><span style=\"font-size: 14pt; font-family: georgia, palatino, serif;\">d\u00e9pendait de la Direction de l\u2019Oc\u00e9anographie et des P\u00eaches Maritimes (DOPM). Il a \u00e9t\u00e9 g\u00e9r\u00e9 et financ\u00e9 par l\u2019Institut fran\u00e7ais de Recherche Scientifique pour le D\u00e9veloppement en Coop\u00e9ration (ORSTOM) pr\u00e9sentement IRD, jusqu\u2019en 1974, date \u00e0 partir de laquelle il est pass\u00e9 sous la tutelle de l\u2019Institut S\u00e9n\u00e9galais de Recherches Agricoles (ISRA).<\/span><\/span><\/p>\n<figure id=\"attachment_3950\" aria-describedby=\"caption-attachment-3950\" style=\"width: 270px\" class=\"wp-caption alignleft\"><img decoding=\"async\" class=\"wp-image-3950\" src=\"https:\/\/isracrodt.sn\/wp-content\/uploads\/2025\/06\/Itaf-DEME-1-300x259.png\" alt=\"\" width=\"270\" height=\"233\" srcset=\"https:\/\/isracrodt.sn\/wp-content\/uploads\/2025\/06\/Itaf-DEME-1-300x259.png 300w, https:\/\/isracrodt.sn\/wp-content\/uploads\/2025\/06\/Itaf-DEME-1-1024x884.png 1024w, https:\/\/isracrodt.sn\/wp-content\/uploads\/2025\/06\/Itaf-DEME-1-768x663.png 768w, https:\/\/isracrodt.sn\/wp-content\/uploads\/2025\/06\/Itaf-DEME-1-1536x1326.png 1536w, https:\/\/isracrodt.sn\/wp-content\/uploads\/2025\/06\/Itaf-DEME-1-2048x1768.png 2048w\" sizes=\"(max-width: 270px) 100vw, 270px\" \/><figcaption id=\"caption-attachment-3950\" class=\"wp-caption-text\"><span style=\"color: #000000;\"><strong>Itaf DEME<\/strong><\/span><\/figcaption><\/figure>\n<p style=\"text-align: justify;\"><span style=\"font-size: 14pt; font-family: georgia, palatino, serif; color: #000000;\"> Depuis 64 ans, le CRODT est au service de la pr\u00e9servation des \u00e9cosyst\u00e8mes et des ressources halieutiques au S\u00e9n\u00e9gal.\u00a0<\/span><\/p>\n<figure id=\"attachment_3953\" aria-describedby=\"caption-attachment-3953\" style=\"width: 299px\" class=\"wp-caption aligncenter\"><a href=\"https:\/\/drive.google.com\/file\/d\/1HCvNDskg4n8weOPlKpe1oBr7V5xx5a97\/view?usp=sharinghttps:\/\/drive.google.com\/file\/d\/1Ax8nWMT9yX3QDdqC3vXxHrVmdu9VPzcH\/view?usp=sharinghttps:\/\/drive.google.com\/file\/d\/1ujeE4MMMqx7gRuvA6ZOuXGmkdADakKhW\/view?usp=sharinghttps:\/\/drive.google.com\/file\/d\/1uMYsqlZ_-JBrKKneHB_dWnrp4Miihd-R\/view?usp=sharinghttps:\/\/drive.google.com\/file\/d\/1RHGzyjukYMSovKqtkoMzjIOZuwJzqr4g\/view?usp=sharinghttps:\/\/drive.google.com\/file\/d\/1USvhdlPdpqhBxAISNfT349Gk6SrVgkCP\/view?usp=sharinghttps:\/\/docs.google.com\/document\/d\/12pvG2rlUsmz_9rIjxmKRMgNoFLsr5PBT\/edit?usp=sharing&amp;ouid=101193604092431034894&amp;rtpof=true&amp;sd=truehttps:\/\/drive.google.com\/drive\/folders\/1sm3MQ46x6sN0f5uKDaJwWdcoG5ZcvrNM?usp=drive_link\"><img decoding=\"async\" class=\"wp-image-3953\" src=\"https:\/\/isracrodt.sn\/wp-content\/uploads\/2025\/06\/louis-sauger-1-300x229.jpg\" alt=\"\" width=\"299\" height=\"228\" srcset=\"https:\/\/isracrodt.sn\/wp-content\/uploads\/2025\/06\/louis-sauger-1-300x229.jpg 300w, https:\/\/isracrodt.sn\/wp-content\/uploads\/2025\/06\/louis-sauger-1-370x282.jpg 370w, https:\/\/isracrodt.sn\/wp-content\/uploads\/2025\/06\/louis-sauger-1.jpg 492w\" sizes=\"(max-width: 299px) 100vw, 299px\" \/><\/a><figcaption id=\"caption-attachment-3953\" class=\"wp-caption-text\"><span style=\"color: #000000;\"><strong>Louis Sauger<\/strong><\/span><\/figcaption><\/figure>\n<p>&nbsp;<\/p>\n","protected":false},"excerpt":{"rendered":"<p>HISTORIQUE DU CENTRE &nbsp; Le Centre de Recherches Oc\u00e9anographiques de Dakar-Thiaroye a \u00e9t\u00e9 cr\u00e9\u00e9 en 1961 et d\u00e9pendait de la Direction de l\u2019Oc\u00e9anographie et des P\u00eaches Maritimes (DOPM). Il a [&hellip;]<\/p>\n","protected":false},"author":1,"featured_media":0,"parent":0,"menu_order":0,"comment_status":"closed","ping_status":"closed","template":"","meta":{"om_disable_all_campaigns":false,"_monsterinsights_skip_tracking":false,"_monsterinsights_sitenote_active":false,"_monsterinsights_sitenote_note":"","_monsterinsights_sitenote_category":0,"footnotes":""},"class_list":["post-3402","page","type-page","status-publish","hentry"],"aioseo_notices":[],"_links":{"self":[{"href":"https:\/\/isracrodt.sn\/index.php\/wp-json\/wp\/v2\/pages\/3402","targetHints":{"allow":["GET"]}}],"collection":[{"href":"https:\/\/isracrodt.sn\/index.php\/wp-json\/wp\/v2\/pages"}],"about":[{"href":"https:\/\/isracrodt.sn\/index.php\/wp-json\/wp\/v2\/types\/page"}],"author":[{"embeddable":true,"href":"https:\/\/isracrodt.sn\/index.php\/wp-json\/wp\/v2\/users\/1"}],"replies":[{"embeddable":true,"href":"https:\/\/isracrodt.sn\/index.php\/wp-json\/wp\/v2\/comments?post=3402"}],"version-history":[{"count":28,"href":"https:\/\/isracrodt.sn\/index.php\/wp-json\/wp\/v2\/pages\/3402\/revisions"}],"predecessor-version":[{"id":5181,"href":"https:\/\/isracrodt.sn\/index.php\/wp-json\/wp\/v2\/pages\/3402\/revisions\/5181"}],"wp:attachment":[{"href":"https:\/\/isracrodt.sn\/index.php\/wp-json\/wp\/v2\/media?parent=3402"}],"curies":[{"name":"wp","href":"https:\/\/api.w.org\/{rel}","templated":true}]}}