{"id":3352,"date":"2021-05-31T07:08:51","date_gmt":"2021-05-31T07:08:51","guid":{"rendered":"https:\/\/isracrodt.sn?page_id=1901"},"modified":"2025-10-29T14:04:16","modified_gmt":"2025-10-29T13:04:16","slug":"misionsobbejctifs","status":"publish","type":"page","link":"https:\/\/isracrodt.sn\/index.php\/misionsobbejctifs\/","title":{"rendered":"Missions et Objectifs"},"content":{"rendered":"\t\t<div data-elementor-type=\"wp-page\" data-elementor-id=\"3352\" class=\"elementor elementor-3352\">\n\t\t\t\t<div class=\"elementor-element elementor-element-ee509fa e-flex e-con-boxed e-con e-parent\" data-id=\"ee509fa\" data-element_type=\"container\" data-e-type=\"container\">\n\t\t\t\t\t<div class=\"e-con-inner\">\n\t\t\t\t<div class=\"elementor-element elementor-element-c4e4fe9 elementor-widget elementor-widget-laborex_team2\" data-id=\"c4e4fe9\" data-element_type=\"widget\" data-e-type=\"widget\" data-widget_type=\"laborex_team2.default\">\n\t\t\t\t<div class=\"elementor-widget-container\">\n\t\t\t\t\t\t\t\t\t\t<!-- team-section -->\r\n\t\t\t<section class=\"team-section\">\r\n\t\t\t\t<div class=\"auto-container\">\r\n\t\t\t\t\t<div class=\"team-details-content\">\r\n\t\t\t\t\t\t<div class=\"row align-items-center clearfix\">\r\n\t\t\t\t\t\t\t<div class=\"col-lg-6 col-md-6 col-sm-12 image-column\">\r\n\t\t\t\t\t\t\t\t<div class=\"image_block_2\">\r\n\t\t\t\t\t\t\t\t\t<div class=\"image-box\">\r\n\t\t\t\t\t\t\t\t\t\t<div class=\"shape\">\r\n\t\t\t\t\t\t\t\t\t\t\t<div class=\"shape-1 rotate-me\" style=\"background-image: url(https:\/\/isracrodt.sn\/wp-content\/uploads\/2025\/09\/Antenne-Satellite.jpg);\"><\/div>\r\n\t\t\t\t\t\t\t\t\t\t\t<div class=\"shape-2\" style=\"background-image: url(https:\/\/isracrodt.sn\/wp-content\/uploads\/2025\/06\/Capture3.jpg);\"><\/div>\r\n\t\t\t\t\t\t\t\t\t\t\t<div class=\"shape-3 rotate-me\" style=\"background-image: url(https:\/\/isracrodt.sn\/wp-content\/uploads\/2025\/06\/fond-marin.jpg);\"><\/div>\r\n\t\t\t\t\t\t\t\t\t\t\t<div class=\"shape-4\"><\/div>\r\n\t\t\t\t\t\t\t\t\t\t<\/div>\r\n\t\t\t\t\t\t\t\t\t\t<figure class=\"image\">\r\n\t\t\t\t\t\t\t\t\t\t\t<img fetchpriority=\"high\" decoding=\"async\" width=\"532\" height=\"142\" src=\"https:\/\/isracrodt.sn\/wp-content\/uploads\/2025\/07\/BATIMENT-CRODT.jpg\" class=\"attachment-full size-full\" alt=\"\" srcset=\"https:\/\/isracrodt.sn\/wp-content\/uploads\/2025\/07\/BATIMENT-CRODT.jpg 532w, https:\/\/isracrodt.sn\/wp-content\/uploads\/2025\/07\/BATIMENT-CRODT-300x80.jpg 300w\" sizes=\"(max-width: 532px) 100vw, 532px\" \/>\t\t\t\t\t\t\t\t\t\t<\/figure>\r\n\t\t\t\t\t\t\t\t\t<\/div>\r\n\t\t\t\t\t\t\t\t<\/div>\r\n\t\t\t\t\t\t\t<\/div>\r\n\t\t\t\t\t\t\t<div class=\"col-lg-6 col-md-6 col-sm-12 content-column\">\r\n\t\t\t\t\t\t\t\t<div class=\"content_block_2\">\r\n\t\t\t\t\t\t\t\t\t<div class=\"content-box\">\r\n\t\t\t\t\t\t\t\t\t\t<div class=\"sec-title\">\r\n\t\t\t\t\t\t\t\t\t\t\t<h6>MISSION ET OBJECTIFS<\/h6>\r\n\t\t\t\t\t\t\t\t\t\t\t<h2>CENTRE DE RECHERCHES OCEANOGRAPHIQUE DE DAKAR THIAROYE<\/h2>\r\n\t\t\t\t\t\t\t\t\t\t\t<p><\/p>\r\n\t\t\t\t\t\t\t\t\t\t<\/div>\r\n\t\t\t\t\t\t\t\t\t\t<div class=\"text\">\r\n\t\t\t\t\t\t\t\t\t\t\t<h3><\/h3>\r\n\t\t\t\t\t\t\t\t\t\t\t<p>Le CRODT\u00a0a pour mandat de contribuer au d\u00e9veloppement du secteur des p\u00eaches, de l\u2019\u00e9conomie maritime et continentale ainsi que de l\u2019aquaculture \u00e0 travers :\n\n\u00a0\nl\u2019am\u00e9lioration des connaissances et la cr\u00e9ation de nouvelles technologies dans les secteurs des p\u00eaches et de l\u2019aquaculture ;\nl\u2019accompagnement des gestionnaires, d\u00e9cideurs et professionnels du secteur de la\u00a0 p\u00eache et de l\u2019aquaculture ;\n<\/p>\r\n\t\t\t\t\t\t\t\t\t\t<\/div>\r\n\t\t\t\t\t\t\t\t\t\t<ul class=\"social-style-one clearfix\">\r\n\t\t\t\t\t\t\t\t\t\t\tla veille scientifique et technologique\n la formation acad\u00e9mique et professionnelle des \u00e9tudiants, des cadres et des techniciens de p\u00eache et d\u2019aquaculture.\t\t\t\t\t\t\t\t\t\t<\/ul>\r\n\t\t\t\t\t\t\t\t\t<\/div>\r\n\t\t\t\t\t\t\t\t<\/div>\r\n\t\t\t\t\t\t\t<\/div>\r\n\t\t\t\t\t\t<\/div>\r\n\t\t\t\t\t<\/div>\r\n\t\t\t\t\t<div class=\"our-team\">\r\n\t\t\t\t\t\t<div class=\"row clearfix\">\r\n\t\t\t\t\t\t\t\t\t\t\t\t\t\t\t<div class=\"col-lg-3 col-md-6 col-sm-12 team-block\">\r\n\t\t\t\t\t\t\t\t\t<div class=\"team-block-one wow fadeInUp animated\">\r\n\t\t\t\t\t\t\t\t\t\t<div class=\"inner-box\">\r\n\t\t\t\t\t\t\t\t\t\t\t<figure class=\"image-box\">\r\n\t\t\t\t\t\t\t\t\t\t\t\t<img decoding=\"async\" width=\"1020\" height=\"765\" src=\"https:\/\/isracrodt.sn\/wp-content\/uploads\/2025\/06\/pirogue-du-crodt.jpg\" class=\"attachment-full size-full\" alt=\"\" srcset=\"https:\/\/isracrodt.sn\/wp-content\/uploads\/2025\/06\/pirogue-du-crodt.jpg 1020w, https:\/\/isracrodt.sn\/wp-content\/uploads\/2025\/06\/pirogue-du-crodt-300x225.jpg 300w, https:\/\/isracrodt.sn\/wp-content\/uploads\/2025\/06\/pirogue-du-crodt-768x576.jpg 768w\" sizes=\"(max-width: 1020px) 100vw, 1020px\" \/>\t\t\t\t\t\t\t\t\t\t\t\t<ul class=\"social-style-one clearfix\">\r\n\t\t\t\t\t\t\t\t\t\t\t\t\t\t\t\t\t\t\t\t\t\t\t\t\t<\/ul>\r\n\t\t\t\t\t\t\t\t\t\t\t<\/figure>\r\n\t\t\t\t\t\t\t\t\t\t\t<div class=\"lower-content\">\r\n\t\t\t\t\t\t\t\t\t\t\t\t<h4><a href=\"\"  >DON  MINISTERE DES PECHES DE L'INFRASTRUCTURE MARINES ET PORTUAIRES<\/a><\/h4>\r\n\t\t\t\t\t\t\t\t\t\t\t\t<span class=\"designation\"><\/span>\r\n\t\t\t\t\t\t\t\t\t\t\t<\/div>\r\n\t\t\t\t\t\t\t\t\t\t<\/div>\r\n\t\t\t\t\t\t\t\t\t<\/div>\r\n\t\t\t\t\t\t\t\t<\/div>\r\n\t\t\t\t\t\t\t\t\t\t\t\t\t\t\t<div class=\"col-lg-3 col-md-6 col-sm-12 team-block\">\r\n\t\t\t\t\t\t\t\t\t<div class=\"team-block-one wow fadeInUp animated\">\r\n\t\t\t\t\t\t\t\t\t\t<div class=\"inner-box\">\r\n\t\t\t\t\t\t\t\t\t\t\t<figure class=\"image-box\">\r\n\t\t\t\t\t\t\t\t\t\t\t\t<img decoding=\"async\" width=\"2224\" height=\"1920\" src=\"https:\/\/isracrodt.sn\/wp-content\/uploads\/2025\/06\/Itaf-DEME-1.png\" class=\"attachment-full size-full\" alt=\"\" srcset=\"https:\/\/isracrodt.sn\/wp-content\/uploads\/2025\/06\/Itaf-DEME-1.png 2224w, https:\/\/isracrodt.sn\/wp-content\/uploads\/2025\/06\/Itaf-DEME-1-300x259.png 300w, https:\/\/isracrodt.sn\/wp-content\/uploads\/2025\/06\/Itaf-DEME-1-1024x884.png 1024w, https:\/\/isracrodt.sn\/wp-content\/uploads\/2025\/06\/Itaf-DEME-1-768x663.png 768w, https:\/\/isracrodt.sn\/wp-content\/uploads\/2025\/06\/Itaf-DEME-1-1536x1326.png 1536w, https:\/\/isracrodt.sn\/wp-content\/uploads\/2025\/06\/Itaf-DEME-1-2048x1768.png 2048w\" sizes=\"(max-width: 2224px) 100vw, 2224px\" \/>\t\t\t\t\t\t\t\t\t\t\t\t<ul class=\"social-style-one clearfix\">\r\n\t\t\t\t\t\t\t\t\t\t\t\t\t\t\t\t\t\t\t\t\t\t\t\t\t<\/ul>\r\n\t\t\t\t\t\t\t\t\t\t\t<\/figure>\r\n\t\t\t\t\t\t\t\t\t\t\t<div class=\"lower-content\">\r\n\t\t\t\t\t\t\t\t\t\t\t\t<h4><a href=\"\"  >ITAF DEME<\/a><\/h4>\r\n\t\t\t\t\t\t\t\t\t\t\t\t<span class=\"designation\"><\/span>\r\n\t\t\t\t\t\t\t\t\t\t\t<\/div>\r\n\t\t\t\t\t\t\t\t\t\t<\/div>\r\n\t\t\t\t\t\t\t\t\t<\/div>\r\n\t\t\t\t\t\t\t\t<\/div>\r\n\t\t\t\t\t\t\t\t\t\t\t\t\t<\/div>\r\n\t\t\t\t\t<\/div>\r\n\t\t\t\t<\/div>\r\n\t\t\t<\/section>\r\n\t\t\t<!-- team-section end -->\r\n\t\t\t\t\t\t<\/div>\n\t\t\t\t<\/div>\n\t\t\t\t\t<\/div>\n\t\t\t\t<\/div>\n\t\t\t\t<\/div>\n\t\t","protected":false},"excerpt":{"rendered":"<p>MISSION ET OBJECTIFS CENTRE DE RECHERCHES OCEANOGRAPHIQUE DE DAKAR THIAROYE Le CRODT\u00a0a pour mandat de contribuer au d\u00e9veloppement du secteur des p\u00eaches, de l\u2019\u00e9conomie maritime et continentale ainsi que de [&hellip;]<\/p>\n","protected":false},"author":1,"featured_media":0,"parent":0,"menu_order":0,"comment_status":"closed","ping_status":"closed","template":"","meta":{"om_disable_all_campaigns":false,"_monsterinsights_skip_tracking":false,"_monsterinsights_sitenote_active":false,"_monsterinsights_sitenote_note":"","_monsterinsights_sitenote_category":0,"footnotes":""},"class_list":["post-3352","page","type-page","status-publish","hentry"],"aioseo_notices":[],"_links":{"self":[{"href":"https:\/\/isracrodt.sn\/index.php\/wp-json\/wp\/v2\/pages\/3352","targetHints":{"allow":["GET"]}}],"collection":[{"href":"https:\/\/isracrodt.sn\/index.php\/wp-json\/wp\/v2\/pages"}],"about":[{"href":"https:\/\/isracrodt.sn\/index.php\/wp-json\/wp\/v2\/types\/page"}],"author":[{"embeddable":true,"href":"https:\/\/isracrodt.sn\/index.php\/wp-json\/wp\/v2\/users\/1"}],"replies":[{"embeddable":true,"href":"https:\/\/isracrodt.sn\/index.php\/wp-json\/wp\/v2\/comments?post=3352"}],"version-history":[{"count":15,"href":"https:\/\/isracrodt.sn\/index.php\/wp-json\/wp\/v2\/pages\/3352\/revisions"}],"predecessor-version":[{"id":5133,"href":"https:\/\/isracrodt.sn\/index.php\/wp-json\/wp\/v2\/pages\/3352\/revisions\/5133"}],"wp:attachment":[{"href":"https:\/\/isracrodt.sn\/index.php\/wp-json\/wp\/v2\/media?parent=3352"}],"curies":[{"name":"wp","href":"https:\/\/api.w.org\/{rel}","templated":true}]}}