{"id":3317,"date":"2021-05-04T09:01:12","date_gmt":"2021-05-04T09:01:12","guid":{"rendered":"http:\/\/localhost\/wp-themes\/laborex\/?page_id=11"},"modified":"2025-10-15T13:34:59","modified_gmt":"2025-10-15T11:34:59","slug":"about-us","status":"publish","type":"page","link":"https:\/\/isracrodt.sn\/index.php\/about-us\/","title":{"rendered":"\u00c0 propos  du CRODT"},"content":{"rendered":"\t\t<div data-elementor-type=\"wp-page\" data-elementor-id=\"3317\" class=\"elementor elementor-3317\">\n\t\t\t\t<div class=\"elementor-element elementor-element-f20ed84 e-flex e-con-boxed e-con e-parent\" data-id=\"f20ed84\" data-element_type=\"container\" data-e-type=\"container\">\n\t\t\t\t\t<div class=\"e-con-inner\">\n\t\t<div class=\"elementor-element elementor-element-ca9b269 e-con-full e-flex e-con e-child\" data-id=\"ca9b269\" data-element_type=\"container\" data-e-type=\"container\">\n\t\t\t\t<div class=\"elementor-element elementor-element-76edc47 elementor-widget__width-initial elementor-widget elementor-widget-image\" data-id=\"76edc47\" data-element_type=\"widget\" data-e-type=\"widget\" data-widget_type=\"image.default\">\n\t\t\t\t<div class=\"elementor-widget-container\">\n\t\t\t\t\t\t\t\t\t\t\t\t\t\t\t<img fetchpriority=\"high\" decoding=\"async\" width=\"532\" height=\"142\" src=\"https:\/\/isracrodt.sn\/wp-content\/uploads\/2025\/07\/BATIMENT-CRODT.jpg\" class=\"attachment-large size-large wp-image-4029\" alt=\"\" srcset=\"https:\/\/isracrodt.sn\/wp-content\/uploads\/2025\/07\/BATIMENT-CRODT.jpg 532w, https:\/\/isracrodt.sn\/wp-content\/uploads\/2025\/07\/BATIMENT-CRODT-300x80.jpg 300w\" sizes=\"(max-width: 532px) 100vw, 532px\" \/>\t\t\t\t\t\t\t\t\t\t\t\t\t\t\t<\/div>\n\t\t\t\t<\/div>\n\t\t\t\t<\/div>\n\t\t<div class=\"elementor-element elementor-element-627cc0b e-con-full e-flex e-con e-child\" data-id=\"627cc0b\" data-element_type=\"container\" data-e-type=\"container\">\n\t\t\t\t<div class=\"elementor-element elementor-element-60c336e elementor-widget elementor-widget-text-editor\" data-id=\"60c336e\" data-element_type=\"widget\" data-e-type=\"widget\" data-widget_type=\"text-editor.default\">\n\t\t\t\t<div class=\"elementor-widget-container\">\n\t\t\t\t\t\t\t\t\t<p>\u00a0<\/p><p style=\"text-align: justify;\"><span style=\"color: #000000;\"><span style=\"font-size: 14pt;\">Le Centre de Recherches Oc\u00e9anographiques de Dakar-Thiaroye (CRODT) est la structure nationale de r\u00e9f\u00e9rence de l\u2019Institut S\u00e9n\u00e9galais de Recherches Agricoles (ISRA) : <strong><a href=\"https:\/\/www.isra.sn\" target=\"_blank\" rel=\"noopener\">voir le portail<\/a> <\/strong><\/span><strong><span style=\"font-size: 14pt;\">, <\/span><\/strong><span style=\"font-size: 14pt;\">qui est un \u00e9tablissement public \u00e0 caract\u00e8re scientifique et technologique. Le CRODT, a en charge la recherche halieutique, aquacole et oc\u00e9anographique. Il a une mission d\u2019appui scientifique de la politique de l\u2019Etat en mati\u00e8re de gestion des ressources halieutiques et des p\u00eaches.\u00a0<\/span><\/span><\/p>\t\t\t\t\t\t\t\t<\/div>\n\t\t\t\t<\/div>\n\t\t\t\t<\/div>\n\t\t\t\t\t<\/div>\n\t\t\t\t<\/div>\n\t\t<div class=\"elementor-element elementor-element-cbe4dee e-flex e-con-boxed e-con e-parent\" data-id=\"cbe4dee\" data-element_type=\"container\" data-e-type=\"container\">\n\t\t\t\t\t<div class=\"e-con-inner\">\n\t\t\t\t<div class=\"elementor-element elementor-element-7edad19 elementor-widget elementor-widget-image\" data-id=\"7edad19\" data-element_type=\"widget\" data-e-type=\"widget\" data-widget_type=\"image.default\">\n\t\t\t\t<div class=\"elementor-widget-container\">\n\t\t\t\t\t\t\t\t\t\t\t\t\t\t\t<img decoding=\"async\" width=\"640\" height=\"640\" src=\"https:\/\/isracrodt.sn\/wp-content\/uploads\/2025\/07\/MELANGE-SECTEUR-PECHE-1024x1024.jpg\" class=\"attachment-large size-large wp-image-4035\" alt=\"\" srcset=\"https:\/\/isracrodt.sn\/wp-content\/uploads\/2025\/07\/MELANGE-SECTEUR-PECHE-1024x1024.jpg 1024w, https:\/\/isracrodt.sn\/wp-content\/uploads\/2025\/07\/MELANGE-SECTEUR-PECHE-300x300.jpg 300w, https:\/\/isracrodt.sn\/wp-content\/uploads\/2025\/07\/MELANGE-SECTEUR-PECHE-150x150.jpg 150w, https:\/\/isracrodt.sn\/wp-content\/uploads\/2025\/07\/MELANGE-SECTEUR-PECHE-768x768.jpg 768w, https:\/\/isracrodt.sn\/wp-content\/uploads\/2025\/07\/MELANGE-SECTEUR-PECHE.jpg 1080w\" sizes=\"(max-width: 640px) 100vw, 640px\" \/>\t\t\t\t\t\t\t\t\t\t\t\t\t\t\t<\/div>\n\t\t\t\t<\/div>\n\t\t\t\t\t<\/div>\n\t\t\t\t<\/div>\n\t\t\t\t<\/div>\n\t\t","protected":false},"excerpt":{"rendered":"<p>\u00a0 Le Centre de Recherches Oc\u00e9anographiques de Dakar-Thiaroye (CRODT) est la structure nationale de r\u00e9f\u00e9rence de l\u2019Institut S\u00e9n\u00e9galais de Recherches Agricoles (ISRA) : voir le portail , qui est un [&hellip;]<\/p>\n","protected":false},"author":1,"featured_media":3934,"parent":0,"menu_order":0,"comment_status":"closed","ping_status":"closed","template":"elementor_header_footer","meta":{"om_disable_all_campaigns":false,"_monsterinsights_skip_tracking":false,"_monsterinsights_sitenote_active":false,"_monsterinsights_sitenote_note":"","_monsterinsights_sitenote_category":0,"footnotes":""},"class_list":["post-3317","page","type-page","status-publish","has-post-thumbnail","hentry"],"aioseo_notices":[],"_links":{"self":[{"href":"https:\/\/isracrodt.sn\/index.php\/wp-json\/wp\/v2\/pages\/3317","targetHints":{"allow":["GET"]}}],"collection":[{"href":"https:\/\/isracrodt.sn\/index.php\/wp-json\/wp\/v2\/pages"}],"about":[{"href":"https:\/\/isracrodt.sn\/index.php\/wp-json\/wp\/v2\/types\/page"}],"author":[{"embeddable":true,"href":"https:\/\/isracrodt.sn\/index.php\/wp-json\/wp\/v2\/users\/1"}],"replies":[{"embeddable":true,"href":"https:\/\/isracrodt.sn\/index.php\/wp-json\/wp\/v2\/comments?post=3317"}],"version-history":[{"count":63,"href":"https:\/\/isracrodt.sn\/index.php\/wp-json\/wp\/v2\/pages\/3317\/revisions"}],"predecessor-version":[{"id":4640,"href":"https:\/\/isracrodt.sn\/index.php\/wp-json\/wp\/v2\/pages\/3317\/revisions\/4640"}],"wp:featuredmedia":[{"embeddable":true,"href":"https:\/\/isracrodt.sn\/index.php\/wp-json\/wp\/v2\/media\/3934"}],"wp:attachment":[{"href":"https:\/\/isracrodt.sn\/index.php\/wp-json\/wp\/v2\/media?parent=3317"}],"curies":[{"name":"wp","href":"https:\/\/api.w.org\/{rel}","templated":true}]}}